{"id":6036,"date":"2022-02-14T09:29:00","date_gmt":"2022-02-14T09:29:00","guid":{"rendered":"https:\/\/walsermundart.ch\/?page_id=6036"},"modified":"2022-08-08T13:23:08","modified_gmt":"2022-08-08T13:23:08","slug":"9-15-das-praettigau-heimatbuch","status":"publish","type":"page","link":"https:\/\/walsermundart.ch\/?page_id=6036","title":{"rendered":"7.25 &#8211; Heimatkunde von Peter Guler 1926"},"content":{"rendered":"\n<figure class=\"wp-block-image size-full is-resized\"><a href=\"https:\/\/walsermundart.ch\/?page_id=3877\"><img loading=\"lazy\" decoding=\"async\" src=\"https:\/\/walsermundart.ch\/wp-content\/uploads\/2022\/03\/Pfeil-zurueck-mini-1.jpg\" alt=\"\" class=\"wp-image-6871\" width=\"107\" height=\"69\"\/><\/a><\/figure>\n\n\n\n<p>Peter Guler hat viele Aufzeichnungen \u00fcber seine Heimat Klosters gemacht, die er aus gesundheitlichen Gr\u00fcnden nicht zu Ende f\u00fchren konnte. Fritz Schoellhorn hat Gulers Manuskripte 1926 in einem B\u00fcchlein gesammelt und herausgegeben, unwiederbringliche Erinnerungen an eine alte Zeit.<\/p>\n\n\n\n<figure class=\"wp-block-image size-full\"><img loading=\"lazy\" decoding=\"async\" width=\"522\" height=\"802\" src=\"https:\/\/walsermundart.ch\/wp-content\/uploads\/2022\/02\/Guler-Heimatkunde-Scan-korr-Snipping.jpg\" alt=\"\" class=\"wp-image-6216\" srcset=\"https:\/\/walsermundart.ch\/wp-content\/uploads\/2022\/02\/Guler-Heimatkunde-Scan-korr-Snipping.jpg 522w, https:\/\/walsermundart.ch\/wp-content\/uploads\/2022\/02\/Guler-Heimatkunde-Scan-korr-Snipping-195x300.jpg 195w\" sizes=\"auto, (max-width: 522px) 100vw, 522px\" \/><\/figure>\n\n\n\n<p>F\u00fcr alle, welche die alte Schrift noch lesen k\u00f6nnen, ist das Begleitwort hier eingef\u00fcgt.<\/p>\n\n\n\n<figure class=\"wp-block-image size-full\"><img loading=\"lazy\" decoding=\"async\" width=\"551\" height=\"889\" src=\"https:\/\/walsermundart.ch\/wp-content\/uploads\/2022\/02\/Guler-Heimatkunde-Seite1-Snipping.jpg\" alt=\"\" class=\"wp-image-6217\" srcset=\"https:\/\/walsermundart.ch\/wp-content\/uploads\/2022\/02\/Guler-Heimatkunde-Seite1-Snipping.jpg 551w, https:\/\/walsermundart.ch\/wp-content\/uploads\/2022\/02\/Guler-Heimatkunde-Seite1-Snipping-186x300.jpg 186w\" sizes=\"auto, (max-width: 551px) 100vw, 551px\" \/><\/figure>\n\n\n\n<p>Inhalt<\/p>\n\n\n\n<p>1. Holzet im Rh\u00e4tikon<\/p>\n\n\n\n<p>2. Der Wurzelsammler<\/p>\n\n\n\n<p>3. Der Bergbauer an der Silvretta<\/p>\n\n\n\n<p>4. Als Herbsthirt<\/p>\n\n\n\n<p>5. &#171;Sch\u00fctzer-Win&#187; <\/p>\n\n\n\n<p>6. Bergschulleben<\/p>\n\n\n\n<figure class=\"wp-block-image size-full is-resized\"><a href=\"https:\/\/walsermundart.ch\/?page_id=3877\"><img loading=\"lazy\" decoding=\"async\" src=\"https:\/\/walsermundart.ch\/wp-content\/uploads\/2022\/03\/Pfeil-zurueck-mini-1.jpg\" alt=\"\" class=\"wp-image-6871\" width=\"108\" height=\"70\"\/><\/a><\/figure>\n\n\n\n<p><\/p>\n","protected":false},"excerpt":{"rendered":"<p>Peter Guler hat viele Aufzeichnungen \u00fcber seine Heimat Klosters gemacht, die er aus gesundheitlichen Gr\u00fcnden nicht zu Ende f\u00fchren konnte. Fritz Schoellhorn hat Gulers Manuskripte&hellip;<\/p>\n","protected":false},"author":1,"featured_media":0,"parent":0,"menu_order":0,"comment_status":"closed","ping_status":"closed","template":"","meta":{"footnotes":""},"class_list":["post-6036","page","type-page","status-publish","hentry"],"_links":{"self":[{"href":"https:\/\/walsermundart.ch\/index.php?rest_route=\/wp\/v2\/pages\/6036","targetHints":{"allow":["GET"]}}],"collection":[{"href":"https:\/\/walsermundart.ch\/index.php?rest_route=\/wp\/v2\/pages"}],"about":[{"href":"https:\/\/walsermundart.ch\/index.php?rest_route=\/wp\/v2\/types\/page"}],"author":[{"embeddable":true,"href":"https:\/\/walsermundart.ch\/index.php?rest_route=\/wp\/v2\/users\/1"}],"replies":[{"embeddable":true,"href":"https:\/\/walsermundart.ch\/index.php?rest_route=%2Fwp%2Fv2%2Fcomments&post=6036"}],"version-history":[{"count":7,"href":"https:\/\/walsermundart.ch\/index.php?rest_route=\/wp\/v2\/pages\/6036\/revisions"}],"predecessor-version":[{"id":8125,"href":"https:\/\/walsermundart.ch\/index.php?rest_route=\/wp\/v2\/pages\/6036\/revisions\/8125"}],"wp:attachment":[{"href":"https:\/\/walsermundart.ch\/index.php?rest_route=%2Fwp%2Fv2%2Fmedia&parent=6036"}],"curies":[{"name":"wp","href":"https:\/\/api.w.org\/{rel}","templated":true}]}}