{"id":6040,"date":"2022-02-14T09:37:17","date_gmt":"2022-02-14T09:37:17","guid":{"rendered":"https:\/\/walsermundart.ch\/?page_id=6040"},"modified":"2026-03-24T19:03:15","modified_gmt":"2026-03-24T19:03:15","slug":"9-17-praettigauer-alpen","status":"publish","type":"page","link":"https:\/\/walsermundart.ch\/?page_id=6040","title":{"rendered":"7.27 &#8211; Gschichten\u00e4 vam Chloschter"},"content":{"rendered":"\n<figure class=\"wp-block-image size-full is-resized\"><a href=\"https:\/\/walsermundart.ch\/?page_id=3877\"><img loading=\"lazy\" decoding=\"async\" width=\"268\" height=\"173\" src=\"https:\/\/walsermundart.ch\/wp-content\/uploads\/2022\/03\/Pfeil-zurueck-mini-1.jpg\" alt=\"\" class=\"wp-image-6871\" style=\"width:107px;height:69px\"\/><\/a><\/figure>\n\n\n\n<figure class=\"wp-block-image size-full\"><img loading=\"lazy\" decoding=\"async\" width=\"634\" height=\"895\" src=\"https:\/\/walsermundart.ch\/wp-content\/uploads\/2022\/02\/Hew-Klosters-Snipping.jpg\" alt=\"\" class=\"wp-image-6281\" srcset=\"https:\/\/walsermundart.ch\/wp-content\/uploads\/2022\/02\/Hew-Klosters-Snipping.jpg 634w, https:\/\/walsermundart.ch\/wp-content\/uploads\/2022\/02\/Hew-Klosters-Snipping-213x300.jpg 213w\" sizes=\"auto, (max-width: 634px) 100vw, 634px\" \/><\/figure>\n\n\n\n<p>Dem Buch liegt eine CD bei!<\/p>\n\n\n\n<p>Im Geleitwort zu Gschichten\u00e4 vam Chloschter, verfasst von Cordula Hitz-Walser, steht ein Gedicht von Peter Guler (1885-1973), das wir uns zu Herzen nehmen:<\/p>\n\n\n\n<pre class=\"wp-block-code\"><code>H\u00e4id mr Soorg zur H\u00e4imetspraach,\nvrl\u00e4\u00e4rned mr sch\u00e4 nid!\n\u00c4s g\u00e4id da um \u00e4n groossi Sach\nin \u00fcnscher n\u00fc\u00fcwen Ziit,\n\nwa s\u00f6vel us dr Mode g\u00e4id,\nnid v\u00fc\u00fcrneem gnueg mee schiint,\nmengs, was \u00e4im fr\u00fcejer \u00e4ttes gs\u00e4id,\nim Gr\u00fcmpelgmach verschwindt.\n\nBald ruschet s wie \u00e4 wiite Waald,\nbald singt s wie Ggloggegl\u00fc\u00fct,\n- \u00fcns Walsert\u00fc\u00fctsch - drum gfallt s mr halt,\nund s gh\u00f6\u00f6rt zun \u00fcnschne L\u00fc\u00fct \u2026 \n<\/code><\/pre>\n\n\n\n<figure class=\"wp-block-audio\"><audio controls src=\"https:\/\/walsermundart.ch\/wp-content\/uploads\/2022\/03\/Geisslergschicht-Hew.mp3\"><\/audio><\/figure>\n\n\n\n<p>Hier der Anfang der ersten Geschichte, um den Speck durch den Mund zu ziehen. Luzeiner und Peister h\u00f6ren sich hier selbst. Nur bei den Verben haben sie das -en verloren.<\/p>\n\n\n\n<figure class=\"wp-block-image size-full is-resized\"><a href=\"https:\/\/walsermundart.ch\/?page_id=3877\"><img loading=\"lazy\" decoding=\"async\" width=\"268\" height=\"173\" src=\"https:\/\/walsermundart.ch\/wp-content\/uploads\/2022\/03\/Pfeil-zurueck-mini-1.jpg\" alt=\"\" class=\"wp-image-6871\" style=\"width:107px;height:69px\"\/><\/a><\/figure>\n","protected":false},"excerpt":{"rendered":"<p>Dem Buch liegt eine CD bei! Im Geleitwort zu Gschichten\u00e4 vam Chloschter, verfasst von Cordula Hitz-Walser, steht ein Gedicht von Peter Guler (1885-1973), das wir&hellip;<\/p>\n","protected":false},"author":1,"featured_media":0,"parent":0,"menu_order":0,"comment_status":"closed","ping_status":"closed","template":"","meta":{"footnotes":""},"class_list":["post-6040","page","type-page","status-publish","hentry"],"_links":{"self":[{"href":"https:\/\/walsermundart.ch\/index.php?rest_route=\/wp\/v2\/pages\/6040","targetHints":{"allow":["GET"]}}],"collection":[{"href":"https:\/\/walsermundart.ch\/index.php?rest_route=\/wp\/v2\/pages"}],"about":[{"href":"https:\/\/walsermundart.ch\/index.php?rest_route=\/wp\/v2\/types\/page"}],"author":[{"embeddable":true,"href":"https:\/\/walsermundart.ch\/index.php?rest_route=\/wp\/v2\/users\/1"}],"replies":[{"embeddable":true,"href":"https:\/\/walsermundart.ch\/index.php?rest_route=%2Fwp%2Fv2%2Fcomments&post=6040"}],"version-history":[{"count":12,"href":"https:\/\/walsermundart.ch\/index.php?rest_route=\/wp\/v2\/pages\/6040\/revisions"}],"predecessor-version":[{"id":8889,"href":"https:\/\/walsermundart.ch\/index.php?rest_route=\/wp\/v2\/pages\/6040\/revisions\/8889"}],"wp:attachment":[{"href":"https:\/\/walsermundart.ch\/index.php?rest_route=%2Fwp%2Fv2%2Fmedia&parent=6040"}],"curies":[{"name":"wp","href":"https:\/\/api.w.org\/{rel}","templated":true}]}}