{"id":6044,"date":"2022-02-14T09:43:08","date_gmt":"2022-02-14T09:43:08","guid":{"rendered":"https:\/\/walsermundart.ch\/?page_id=6044"},"modified":"2022-08-08T13:21:31","modified_gmt":"2022-08-08T13:21:31","slug":"9-19-kolumnen","status":"publish","type":"page","link":"https:\/\/walsermundart.ch\/?page_id=6044","title":{"rendered":"7.24 &#8211; Kolumnen"},"content":{"rendered":"\n<figure class=\"wp-block-image size-full is-resized\"><a href=\"https:\/\/walsermundart.ch\/?page_id=3877\"><img loading=\"lazy\" decoding=\"async\" src=\"https:\/\/walsermundart.ch\/wp-content\/uploads\/2022\/03\/Pfeil-zurueck-mini-1.jpg\" alt=\"\" class=\"wp-image-6871\" width=\"108\" height=\"70\"\/><\/a><\/figure>\n\n\n\n<p>Hier sind Dialektkolumnen aufgelistet, erschienen im Pr\u00e4ttigauer und Herrsch\u00e4ftler <strong>P&amp;H<\/strong>, in der S\u00fcdostschweiz <strong>SO<\/strong> und in der B\u00fcndner Woche <strong>BW<\/strong>. Die Tabelle ist l\u00fcckenhaft, Erg\u00e4nzungen sind willkommen. Die Kolumnen sind f\u00fcr Abonnenten der genannten Zeitungen \u00fcber die Online-Ausgaben erreichbar, in der SO ab 1996, im P&amp;H ab 2016. Vielleicht macht die Tabelle weiteren Zeitungsleserinnen und -lesern Mut, auch Dialekttexte zu ver\u00f6ffentlich.<\/p>\n\n\n\n<figure class=\"wp-block-image size-full\"><img loading=\"lazy\" decoding=\"async\" width=\"854\" height=\"583\" src=\"https:\/\/walsermundart.ch\/wp-content\/uploads\/2022\/02\/Kolumnen-Ausschnitt-1.jpg\" alt=\"\" class=\"wp-image-6149\" srcset=\"https:\/\/walsermundart.ch\/wp-content\/uploads\/2022\/02\/Kolumnen-Ausschnitt-1.jpg 854w, https:\/\/walsermundart.ch\/wp-content\/uploads\/2022\/02\/Kolumnen-Ausschnitt-1-300x205.jpg 300w, https:\/\/walsermundart.ch\/wp-content\/uploads\/2022\/02\/Kolumnen-Ausschnitt-1-768x524.jpg 768w\" sizes=\"auto, (max-width: 854px) 100vw, 854px\" \/><\/figure>\n\n\n\n<figure class=\"wp-block-image size-full\"><img loading=\"lazy\" decoding=\"async\" width=\"858\" height=\"903\" src=\"https:\/\/walsermundart.ch\/wp-content\/uploads\/2022\/02\/Kolumnen-Ausschnitt-2.jpg\" alt=\"\" class=\"wp-image-6150\" srcset=\"https:\/\/walsermundart.ch\/wp-content\/uploads\/2022\/02\/Kolumnen-Ausschnitt-2.jpg 858w, https:\/\/walsermundart.ch\/wp-content\/uploads\/2022\/02\/Kolumnen-Ausschnitt-2-285x300.jpg 285w, https:\/\/walsermundart.ch\/wp-content\/uploads\/2022\/02\/Kolumnen-Ausschnitt-2-768x808.jpg 768w\" sizes=\"auto, (max-width: 858px) 100vw, 858px\" \/><\/figure>\n\n\n\n<figure class=\"wp-block-image size-full\"><img loading=\"lazy\" decoding=\"async\" width=\"856\" height=\"583\" src=\"https:\/\/walsermundart.ch\/wp-content\/uploads\/2022\/02\/Kolumnen-Ausschnitt-3-1.jpg\" alt=\"\" class=\"wp-image-6152\" srcset=\"https:\/\/walsermundart.ch\/wp-content\/uploads\/2022\/02\/Kolumnen-Ausschnitt-3-1.jpg 856w, https:\/\/walsermundart.ch\/wp-content\/uploads\/2022\/02\/Kolumnen-Ausschnitt-3-1-300x204.jpg 300w, https:\/\/walsermundart.ch\/wp-content\/uploads\/2022\/02\/Kolumnen-Ausschnitt-3-1-768x523.jpg 768w\" sizes=\"auto, (max-width: 856px) 100vw, 856px\" \/><\/figure>\n\n\n\n<p>Die Beitr\u00e4ge von Zummatomi und Fl\u00fcgg vam B\u00e4rg sind in der Rubrik Gluoget, gloset und g\u00e4deicht erschienen und haben keine Titel. Die Stichworte hier sind dem Text entnommen. Der Verfasser ist Fluri Aliesch. Er hat Beitr\u00e4ge ver\u00f6ffentlicht unter den Namen \u201eAeff A.\u201c, \u201eGudl\u00e4martisch Happ\u201c, \u201eZumm\u00e4tomi\u201c und heute unter \u201eFl\u00fcgg vam B\u00e4rg\u201c. Ab dem Jahr 2016 sind seine im P&amp;H erschienenen Kolumnen in der Online-Ausgabe des P&amp;H nachzulesen (ganz rechts auf der aktuellen Seite: Suchen, Archiv.)<\/p>\n\n\n\n<p>Fluri Aliesch hat ein B\u00fcchlein herausgegeben mit dem Titel <strong>Gluoget, gloset und g\u00e4deicht<\/strong>. Fluri Aliesch wird unter <strong>7 Luzein<\/strong> (anw\u00e4hlen auf der Startseite) ausf\u00fchrlicher vorgestellt.<\/p>\n\n\n\n<figure class=\"wp-block-image size-full is-resized\"><a href=\"https:\/\/walsermundart.ch\/?page_id=3877\"><img loading=\"lazy\" decoding=\"async\" src=\"https:\/\/walsermundart.ch\/wp-content\/uploads\/2022\/03\/Pfeil-zurueck-mini-1.jpg\" alt=\"\" class=\"wp-image-6871\" width=\"106\" height=\"68\"\/><\/a><\/figure>\n","protected":false},"excerpt":{"rendered":"<p>Hier sind Dialektkolumnen aufgelistet, erschienen im Pr\u00e4ttigauer und Herrsch\u00e4ftler P&amp;H, in der S\u00fcdostschweiz SO und in der B\u00fcndner Woche BW. Die Tabelle ist l\u00fcckenhaft, Erg\u00e4nzungen&hellip;<\/p>\n","protected":false},"author":1,"featured_media":0,"parent":0,"menu_order":0,"comment_status":"closed","ping_status":"closed","template":"","meta":{"footnotes":""},"class_list":["post-6044","page","type-page","status-publish","hentry"],"_links":{"self":[{"href":"https:\/\/walsermundart.ch\/index.php?rest_route=\/wp\/v2\/pages\/6044","targetHints":{"allow":["GET"]}}],"collection":[{"href":"https:\/\/walsermundart.ch\/index.php?rest_route=\/wp\/v2\/pages"}],"about":[{"href":"https:\/\/walsermundart.ch\/index.php?rest_route=\/wp\/v2\/types\/page"}],"author":[{"embeddable":true,"href":"https:\/\/walsermundart.ch\/index.php?rest_route=\/wp\/v2\/users\/1"}],"replies":[{"embeddable":true,"href":"https:\/\/walsermundart.ch\/index.php?rest_route=%2Fwp%2Fv2%2Fcomments&post=6044"}],"version-history":[{"count":14,"href":"https:\/\/walsermundart.ch\/index.php?rest_route=\/wp\/v2\/pages\/6044\/revisions"}],"predecessor-version":[{"id":8124,"href":"https:\/\/walsermundart.ch\/index.php?rest_route=\/wp\/v2\/pages\/6044\/revisions\/8124"}],"wp:attachment":[{"href":"https:\/\/walsermundart.ch\/index.php?rest_route=%2Fwp%2Fv2%2Fmedia&parent=6044"}],"curies":[{"name":"wp","href":"https:\/\/api.w.org\/{rel}","templated":true}]}}