{"id":6057,"date":"2022-02-14T19:42:21","date_gmt":"2022-02-14T19:42:21","guid":{"rendered":"https:\/\/walsermundart.ch\/?page_id=6057"},"modified":"2022-08-08T08:40:48","modified_gmt":"2022-08-08T08:40:48","slug":"9-08-d-wassrhuettae","status":"publish","type":"page","link":"https:\/\/walsermundart.ch\/?page_id=6057","title":{"rendered":"6.27 &#8211; D Wassrh\u00fctt\u00e4"},"content":{"rendered":"\n<figure class=\"wp-block-image size-full is-resized\"><a href=\"https:\/\/walsermundart.ch\/?page_id=399\"><img loading=\"lazy\" decoding=\"async\" src=\"https:\/\/walsermundart.ch\/wp-content\/uploads\/2022\/03\/Pfeil-zurueck-mini-1.jpg\" alt=\"\" class=\"wp-image-6871\" width=\"105\" height=\"68\"\/><\/a><\/figure>\n\n\n\n<p><strong>Erinnerungen von T\u00f6ni am Bach<\/strong> (T\u00f6ni Engel)<\/p>\n\n\n\n<p><em>Ort: Strassberg <\/em>&#8211; <em>Fondei, Sommer 1927<\/em><\/p>\n\n\n\n<p>Dia Wassrh\u00fctt\u00e4 steid am Strass-<br>b\u00e4rg zw\u00fcsch\u00e4d Xandrsch Utisch<br>und Antonisch Huus, im T\u00f6bali.<br>s ischt as g\u00e4zimmr\u00e4ts Geb\u00fc van<br>3 uf 4 Metr und \u00e4tt\u00e4n 2 Metr<br>H\u00f6hi, am Gibl m\u00f6gans 3 Metr<br>syn. Z B\u00e4chji lauft d\u00fcr d H\u00fctt\u00e4n<br>ab uf d\u00e4 Stafl. Dr gross Brunn\u00e4n<br>ischt \u00e4tt\u00e4 4 Metr leng\u00e4 und ischt<br>usama Rundholz usgh\u00f6lt, \u00e4tt\u00e4n<br>80 bis 90 cm D\u00fcrrm\u00e4ssr. Ds Wassr<br>van dr H\u00fctt\u00e4 chund 100 Metr<br>wiitr dobna usm Bod\u00e4. As ischt<br>an Quell\u00e4 wa z ganz Jahr glich vi-<br>il Wassr hed und di einzig wa f\u00fcr<br>alli Strassb\u00e4rgr Hushaltig\u00e4 sichr<br>und subrs Wassr gid. Dia Quell\u00e4<br>ischt uf \u00fcnschm Hennb\u00fcal, da<br>h\u00e4tt\u00e4nd \u00fcnschi Ahn\u00e4n scho lang<br>ch\u00f6nn\u00e4 Wassrziis verlang\u00e4n, abr<br>as sind \u00e4b\u00e4n Engl\u00e4. Wemm\u00e4<br>z N\u00fcischt\u00e4 \u00e4rfahra will, muass m\u00e4<br>in d Wassrh\u00fctta. Da heds albig 3<br>bis 5 Frau\u00e4n bin\u00e4nand. Da w\u00e4r-<br>d\u00e4nd Lug\u00e4n\u00e4, Gr\u00fcchtji und Wahr-<br>heit\u00e4 gred daschi di Tr\u00e4m\u00e4 van dr<br>H\u00fctt\u00e4 fascht beugg\u00e4nd.<\/p>\n\n\n\n<p>I bin as sieb\u00e4jerigs Buabi und n\u00fc-<br>man \u00e4t\u00e4n amal as Chess\u00e4li und<br>gang d\u00fcr int Wassrh\u00fctta gan los\u00e4<br>was dia Wybr als z\u00e4mm\u00e4red\u00e4nd.<br>Da seid Elsi zun Gret\u00e4n: \u00abI han<br>gh\u00f6rt s\u00e4g\u00e4n das eua Petr das Huus<br>am Teil am\u00e4 Undrlendr v\u00e4rchauf\u00e4<br>welli. D\u00e4r wetti da as Feri\u00e4nhus<br>iricht\u00e4.\u00bb \u00abJa und? Darf \u00e4r das<br>nid?\u00bb \u00abSchon, abr wenn den da<br>der\u00e4 jung\u00e4 M\u00e4iti\u00e4 mit den chur-<br>z\u00e4n R\u00f6gg umrlauf\u00e4nd, ischt das<br>nid guat f\u00fcr \u00fcnschr P\u00fcrscht.\u00bb \u00abBi-<br>warisch dr tuusig Gott wa l\u00e4bscht<br>den du?\u00bb \u00abUnd wenn da dri dera<br>jung\u00e4 Tirolrchn\u00e4cht\u00e4 am Strass-<br>b\u00e4rg sind? Ischt das bessr f\u00fcr<br>\u00fcnschi M\u00e4iti\u00e4n?\u00bb<\/p>\n\n\n\n<p>Ds Anni \u00e4rzelt<br>dasch in dr Nacht hei m\u00fc\u00e4ss\u00e4n<br>ufstan und d\u00fcr in d\u00e4 Stall. da<br>hei an Geiss unheimli gmekr\u00e4t.<br>Wiasch zum Stall chon sii,<br>heisch gsehn aswas fortspring\u00e4n.<br>Ja as sii wahrschinli a Fux gsinn.<br>Wiasch dua widrm ins Hus d\u00fcr<br>sii, heisch d\u00e4n\u00e4 bim Spychr aswas<br>wyss\u00e4sch gsehn. Das sii da umr-<br>gloff\u00e4n. Utti meind: \u00abJa hescht<br>den ghein Angscht ghan?\u00bb<br>\u00abSchon, abr herrschaft seit\u00e4n was<br>hani den well\u00e4n?\u00bb Jez heisch<br>doch dr Gufrgeischt gsehn, das<br>chan n\u00fcd andrscht gsii siin und<br>d\u00e4r ischt ja kein B\u00f6scha.<\/p>\n\n\n\n<p>Ds Dorli<br>seid schi sii dajez indr R\u00fcti dinn\u00e4<br>gsin. Da hei\u00e4nsch as r\u00e4cht lutsch-<br>tig ghan. Dr alt Campaniari hei<br>\u00e4rzelt wia schini Mamm\u00e4 f\u00fcr d\u00e4<br>Wintr Hos\u00e4 gmach\u00e4d hei us Gr\u00fc-<br>sch\u00e4-Seck. Das heim\u00e4 ja undr<br>denn\u00e4 leng\u00e4 R\u00f6gg nid gsehn. Un-<br>n\u00e4 hei\u00e4nsch zwei L\u00f6chr gmach\u00e4d<br>und obn\u00e4 midr\u00e4 Schnuar z\u00e4m\u00e4n-<br>g\u00e4bund\u00e4.<\/p>\n\n\n\n<p>Uti meind gescht hei dr<br>chlein Hansi inra Schwynteubi di<br>ganz Chuchi z\u00e4m\u00e4ngschlag\u00e4n. Ja<br>deschgatig L\u00fc\u00fct sind halt unbe-<br>r\u00e4ch\u00e4nbar. Gret\u00e4n seid schi hei<br>gh\u00f6rt s\u00e4g\u00e4n dr Xandr welli in dr<br>Seematt\u00e4 as H\u00fc\u00fcschi ufstell\u00e4, \u00e4r<br>ch\u00fcni ja nid albig im Stall schla-<br>f\u00e4n. In dr Hald\u00e4 dinn\u00e4 hei\u00e4ndsch<br>ds alt H\u00fcschi abg\u00e4broch\u00e4n, \u00e4s hei<br>zwar n\u00fcmm\u00e4 viel abzbr\u00e4ch\u00e4n g\u00e4n,<br>schi sii scho fascht am Bod\u00e4n gsinn.<\/p>\n\n\n\n<p>Gret\u00e4 hei geschtr<br>d Ch\u00e4sig ghan, den heisch dam<br>Senn m\u00fcass\u00e4n z Mar\u00e4nd mach\u00e4n.<br>Ja schi heis ganz grus\u00e4d. Das sii<br>den an Uflat mit \u00e4ss\u00e4n. Ds Elsi<br>meint, das dr grusig rych\u00e4n Brua-<br>drsch Christ\u00e4nsch Christ\u00e4n di<br>Pr\u00fcafig f\u00fcr d\u00e4 Vehh\u00e4ndlr gma-<br>ch\u00e4d hei. As g\u00fcangi noch viel<br>wiitr, abr jez muassi h\u00fcr\u00e4n. Di\u00e4<br>Wassrh\u00fctt\u00e4n ischt z reinscht In-<br>formationszentrum. Dia paar Sa-<br>ch\u00e4n hani nu inr\u00e4 Halbstund uf-<br>gschnapp\u00e4t. Was da eim Tag z\u00e4m-<br>m\u00e4chund geb an grossi Zitig.<\/p>\n\n\n\n<figure class=\"wp-block-image size-full is-resized\"><a href=\"https:\/\/walsermundart.ch\/?page_id=399\"><img loading=\"lazy\" decoding=\"async\" src=\"https:\/\/walsermundart.ch\/wp-content\/uploads\/2022\/03\/Pfeil-zurueck-mini-1.jpg\" alt=\"\" class=\"wp-image-6871\" width=\"104\" height=\"67\"\/><\/a><\/figure>\n","protected":false},"excerpt":{"rendered":"<p>Erinnerungen von T\u00f6ni am Bach (T\u00f6ni Engel) Ort: Strassberg &#8211; Fondei, Sommer 1927 Dia Wassrh\u00fctt\u00e4 steid am Strass-b\u00e4rg zw\u00fcsch\u00e4d Xandrsch Utischund Antonisch Huus, im T\u00f6bali.s&hellip;<\/p>\n","protected":false},"author":1,"featured_media":0,"parent":0,"menu_order":0,"comment_status":"closed","ping_status":"closed","template":"","meta":{"footnotes":""},"class_list":["post-6057","page","type-page","status-publish","hentry"],"_links":{"self":[{"href":"https:\/\/walsermundart.ch\/index.php?rest_route=\/wp\/v2\/pages\/6057","targetHints":{"allow":["GET"]}}],"collection":[{"href":"https:\/\/walsermundart.ch\/index.php?rest_route=\/wp\/v2\/pages"}],"about":[{"href":"https:\/\/walsermundart.ch\/index.php?rest_route=\/wp\/v2\/types\/page"}],"author":[{"embeddable":true,"href":"https:\/\/walsermundart.ch\/index.php?rest_route=\/wp\/v2\/users\/1"}],"replies":[{"embeddable":true,"href":"https:\/\/walsermundart.ch\/index.php?rest_route=%2Fwp%2Fv2%2Fcomments&post=6057"}],"version-history":[{"count":6,"href":"https:\/\/walsermundart.ch\/index.php?rest_route=\/wp\/v2\/pages\/6057\/revisions"}],"predecessor-version":[{"id":8095,"href":"https:\/\/walsermundart.ch\/index.php?rest_route=\/wp\/v2\/pages\/6057\/revisions\/8095"}],"wp:attachment":[{"href":"https:\/\/walsermundart.ch\/index.php?rest_route=%2Fwp%2Fv2%2Fmedia&parent=6057"}],"curies":[{"name":"wp","href":"https:\/\/api.w.org\/{rel}","templated":true}]}}