{"id":6437,"date":"2022-02-26T09:49:50","date_gmt":"2022-02-26T09:49:50","guid":{"rendered":"https:\/\/walsermundart.ch\/?page_id=6437"},"modified":"2024-02-21T18:09:53","modified_gmt":"2024-02-21T18:09:53","slug":"9-25-geschichtliches","status":"publish","type":"page","link":"https:\/\/walsermundart.ch\/?page_id=6437","title":{"rendered":"9.04 Geschichtliches"},"content":{"rendered":"\n<figure class=\"wp-block-image size-full is-resized\"><a href=\"https:\/\/walsermundart.ch\/?page_id=2483\"><img loading=\"lazy\" decoding=\"async\" width=\"268\" height=\"173\" src=\"https:\/\/walsermundart.ch\/wp-content\/uploads\/2022\/03\/Pfeil-zurueck-mini-1.jpg\" alt=\"\" class=\"wp-image-6871\" style=\"width:107px;height:69px\"\/><\/a><\/figure>\n\n\n\n<p>Hier sollen nur ein paar Hinweise zur Geschichte folgen. Geschichtliches \u00fcber Davos steht in B\u00fcchern und im Internet reichlich zur Verf\u00fcgung. B\u00fccher sind hier unter <strong>9 Literatur, 9.21 Walserliteratur <\/strong>aufgelistet, zwei Internetseiten k\u00f6nnen hier angeklickt werden:<\/p>\n\n\n\n<p><a href=\"https:\/\/www.gemeindedavos.ch\/de\/ueberdavos\/fakten\/geschichtliches\/geschichtlicherueberblick\/\" target=\"_blank\" rel=\"noreferrer noopener\">https:\/\/www.gemeindedavos.ch\/de\/ueberdavos\/fakten\/geschichtliches\/geschichtlicherueberblick\/<\/a><\/p>\n\n\n\n<p><a href=\"https:\/\/de.wikipedia.org\/wiki\/Davos\" target=\"_blank\" rel=\"noreferrer noopener\">https:\/\/de.wikipedia.org\/wiki\/Davos<\/a><\/p>\n\n\n\n<figure class=\"wp-block-image size-full\"><img loading=\"lazy\" decoding=\"async\" width=\"713\" height=\"571\" src=\"https:\/\/walsermundart.ch\/wp-content\/uploads\/2022\/02\/Davos-swisstopo-Fraktionen-Snipping-1.jpg\" alt=\"\" class=\"wp-image-6443\" srcset=\"https:\/\/walsermundart.ch\/wp-content\/uploads\/2022\/02\/Davos-swisstopo-Fraktionen-Snipping-1.jpg 713w, https:\/\/walsermundart.ch\/wp-content\/uploads\/2022\/02\/Davos-swisstopo-Fraktionen-Snipping-1-300x240.jpg 300w\" sizes=\"auto, (max-width: 713px) 100vw, 713px\" \/><figcaption class=\"wp-element-caption\">Die Gemeinde Davos mit ihren sechs Fraktionen (ungef\u00e4hrer Grenzverlauf)<\/figcaption><\/figure>\n\n\n\n<p>Die Fraktionen sind aus den Nachbarschaften hervorgegangen. Den Begriff Fraktion erw\u00e4hnt Andreas Laely in Davoser Heimatkunde erst fast am Schluss (Seite 258) im Zusammenhang mit der Schaffung eines Zentralschulrats im Jahr 1883. Das Landbuch w\u00fcrde wohl Aufschluss dar\u00fcber geben, wann die Fraktionen gebildet wurden. Im vergangenen Jahrhundert waren alle f\u00fcnf Fraktionen gleichberechtigt und zust\u00e4ndig f\u00fcr Friedhof, Feuerwehr und Primarschule (in Monstein auch f\u00fcr den Wald). Jede Fraktion erhob zu diesem Zweck eigene Steuern. F\u00fcr alle weiteren Aufgaben einer Gemeinde gab es eine eigene Legislative (Grosser Landrat) und eine Exekutive (Kleiner Landrat, pr\u00e4sidiert vom Landammann). Neben dem Kreislandammann (der das Kreisgericht, das Strafgericht, pr\u00e4sidierte), gab es also auch den Gemeindelandammann (Gemeindepr\u00e4sident). <\/p>\n\n\n\n<p>Auf den 1. Januar 2009 schloss sich <strong>Wiesen <\/strong>ihrer grossen Nachbargemeinde an, so dass die sogenannte <strong>Gemeinde Landschaft Davos <\/strong>fortan aus sechs Fraktionen bestand. 2016 wurde das B\u00fcndner Gerichtswesen neu geordnet, die Kreise wurden aufgehoben, und anstelle der Bezirksgerichte gibt es nun elf Regionen. Eine davon ist Pr\u00e4ttigau\/Davos.<\/p>\n\n\n\n<p>Die Fraktionen haben keine Verwaltungsaufgaben mehr, einzig Monstein hat Wert darauf gelegt, gewisse Befugnisse noch im Dorf zu behalten. Alle Fraktionen sind gefordert, unter Mithilfe von Vereinen, noch eine eigene Identit\u00e4t zu erhalten.<\/p>\n\n\n\n<p>Davos nennt sich heute <strong>Gemeinde Davos<\/strong>. Das Landwassertal hat eine ganz besondere Entwicklung durchgemacht. Platz und Dorf sind sehr stark gewachsen, viele Menschen sind von ausw\u00e4rts zugezogen. Es erstaunt nicht, dass der angestammte Walserdialekt gef\u00e4hrdet ist.<\/p>\n\n\n\n<figure class=\"wp-block-image size-large\"><img loading=\"lazy\" decoding=\"async\" width=\"1024\" height=\"275\" src=\"https:\/\/walsermundart.ch\/wp-content\/uploads\/2022\/02\/Davos-Bevoelkerungszahl-Snipping-1024x275.jpg\" alt=\"\" class=\"wp-image-6446\" srcset=\"https:\/\/walsermundart.ch\/wp-content\/uploads\/2022\/02\/Davos-Bevoelkerungszahl-Snipping-1024x275.jpg 1024w, https:\/\/walsermundart.ch\/wp-content\/uploads\/2022\/02\/Davos-Bevoelkerungszahl-Snipping-300x81.jpg 300w, https:\/\/walsermundart.ch\/wp-content\/uploads\/2022\/02\/Davos-Bevoelkerungszahl-Snipping-768x206.jpg 768w, https:\/\/walsermundart.ch\/wp-content\/uploads\/2022\/02\/Davos-Bevoelkerungszahl-Snipping.jpg 1225w\" sizes=\"auto, (max-width: 1024px) 100vw, 1024px\" \/><figcaption class=\"wp-element-caption\"><sup>Grafik: Wikipedia<\/sup><\/figcaption><\/figure>\n\n\n\n<figure class=\"wp-block-image size-full is-resized\"><a href=\"https:\/\/walsermundart.ch\/?page_id=2483\"><img loading=\"lazy\" decoding=\"async\" width=\"531\" height=\"410\" src=\"https:\/\/walsermundart.ch\/wp-content\/uploads\/2021\/12\/Pfeil-zurueck-grau-red.jpg\" alt=\"\" class=\"wp-image-5058\" style=\"width:129px;height:100px\" srcset=\"https:\/\/walsermundart.ch\/wp-content\/uploads\/2021\/12\/Pfeil-zurueck-grau-red.jpg 531w, https:\/\/walsermundart.ch\/wp-content\/uploads\/2021\/12\/Pfeil-zurueck-grau-red-300x232.jpg 300w\" sizes=\"auto, (max-width: 531px) 100vw, 531px\" \/><\/a><\/figure>\n\n\n\n<p><\/p>\n","protected":false},"excerpt":{"rendered":"<p>Hier sollen nur ein paar Hinweise zur Geschichte folgen. Geschichtliches \u00fcber Davos steht in B\u00fcchern und im Internet reichlich zur Verf\u00fcgung. B\u00fccher sind hier unter&hellip;<\/p>\n","protected":false},"author":1,"featured_media":0,"parent":0,"menu_order":0,"comment_status":"closed","ping_status":"closed","template":"","meta":{"footnotes":""},"class_list":["post-6437","page","type-page","status-publish","hentry"],"_links":{"self":[{"href":"https:\/\/walsermundart.ch\/index.php?rest_route=\/wp\/v2\/pages\/6437","targetHints":{"allow":["GET"]}}],"collection":[{"href":"https:\/\/walsermundart.ch\/index.php?rest_route=\/wp\/v2\/pages"}],"about":[{"href":"https:\/\/walsermundart.ch\/index.php?rest_route=\/wp\/v2\/types\/page"}],"author":[{"embeddable":true,"href":"https:\/\/walsermundart.ch\/index.php?rest_route=\/wp\/v2\/users\/1"}],"replies":[{"embeddable":true,"href":"https:\/\/walsermundart.ch\/index.php?rest_route=%2Fwp%2Fv2%2Fcomments&post=6437"}],"version-history":[{"count":9,"href":"https:\/\/walsermundart.ch\/index.php?rest_route=\/wp\/v2\/pages\/6437\/revisions"}],"predecessor-version":[{"id":8757,"href":"https:\/\/walsermundart.ch\/index.php?rest_route=\/wp\/v2\/pages\/6437\/revisions\/8757"}],"wp:attachment":[{"href":"https:\/\/walsermundart.ch\/index.php?rest_route=%2Fwp%2Fv2%2Fmedia&parent=6437"}],"curies":[{"name":"wp","href":"https:\/\/api.w.org\/{rel}","templated":true}]}}