{"id":6539,"date":"2022-03-03T20:31:54","date_gmt":"2022-03-03T20:31:54","guid":{"rendered":"https:\/\/walsermundart.ch\/?page_id=6539"},"modified":"2022-08-08T13:26:38","modified_gmt":"2022-08-08T13:26:38","slug":"9-21-schaelleria","status":"publish","type":"page","link":"https:\/\/walsermundart.ch\/?page_id=6539","title":{"rendered":"7.28 &#8211; Sch\u00e4lleria"},"content":{"rendered":"\n<figure class=\"wp-block-image size-full is-resized\"><a href=\"https:\/\/walsermundart.ch\/?page_id=3877\"><img loading=\"lazy\" decoding=\"async\" src=\"https:\/\/walsermundart.ch\/wp-content\/uploads\/2022\/03\/Pfeil-zurueck-mini-1.jpg\" alt=\"\" class=\"wp-image-6871\" width=\"108\" height=\"70\"\/><\/a><\/figure>\n\n\n\n<p>Sch\u00e4lleria liegt am Dorfrand von Schiers. Margrith Ladner-Frei ist w\u00e4hrend ihrer Jugendzeit zu dieser Haust\u00fcre ein- und ausgegangen. Sie ist ein St\u00fcck Heimat und geh\u00f6rt auf das Titelbild.<\/p>\n\n\n\n<figure class=\"wp-block-image size-full\"><img loading=\"lazy\" decoding=\"async\" width=\"594\" height=\"886\" src=\"https:\/\/walsermundart.ch\/wp-content\/uploads\/2022\/03\/Schaelleria-Snipping.jpg\" alt=\"\" class=\"wp-image-6540\" srcset=\"https:\/\/walsermundart.ch\/wp-content\/uploads\/2022\/03\/Schaelleria-Snipping.jpg 594w, https:\/\/walsermundart.ch\/wp-content\/uploads\/2022\/03\/Schaelleria-Snipping-201x300.jpg 201w\" sizes=\"auto, (max-width: 594px) 100vw, 594px\" \/><\/figure>\n\n\n\n<p>Margrith Ladner-Frei wohnt seit vielen Jahren in Gr\u00fcsch. Sie tr\u00e4gt Sorge zu ihrer Muttersprache und verwendet manchmal schon fast vergessene W\u00f6rter. Wir sp\u00fcren den Einfluss aus dem Rheintal auf den Dialekt im Vorderpr\u00e4ttigau. Im Seewiser Dialekt ist er viel deutlicher. Margrith Ladner schreibt wie taleinw\u00e4rts <em>va Schiersch<\/em>,<em> schi hed,<\/em> w\u00e4hrend die Seewiser <em>vu Seewis<\/em>, <em>si h\u00e4t<\/em> sagen. <\/p>\n\n\n\n<p>Da klingt noch die Stimme von Evali Walser aus Seewis im Ohr, wenn die St. Ant\u00f6nier Ledig\u00e4 am Samstag erst um Mitternacht in der Sulzfluh aufkreuzten: &#171;Da ch\u00f6n si erscht am zw\u00f6lfi und t\u00fcan si no wi\u00e4 d Schwii!&#187; Anna Th\u00f6ny-T\u00f6nz schreibt in Sch\u00e4lleria zwei Gastgeschichten in Seewiserdialekt.<\/p>\n\n\n\n<figure class=\"wp-block-image size-full is-resized\"><img loading=\"lazy\" decoding=\"async\" src=\"https:\/\/walsermundart.ch\/wp-content\/uploads\/2022\/03\/Schaelleria-Inhalt-rotated.jpg\" alt=\"\" class=\"wp-image-6543\" width=\"435\" height=\"469\" srcset=\"https:\/\/walsermundart.ch\/wp-content\/uploads\/2022\/03\/Schaelleria-Inhalt-rotated.jpg 790w, https:\/\/walsermundart.ch\/wp-content\/uploads\/2022\/03\/Schaelleria-Inhalt-278x300.jpg 278w, https:\/\/walsermundart.ch\/wp-content\/uploads\/2022\/03\/Schaelleria-Inhalt-768x827.jpg 768w\" sizes=\"auto, (max-width: 435px) 100vw, 435px\" \/><\/figure>\n\n\n\n<figure class=\"wp-block-audio\"><audio controls src=\"https:\/\/walsermundart.ch\/wp-content\/uploads\/2022\/03\/Dr-Morgetmuffl-Ladner.mp3\"><\/audio><\/figure>\n\n\n\n<p>H\u00f6ren wir doch die Stimme gleich hier! Ein M\u00fcsterchen aus <strong>Dr Morgetmuffl<\/strong>. Die ganze Erz\u00e4hlung ist auf der CD zum Buch Pr\u00e4ttigauer Dialekt Geschichten aufgezeichnet.<\/p>\n\n\n\n<figure class=\"wp-block-image size-full is-resized\"><a href=\"https:\/\/walsermundart.ch\/?page_id=3877\"><img loading=\"lazy\" decoding=\"async\" src=\"https:\/\/walsermundart.ch\/wp-content\/uploads\/2022\/03\/Pfeil-zurueck-mini-1.jpg\" alt=\"\" class=\"wp-image-6871\" width=\"105\" height=\"68\"\/><\/a><\/figure>\n","protected":false},"excerpt":{"rendered":"<p>Sch\u00e4lleria liegt am Dorfrand von Schiers. Margrith Ladner-Frei ist w\u00e4hrend ihrer Jugendzeit zu dieser Haust\u00fcre ein- und ausgegangen. Sie ist ein St\u00fcck Heimat und geh\u00f6rt&hellip;<\/p>\n","protected":false},"author":1,"featured_media":0,"parent":0,"menu_order":0,"comment_status":"closed","ping_status":"closed","template":"","meta":{"footnotes":""},"class_list":["post-6539","page","type-page","status-publish","hentry"],"_links":{"self":[{"href":"https:\/\/walsermundart.ch\/index.php?rest_route=\/wp\/v2\/pages\/6539","targetHints":{"allow":["GET"]}}],"collection":[{"href":"https:\/\/walsermundart.ch\/index.php?rest_route=\/wp\/v2\/pages"}],"about":[{"href":"https:\/\/walsermundart.ch\/index.php?rest_route=\/wp\/v2\/types\/page"}],"author":[{"embeddable":true,"href":"https:\/\/walsermundart.ch\/index.php?rest_route=\/wp\/v2\/users\/1"}],"replies":[{"embeddable":true,"href":"https:\/\/walsermundart.ch\/index.php?rest_route=%2Fwp%2Fv2%2Fcomments&post=6539"}],"version-history":[{"count":9,"href":"https:\/\/walsermundart.ch\/index.php?rest_route=\/wp\/v2\/pages\/6539\/revisions"}],"predecessor-version":[{"id":8129,"href":"https:\/\/walsermundart.ch\/index.php?rest_route=\/wp\/v2\/pages\/6539\/revisions\/8129"}],"wp:attachment":[{"href":"https:\/\/walsermundart.ch\/index.php?rest_route=%2Fwp%2Fv2%2Fmedia&parent=6539"}],"curies":[{"name":"wp","href":"https:\/\/api.w.org\/{rel}","templated":true}]}}