{"id":6581,"date":"2022-03-05T09:31:00","date_gmt":"2022-03-05T09:31:00","guid":{"rendered":"https:\/\/walsermundart.ch\/?page_id=6581"},"modified":"2022-08-08T14:06:31","modified_gmt":"2022-08-08T14:06:31","slug":"9-30-geografisches","status":"publish","type":"page","link":"https:\/\/walsermundart.ch\/?page_id=6581","title":{"rendered":"9.21 &#8211; Geografisches"},"content":{"rendered":"\n<figure class=\"wp-block-image size-full is-resized\"><a href=\"https:\/\/walsermundart.ch\/?page_id=2483\"><img loading=\"lazy\" decoding=\"async\" src=\"https:\/\/walsermundart.ch\/wp-content\/uploads\/2022\/03\/Pfeil-zurueck-mini-1.jpg\" alt=\"\" class=\"wp-image-6871\" width=\"108\" height=\"70\"\/><\/a><\/figure>\n\n\n\n<p>Zus\u00e4tzlich zu den bisherigen Beitr\u00e4gen <strong>Schanfigg<\/strong>, <strong>Pr\u00e4ttigau <\/strong>und <strong>Davos <\/strong>g\u00e4be es auch \u00fcber <strong>Mutten, Tschappina, Avers, Rheinwald, Safien, Vals<\/strong> und <strong>Obersaxen <\/strong>zu berichten, \u00fcber <strong>Triesenberg, Vorarlberg<\/strong> und die Walsersiedlungen in den T\u00e4lern <strong>s\u00fcdlich des Wallis<\/strong>. Die Dialekte sind so vielf\u00e4ltig, dass sich ein Schanfigger nicht erlauben darf und kann, auf all die Eigenheiten einzugehen. Wir d\u00fcrfen uns freuen, dass es sie gibt. <\/p>\n\n\n\n<figure class=\"wp-block-image size-full is-resized\"><img loading=\"lazy\" decoding=\"async\" src=\"https:\/\/walsermundart.ch\/wp-content\/uploads\/2022\/03\/Walsergebiete-in-GR-Snipping.jpg\" alt=\"\" class=\"wp-image-6578\" width=\"577\" height=\"554\" srcset=\"https:\/\/walsermundart.ch\/wp-content\/uploads\/2022\/03\/Walsergebiete-in-GR-Snipping.jpg 773w, https:\/\/walsermundart.ch\/wp-content\/uploads\/2022\/03\/Walsergebiete-in-GR-Snipping-300x288.jpg 300w, https:\/\/walsermundart.ch\/wp-content\/uploads\/2022\/03\/Walsergebiete-in-GR-Snipping-768x737.jpg 768w\" sizes=\"auto, (max-width: 577px) 100vw, 577px\" \/><figcaption>M: Mutten, H: Heinzenberg (Tschappina), Tr: Triesenberg<\/figcaption><\/figure>\n\n\n\n<figure class=\"wp-block-image size-full is-resized\"><a href=\"https:\/\/walsermundart.ch\/?page_id=2483\"><img loading=\"lazy\" decoding=\"async\" src=\"https:\/\/walsermundart.ch\/wp-content\/uploads\/2022\/03\/Pfeil-zurueck-mini-1.jpg\" alt=\"\" class=\"wp-image-6871\" width=\"106\" height=\"68\"\/><\/a><\/figure>\n","protected":false},"excerpt":{"rendered":"<p>Zus\u00e4tzlich zu den bisherigen Beitr\u00e4gen Schanfigg, Pr\u00e4ttigau und Davos g\u00e4be es auch \u00fcber Mutten, Tschappina, Avers, Rheinwald, Safien, Vals und Obersaxen zu berichten, \u00fcber Triesenberg,&hellip;<\/p>\n","protected":false},"author":1,"featured_media":0,"parent":0,"menu_order":0,"comment_status":"closed","ping_status":"closed","template":"","meta":{"footnotes":""},"class_list":["post-6581","page","type-page","status-publish","hentry"],"_links":{"self":[{"href":"https:\/\/walsermundart.ch\/index.php?rest_route=\/wp\/v2\/pages\/6581","targetHints":{"allow":["GET"]}}],"collection":[{"href":"https:\/\/walsermundart.ch\/index.php?rest_route=\/wp\/v2\/pages"}],"about":[{"href":"https:\/\/walsermundart.ch\/index.php?rest_route=\/wp\/v2\/types\/page"}],"author":[{"embeddable":true,"href":"https:\/\/walsermundart.ch\/index.php?rest_route=\/wp\/v2\/users\/1"}],"replies":[{"embeddable":true,"href":"https:\/\/walsermundart.ch\/index.php?rest_route=%2Fwp%2Fv2%2Fcomments&post=6581"}],"version-history":[{"count":7,"href":"https:\/\/walsermundart.ch\/index.php?rest_route=\/wp\/v2\/pages\/6581\/revisions"}],"predecessor-version":[{"id":8149,"href":"https:\/\/walsermundart.ch\/index.php?rest_route=\/wp\/v2\/pages\/6581\/revisions\/8149"}],"wp:attachment":[{"href":"https:\/\/walsermundart.ch\/index.php?rest_route=%2Fwp%2Fv2%2Fmedia&parent=6581"}],"curies":[{"name":"wp","href":"https:\/\/api.w.org\/{rel}","templated":true}]}}