{"id":6590,"date":"2022-03-05T15:43:11","date_gmt":"2022-03-05T15:43:11","guid":{"rendered":"https:\/\/walsermundart.ch\/?page_id=6590"},"modified":"2024-02-17T13:53:55","modified_gmt":"2024-02-17T13:53:55","slug":"9-26-flurnamen","status":"publish","type":"page","link":"https:\/\/walsermundart.ch\/?page_id=6590","title":{"rendered":"9.05 &#8211; Flurnamen"},"content":{"rendered":"\n<figure class=\"wp-block-image size-full is-resized\"><a href=\"https:\/\/walsermundart.ch\/?page_id=2483\"><img loading=\"lazy\" decoding=\"async\" width=\"268\" height=\"173\" src=\"https:\/\/walsermundart.ch\/wp-content\/uploads\/2022\/03\/Pfeil-zurueck-mini-1.jpg\" alt=\"\" class=\"wp-image-6871\" style=\"width:108px;height:70px\"\/><\/a><\/figure>\n\n\n\n<p>Quelle: Flurnamen der Landschaft Davos von Hans Laely-Meyer, Walservereinigung Graub\u00fcnden 1990<\/p>\n\n\n\n<p>Florian Hew-Heldstab und Werner Gees-Guler haben viele Flurnamen vom Laret bis Wiesen auf den PC gesprochen. Hier folgt eine Auswahl davon, erg\u00e4nzt durch einige weitere Stimmen:<\/p>\n\n\n\n<p><strong>1 &#8211; Laret<\/strong><\/p>\n\n\n\n<figure class=\"wp-block-audio\"><audio controls src=\"https:\/\/walsermundart.ch\/wp-content\/uploads\/2022\/03\/Laret.mp3\"><\/audio><\/figure>\n\n\n\n<p><strong>2 &#8211; Drusatscha<\/strong><\/p>\n\n\n\n<figure class=\"wp-block-audio\"><audio controls src=\"https:\/\/walsermundart.ch\/wp-content\/uploads\/2022\/03\/Drusatscha.mp3\"><\/audio><\/figure>\n\n\n\n<p><strong>3 &#8211; Gorihoor\u00e4<\/strong><\/p>\n\n\n\n<figure class=\"wp-block-audio\"><audio controls src=\"https:\/\/walsermundart.ch\/wp-content\/uploads\/2022\/03\/Gorihorn.mp3\"><\/audio><\/figure>\n\n\n\n<p><strong>5 &#8211; Chintsch Huus<\/strong><\/p>\n\n\n\n<figure class=\"wp-block-audio\"><audio controls src=\"https:\/\/walsermundart.ch\/wp-content\/uploads\/2022\/03\/ChintschHus.mp3\"><\/audio><\/figure>\n\n\n\n<p><strong>6 &#8211; Dischma<\/strong><\/p>\n\n\n\n<figure class=\"wp-block-audio\"><audio controls src=\"https:\/\/walsermundart.ch\/wp-content\/uploads\/2022\/03\/Dischma.mp3\"><\/audio><\/figure>\n\n\n\n<p><strong>7 &#8211; Ischalp<\/strong><\/p>\n\n\n\n<figure class=\"wp-block-audio\"><audio controls src=\"https:\/\/walsermundart.ch\/wp-content\/uploads\/2022\/03\/Ischalp.mp3\"><\/audio><\/figure>\n\n\n\n<p><strong>8 &#8211; Wuoschthoora<\/strong><\/p>\n\n\n\n<figure class=\"wp-block-audio\"><audio controls src=\"https:\/\/walsermundart.ch\/wp-content\/uploads\/2022\/03\/WuostHorn.mp3\"><\/audio><\/figure>\n\n\n\n<p><strong>9 &#8211; Sertig D\u00f6rfji<\/strong><\/p>\n\n\n\n<figure class=\"wp-block-audio\"><audio controls src=\"https:\/\/walsermundart.ch\/wp-content\/uploads\/2022\/03\/SertigDoerfji.mp3\"><\/audio><\/figure>\n\n\n\n<p><strong>10 &#8211;<\/strong> <strong>Augscht\u00e4h\u00fcr\u00e4li<\/strong><\/p>\n\n\n\n<figure class=\"wp-block-audio\"><audio controls src=\"https:\/\/walsermundart.ch\/wp-content\/uploads\/2022\/03\/Augstenhuereli.mp3\"><\/audio><\/figure>\n\n\n\n<p><strong>11 &#8211; Erezb\u00e4rg<\/strong><\/p>\n\n\n\n<figure class=\"wp-block-audio\"><audio controls src=\"https:\/\/walsermundart.ch\/wp-content\/uploads\/2022\/03\/Erezberg.mp3\"><\/audio><\/figure>\n\n\n\n<p><strong>12 &#8211; Fanezfurgga<\/strong><\/p>\n\n\n\n<figure class=\"wp-block-audio\"><audio controls src=\"https:\/\/walsermundart.ch\/wp-content\/uploads\/2022\/03\/Fanezfurgga.mp3\"><\/audio><\/figure>\n\n\n\n<p><strong>13 &#8211; M\u00e4schen Boda<\/strong><\/p>\n\n\n\n<figure class=\"wp-block-audio\"><audio controls src=\"https:\/\/walsermundart.ch\/wp-content\/uploads\/2022\/03\/Maeschenboden.mp3\"><\/audio><\/figure>\n\n\n\n<p><strong>14 &#8211; Rieberbach<\/strong><\/p>\n\n\n\n<figure class=\"wp-block-audio\"><audio controls src=\"https:\/\/walsermundart.ch\/wp-content\/uploads\/2022\/03\/Rieberbach.mp3\"><\/audio><\/figure>\n\n\n\n<p><strong>15 &#8211; Salezerhoora<\/strong><\/p>\n\n\n\n<figure class=\"wp-block-audio\"><audio controls src=\"https:\/\/walsermundart.ch\/wp-content\/uploads\/2022\/03\/Salezerhorn.mp3\"><\/audio><\/figure>\n\n\n\n<p><strong>16 &#8211; Ch\u00fcpfaflua<\/strong><\/p>\n\n\n\n<figure class=\"wp-block-audio\"><audio controls src=\"https:\/\/walsermundart.ch\/wp-content\/uploads\/2022\/03\/Chuepfenflue.mp3\"><\/audio><\/figure>\n\n\n\n<p><strong>17 &#8211; Albertibach<\/strong><\/p>\n\n\n\n<figure class=\"wp-block-audio\"><audio controls src=\"https:\/\/walsermundart.ch\/wp-content\/uploads\/2022\/03\/Albertibach.mp3\"><\/audio><\/figure>\n\n\n\n<p><strong>18 &#8211; Bildjibach<\/strong><\/p>\n\n\n\n<figure class=\"wp-block-audio\"><audio controls src=\"https:\/\/walsermundart.ch\/wp-content\/uploads\/2022\/03\/Bildjibach.mp3\"><\/audio><\/figure>\n\n\n\n<p><strong>19 &#8211; Ti\u00e4jarflua<\/strong><\/p>\n\n\n\n<figure class=\"wp-block-audio\"><audio controls src=\"https:\/\/walsermundart.ch\/wp-content\/uploads\/2022\/03\/Tiejerflue.mp3\"><\/audio><\/figure>\n\n\n\n<p><strong>20 &#8211; Altein<\/strong><\/p>\n\n\n\n<figure class=\"wp-block-audio\"><audio controls src=\"https:\/\/walsermundart.ch\/wp-content\/uploads\/2022\/03\/Altein.mp3\"><\/audio><\/figure>\n\n\n\n<p><strong>21 &#8211; Im Gurgalun<\/strong><\/p>\n\n\n\n<figure class=\"wp-block-audio\"><audio controls src=\"https:\/\/walsermundart.ch\/wp-content\/uploads\/2022\/03\/ImGurgalun.mp3\"><\/audio><\/figure>\n\n\n\n<p><strong>22 &#8211; T\u00e4uftobl<\/strong><\/p>\n\n\n\n<figure class=\"wp-block-audio\"><audio controls src=\"https:\/\/walsermundart.ch\/wp-content\/uploads\/2022\/03\/Teuftobel.mp3\"><\/audio><\/figure>\n\n\n\n<figure class=\"wp-block-image size-full is-resized\"><a href=\"https:\/\/walsermundart.ch\/?page_id=2483\"><img loading=\"lazy\" decoding=\"async\" width=\"268\" height=\"173\" src=\"https:\/\/walsermundart.ch\/wp-content\/uploads\/2022\/03\/Pfeil-zurueck-mini-1.jpg\" alt=\"\" class=\"wp-image-6871\" style=\"width:109px;height:70px\"\/><\/a><\/figure>\n\n\n\n<p><\/p>\n","protected":false},"excerpt":{"rendered":"<p>Quelle: Flurnamen der Landschaft Davos von Hans Laely-Meyer, Walservereinigung Graub\u00fcnden 1990 Florian Hew-Heldstab und Werner Gees-Guler haben viele Flurnamen vom Laret bis Wiesen auf den&hellip;<\/p>\n","protected":false},"author":1,"featured_media":0,"parent":0,"menu_order":0,"comment_status":"closed","ping_status":"closed","template":"","meta":{"footnotes":""},"class_list":["post-6590","page","type-page","status-publish","hentry"],"_links":{"self":[{"href":"https:\/\/walsermundart.ch\/index.php?rest_route=\/wp\/v2\/pages\/6590","targetHints":{"allow":["GET"]}}],"collection":[{"href":"https:\/\/walsermundart.ch\/index.php?rest_route=\/wp\/v2\/pages"}],"about":[{"href":"https:\/\/walsermundart.ch\/index.php?rest_route=\/wp\/v2\/types\/page"}],"author":[{"embeddable":true,"href":"https:\/\/walsermundart.ch\/index.php?rest_route=\/wp\/v2\/users\/1"}],"replies":[{"embeddable":true,"href":"https:\/\/walsermundart.ch\/index.php?rest_route=%2Fwp%2Fv2%2Fcomments&post=6590"}],"version-history":[{"count":25,"href":"https:\/\/walsermundart.ch\/index.php?rest_route=\/wp\/v2\/pages\/6590\/revisions"}],"predecessor-version":[{"id":8677,"href":"https:\/\/walsermundart.ch\/index.php?rest_route=\/wp\/v2\/pages\/6590\/revisions\/8677"}],"wp:attachment":[{"href":"https:\/\/walsermundart.ch\/index.php?rest_route=%2Fwp%2Fv2%2Fmedia&parent=6590"}],"curies":[{"name":"wp","href":"https:\/\/api.w.org\/{rel}","templated":true}]}}