{"id":6599,"date":"2022-03-05T15:58:27","date_gmt":"2022-03-05T15:58:27","guid":{"rendered":"https:\/\/walsermundart.ch\/?page_id=6599"},"modified":"2022-08-08T14:06:54","modified_gmt":"2022-08-08T14:06:54","slug":"9-32-aes-aeaeli","status":"publish","type":"page","link":"https:\/\/walsermundart.ch\/?page_id=6599","title":{"rendered":"9.22 &#8211; \u00c4s \u00c4\u00e4li"},"content":{"rendered":"\n<figure class=\"wp-block-image size-full is-resized\"><a href=\"https:\/\/walsermundart.ch\/?page_id=2483\"><img loading=\"lazy\" decoding=\"async\" src=\"https:\/\/walsermundart.ch\/wp-content\/uploads\/2022\/03\/Pfeil-zurueck-mini-1.jpg\" alt=\"\" class=\"wp-image-6871\" width=\"106\" height=\"68\"\/><\/a><\/figure>\n\n\n\n<p>Walserdialekt aus dem Rheinwald<\/p>\n\n\n\n<figure class=\"wp-block-image size-full\"><img loading=\"lazy\" decoding=\"async\" width=\"621\" height=\"887\" src=\"https:\/\/walsermundart.ch\/wp-content\/uploads\/2022\/03\/Aeaeli-Buch-Snipping.jpg\" alt=\"\" class=\"wp-image-6630\" srcset=\"https:\/\/walsermundart.ch\/wp-content\/uploads\/2022\/03\/Aeaeli-Buch-Snipping.jpg 621w, https:\/\/walsermundart.ch\/wp-content\/uploads\/2022\/03\/Aeaeli-Buch-Snipping-210x300.jpg 210w\" sizes=\"auto, (max-width: 621px) 100vw, 621px\" \/><\/figure>\n\n\n\n<p>Ein M\u00fcsterchen aus der Erz\u00e4hlung <strong>Chadeli und Chimbett<\/strong>:<\/p>\n\n\n\n<p>Ier wisst, \u00fcnschi Gemschipoppi ch\u00f6nn\u00e4 scho naa \u00e4r\u00e4 guet\u00e4 Schtund frii schtaa, wenn au no uff gwagglig\u00e4 Beintschi, und baald \u00e4mal lauf\u00e4. Wier l\u00e4b\u00e4 ja au nid in H\u00f6\u00f6len\u00e4 oder in N\u00e4schti und ch\u00f6nn\u00e4 nisch nu verschteck\u00e4, wil wer guet repl\u00e4 ch\u00f6nn\u00e4 und \u00fcns F\u00e4ll fels\u00e4farbigs ischt, dewig is uberl\u00e4benswichtig, dass wer sofort naa der Giburt lauf\u00e4 ch\u00f6nn\u00e4.<\/p>\n\n\n\n<p>Das Buch \u00c4s \u00c4\u00e4li von Erika H\u00f6ssli muss im Rheinwald Pflichtlekt\u00fcre sein. Zus\u00e4tzlich zu den Geschichten und Einzelheiten zum Wortschatz erfahren wir dank einer Umfrage unter Kindern, wie es um die Kenntnis des Dialektes steht. Aus einer Auswahl von W\u00f6rtern zeigt sich folgendes Bild (hier nur die Zahlen):<\/p>\n\n\n\n<p>W\u00f6rter, die noch gebraucht wurden: 78<\/p>\n\n\n\n<p>W\u00f6rter, die sicher gewusst wurden: 103<\/p>\n\n\n\n<p>Richtig vermutete W\u00f6rter: 155<\/p>\n\n\n\n<p>W\u00f6rter, die niemand mehr kannte: 53<\/p>\n\n\n\n<p>Die unbekannten 53 W\u00f6rter folgen hier als Scan. Auf 54 Seiten gibt es eine Erkl\u00e4rung zu diesen und vielen weiteren W\u00f6rtern.<\/p>\n\n\n\n<figure class=\"wp-block-image size-full\"><img loading=\"lazy\" decoding=\"async\" width=\"330\" height=\"875\" src=\"https:\/\/walsermundart.ch\/wp-content\/uploads\/2022\/03\/Aeaeli-Woerter-unbekannt-Snipping.jpg\" alt=\"\" class=\"wp-image-6631\" srcset=\"https:\/\/walsermundart.ch\/wp-content\/uploads\/2022\/03\/Aeaeli-Woerter-unbekannt-Snipping.jpg 330w, https:\/\/walsermundart.ch\/wp-content\/uploads\/2022\/03\/Aeaeli-Woerter-unbekannt-Snipping-113x300.jpg 113w\" sizes=\"auto, (max-width: 330px) 100vw, 330px\" \/><\/figure>\n\n\n\n<p>W\u00fcrden wir eine solche Umfrage in Nordb\u00fcnden machen, s\u00e4he das Bild sicher nicht besser aus.<\/p>\n\n\n\n<p>Buch: Herausgegeben 2007, erh\u00e4ltlich in Spl\u00fcgen und im<\/p>\n\n\n\n<p><a href=\"https:\/\/www.walserverein-gr.ch\/index.php\/shop.html\" target=\"_blank\" rel=\"noreferrer noopener\">Shop &#8211; Walservereinigung<\/a><\/p>\n\n\n\n<figure class=\"wp-block-image size-full is-resized\"><a href=\"https:\/\/walsermundart.ch\/?page_id=2483\"><img loading=\"lazy\" decoding=\"async\" src=\"https:\/\/walsermundart.ch\/wp-content\/uploads\/2022\/03\/Pfeil-zurueck-mini-1.jpg\" alt=\"\" class=\"wp-image-6871\" width=\"105\" height=\"68\"\/><\/a><\/figure>\n","protected":false},"excerpt":{"rendered":"<p>Walserdialekt aus dem Rheinwald Ein M\u00fcsterchen aus der Erz\u00e4hlung Chadeli und Chimbett: Ier wisst, \u00fcnschi Gemschipoppi ch\u00f6nn\u00e4 scho naa \u00e4r\u00e4 guet\u00e4 Schtund frii schtaa, wenn&hellip;<\/p>\n","protected":false},"author":1,"featured_media":0,"parent":0,"menu_order":0,"comment_status":"closed","ping_status":"closed","template":"","meta":{"footnotes":""},"class_list":["post-6599","page","type-page","status-publish","hentry"],"_links":{"self":[{"href":"https:\/\/walsermundart.ch\/index.php?rest_route=\/wp\/v2\/pages\/6599","targetHints":{"allow":["GET"]}}],"collection":[{"href":"https:\/\/walsermundart.ch\/index.php?rest_route=\/wp\/v2\/pages"}],"about":[{"href":"https:\/\/walsermundart.ch\/index.php?rest_route=\/wp\/v2\/types\/page"}],"author":[{"embeddable":true,"href":"https:\/\/walsermundart.ch\/index.php?rest_route=\/wp\/v2\/users\/1"}],"replies":[{"embeddable":true,"href":"https:\/\/walsermundart.ch\/index.php?rest_route=%2Fwp%2Fv2%2Fcomments&post=6599"}],"version-history":[{"count":10,"href":"https:\/\/walsermundart.ch\/index.php?rest_route=\/wp\/v2\/pages\/6599\/revisions"}],"predecessor-version":[{"id":8150,"href":"https:\/\/walsermundart.ch\/index.php?rest_route=\/wp\/v2\/pages\/6599\/revisions\/8150"}],"wp:attachment":[{"href":"https:\/\/walsermundart.ch\/index.php?rest_route=%2Fwp%2Fv2%2Fmedia&parent=6599"}],"curies":[{"name":"wp","href":"https:\/\/api.w.org\/{rel}","templated":true}]}}