{"id":6645,"date":"2022-03-06T15:15:55","date_gmt":"2022-03-06T15:15:55","guid":{"rendered":"https:\/\/walsermundart.ch\/?page_id=6645"},"modified":"2024-02-21T18:07:15","modified_gmt":"2024-02-21T18:07:15","slug":"9-34-stimmen","status":"publish","type":"page","link":"https:\/\/walsermundart.ch\/?page_id=6645","title":{"rendered":"9.24 &#8211; Stimmen"},"content":{"rendered":"\n<figure class=\"wp-block-image size-full is-resized\"><a href=\"https:\/\/walsermundart.ch\/?page_id=2483\"><img loading=\"lazy\" decoding=\"async\" width=\"268\" height=\"173\" src=\"https:\/\/walsermundart.ch\/wp-content\/uploads\/2022\/03\/Pfeil-zurueck-mini-1.jpg\" alt=\"\" class=\"wp-image-6871\" style=\"width:108px;height:70px\"\/><\/a><\/figure>\n\n\n\n<p>Die folgenden Stimmen sind auch auf der Startseite unter Punkt <strong>2 Sprechen und schreiben <\/strong>zu h\u00f6ren.<\/p>\n\n\n\n<p><strong>Triesenberg<\/strong>, Franz Gassner: <em>Bi abr vorh\u00e4r scho an di\u00e4 Walsertr\u00e4ff\u00e4 albig ggang\u00e4 &#8230;<\/em>. Quelle: <a href=\"https:\/\/www.youtube.com\/watch?v=nOGAC6TlTSY\">https:\/\/www.youtube.com\/watch?v=nOGAC6TlTSY<\/a><\/p>\n\n\n\n<figure class=\"wp-block-audio\"><audio controls src=\"https:\/\/walsermundart.ch\/wp-content\/uploads\/2021\/02\/Triesenberg-Gassner-b-leiser.mp3\"><\/audio><\/figure>\n\n\n\n<p><strong>Obersaxen,<\/strong> Dominik Sax: <em>\u00c4maal \u00e4s Tagsch hed n\u00e4 au dr Ch\u00fcnig gh\u00f6\u00f6rd sing\u00e4 und schpil\u00e4<\/em>. Quelle: Loss \u00e4maal, Gschicht\u00e4 im Walserdialekt, Walservereinigung GR<\/p>\n\n\n\n<figure class=\"wp-block-audio\"><audio controls src=\"https:\/\/walsermundart.ch\/wp-content\/uploads\/2021\/02\/Loss-aemaal-3-Obersaxen-Teil.mp3\"><\/audio><\/figure>\n\n\n\n<p><strong>Tschappina,<\/strong> Luzi Jenni: <em>F\u00fcr h\u00fc\u00fcr tu\u00e4d s \u00e4s jetz scho noch<\/em>. Quelle: Loss \u00e4maal, Gschicht\u00e4 im Walserdialekt, Walservereinigung GR<\/p>\n\n\n\n<figure class=\"wp-block-audio\"><audio controls src=\"https:\/\/walsermundart.ch\/wp-content\/uploads\/2021\/02\/Tschappina.mp3\"><\/audio><\/figure>\n\n\n\n<p><strong>Safiental,<\/strong> Marili Buchli-Hunger: <em>\u00c4\u00e4r ischt \u00e4n ganz \u00e4ifach\u00e4 Mann<\/em>. Quelle: Loss \u00e4maal, Gschicht\u00e4 im Walserdialekt, Walservereinigung GR<\/p>\n\n\n\n<figure class=\"wp-block-audio\"><audio controls src=\"https:\/\/walsermundart.ch\/wp-content\/uploads\/2021\/02\/Safiental.mp3\"><\/audio><\/figure>\n\n\n\n<p><strong>Vals,<\/strong> Peter Schmid: <em>Und di\u00e4 Zw\u00e4\u00e4rgli sind plib\u00e4 im Waald undr m Hoor\u00e4<\/em>. Quelle: Loss \u00e4maal, Gschicht\u00e4 im Walserdialekt, Walservereinigung GR<\/p>\n\n\n\n<figure class=\"wp-block-audio\"><audio controls src=\"https:\/\/walsermundart.ch\/wp-content\/uploads\/2021\/02\/Vals.mp3\"><\/audio><\/figure>\n\n\n\n<p><strong>Hinterrhein,<\/strong> Erika H\u00f6ssli: <em>Und \u00e4soo sind schii drii zfridni und gl\u00fccklichi gsin<\/em>. Quelle: Loss \u00e4maal, Gschicht\u00e4 im Walserdialekt, Walservereinigung GR<\/p>\n\n\n\n<figure class=\"wp-block-audio\"><audio controls src=\"https:\/\/walsermundart.ch\/wp-content\/uploads\/2021\/02\/Hinterrhein.mp3\"><\/audio><\/figure>\n\n\n\n<p><strong>Avers-Cresta,<\/strong> Susanny Derungs-Heinz: <em>\u00c4is Morg\u00e4dsch ischt dr P\u00e4pp\u00e4 und d M\u00e4mm\u00e4 ob \u00e4m Huus im Gad\u00e4 am Hirt\u00e4<\/em>. Quelle: Loss \u00e4maal, Gschicht\u00e4 im Walserdialekt, Walservereinigung GR<\/p>\n\n\n\n<figure class=\"wp-block-audio\"><audio controls src=\"https:\/\/walsermundart.ch\/wp-content\/uploads\/2021\/02\/Avers.mp3\"><\/audio><\/figure>\n\n\n\n<figure class=\"wp-block-image size-full is-resized\"><a href=\"https:\/\/walsermundart.ch\/?page_id=2483\"><img loading=\"lazy\" decoding=\"async\" width=\"268\" height=\"173\" src=\"https:\/\/walsermundart.ch\/wp-content\/uploads\/2022\/03\/Pfeil-zurueck-mini-1.jpg\" alt=\"\" class=\"wp-image-6871\" style=\"width:106px;height:68px\"\/><\/a><\/figure>\n","protected":false},"excerpt":{"rendered":"<p>Die folgenden Stimmen sind auch auf der Startseite unter Punkt 2 Sprechen und schreiben zu h\u00f6ren. Triesenberg, Franz Gassner: Bi abr vorh\u00e4r scho an di\u00e4&hellip;<\/p>\n","protected":false},"author":1,"featured_media":0,"parent":0,"menu_order":0,"comment_status":"closed","ping_status":"closed","template":"","meta":{"footnotes":""},"class_list":["post-6645","page","type-page","status-publish","hentry"],"_links":{"self":[{"href":"https:\/\/walsermundart.ch\/index.php?rest_route=\/wp\/v2\/pages\/6645","targetHints":{"allow":["GET"]}}],"collection":[{"href":"https:\/\/walsermundart.ch\/index.php?rest_route=\/wp\/v2\/pages"}],"about":[{"href":"https:\/\/walsermundart.ch\/index.php?rest_route=\/wp\/v2\/types\/page"}],"author":[{"embeddable":true,"href":"https:\/\/walsermundart.ch\/index.php?rest_route=\/wp\/v2\/users\/1"}],"replies":[{"embeddable":true,"href":"https:\/\/walsermundart.ch\/index.php?rest_route=%2Fwp%2Fv2%2Fcomments&post=6645"}],"version-history":[{"count":11,"href":"https:\/\/walsermundart.ch\/index.php?rest_route=\/wp\/v2\/pages\/6645\/revisions"}],"predecessor-version":[{"id":8756,"href":"https:\/\/walsermundart.ch\/index.php?rest_route=\/wp\/v2\/pages\/6645\/revisions\/8756"}],"wp:attachment":[{"href":"https:\/\/walsermundart.ch\/index.php?rest_route=%2Fwp%2Fv2%2Fmedia&parent=6645"}],"curies":[{"name":"wp","href":"https:\/\/api.w.org\/{rel}","templated":true}]}}