{"id":6723,"date":"2022-03-10T15:49:43","date_gmt":"2022-03-10T15:49:43","guid":{"rendered":"https:\/\/walsermundart.ch\/?page_id=6723"},"modified":"2022-08-08T14:08:28","modified_gmt":"2022-08-08T14:08:28","slug":"9-35-suedtaeler","status":"publish","type":"page","link":"https:\/\/walsermundart.ch\/?page_id=6723","title":{"rendered":"9.25 Walser S\u00fcdt\u00e4ler"},"content":{"rendered":"\n<figure class=\"wp-block-image size-full is-resized\"><a href=\"https:\/\/walsermundart.ch\/?page_id=2483\"><img loading=\"lazy\" decoding=\"async\" src=\"https:\/\/walsermundart.ch\/wp-content\/uploads\/2022\/03\/Pfeil-zurueck-mini-1.jpg\" alt=\"\" class=\"wp-image-6871\" width=\"107\" height=\"69\"\/><\/a><\/figure>\n\n\n\n<figure class=\"wp-block-image size-full\"><img loading=\"lazy\" decoding=\"async\" width=\"803\" height=\"501\" src=\"https:\/\/walsermundart.ch\/wp-content\/uploads\/2022\/03\/Schweiz-Italien-Suedtaeler-Namen-Snipping.jpg\" alt=\"\" class=\"wp-image-6737\" srcset=\"https:\/\/walsermundart.ch\/wp-content\/uploads\/2022\/03\/Schweiz-Italien-Suedtaeler-Namen-Snipping.jpg 803w, https:\/\/walsermundart.ch\/wp-content\/uploads\/2022\/03\/Schweiz-Italien-Suedtaeler-Namen-Snipping-300x187.jpg 300w, https:\/\/walsermundart.ch\/wp-content\/uploads\/2022\/03\/Schweiz-Italien-Suedtaeler-Namen-Snipping-768x479.jpg 768w\" sizes=\"auto, (max-width: 803px) 100vw, 803px\" \/><\/figure>\n\n\n\n<p>Walliser gr\u00fcndeten auf der Alpens\u00fcdseite viele Siedlungen. Schauen wir uns eine davon an: <strong>Ch\u00e4rb\u00e4ch<\/strong>.<\/p>\n\n\n\n<p>Im <strong>Formazza Tal<\/strong> bestehen neun* w\u00e4hrend des ganzen Jahres bewohnte D\u00f6rfer und sechs, die nur w\u00e4hrend des Sommers bewohnt sind.<\/p>\n\n\n\n<p>*Riale <em><strong>Ch\u00e4rb\u00e4ch<\/strong><\/em>, Antillone <em><strong>Puneig\u00e4<\/strong><\/em>, Fondovalle <em><strong>Stafuwald<\/strong><\/em>, San Michele <em><strong>Tugwald<\/strong><\/em>, Chiesa <em><strong>An d\u00e4r Mattu<\/strong><\/em>, Brendo <em><strong>In d\u00e4 Brendu<\/strong><\/em>, Canza <em><strong>Fr\u00fcduwald<\/strong><\/em>, Grovello <strong><em>Gurf\u00e4lu<\/em><\/strong>, Ponte <em><strong>Zum St\u00e4g<\/strong><\/em> (Sitz der Gemeindeverwaltung)<\/p>\n\n\n\n<p>Riale <em><strong>Ch\u00e4rb\u00e4ch<\/strong><\/em>, ist das n\u00f6rdlichste ganzj\u00e4hrig bewohnte Dorf und liegt auf einer H\u00f6he von 1730 Metern.<\/p>\n\n\n\n<figure class=\"wp-block-image size-full\"><img loading=\"lazy\" decoding=\"async\" width=\"966\" height=\"594\" src=\"https:\/\/walsermundart.ch\/wp-content\/uploads\/2022\/03\/Formazza-Commune.jpg\" alt=\"\" class=\"wp-image-6735\" srcset=\"https:\/\/walsermundart.ch\/wp-content\/uploads\/2022\/03\/Formazza-Commune.jpg 966w, https:\/\/walsermundart.ch\/wp-content\/uploads\/2022\/03\/Formazza-Commune-300x184.jpg 300w, https:\/\/walsermundart.ch\/wp-content\/uploads\/2022\/03\/Formazza-Commune-768x472.jpg 768w\" sizes=\"auto, (max-width: 966px) 100vw, 966px\" \/><figcaption>Die Fraktion Riale, walserdeutsch <strong>Ch\u00e4rb\u00e4ch<\/strong><\/figcaption><\/figure>\n\n\n\n<p>In den D\u00f6rfern auf der Alpens\u00fcdseite ist die Sprache der Walser besonders gef\u00e4hrdet. Anna Maria Bacher schreibt es so (in Walser Mitteilungen 2016):<\/p>\n\n\n\n<figure class=\"wp-block-image size-full\"><img loading=\"lazy\" decoding=\"async\" width=\"645\" height=\"874\" src=\"https:\/\/walsermundart.ch\/wp-content\/uploads\/2022\/03\/Pomat-Gedicht-Taelli-von-A-Bacher.jpg\" alt=\"\" class=\"wp-image-6736\" srcset=\"https:\/\/walsermundart.ch\/wp-content\/uploads\/2022\/03\/Pomat-Gedicht-Taelli-von-A-Bacher.jpg 645w, https:\/\/walsermundart.ch\/wp-content\/uploads\/2022\/03\/Pomat-Gedicht-Taelli-von-A-Bacher-221x300.jpg 221w\" sizes=\"auto, (max-width: 645px) 100vw, 645px\" \/><\/figure>\n\n\n\n<p>Anna Maria Bacher zu ihrer Dichtung: &#171;Der Zweck ist nicht der, eine aussterbende Sprache zu sch\u00fctzen. Meine G\u00fcte, wenn sie sterben muss, muss sie sterben. Aber es ist wichtig, Spuren zu hinterlassen, damit die jungen Menschen die eigenen Wurzeln kennen.&#187;<\/p>\n\n\n\n<figure class=\"wp-block-image size-full is-resized\"><a href=\"https:\/\/walsermundart.ch\/?page_id=2483\"><img loading=\"lazy\" decoding=\"async\" src=\"https:\/\/walsermundart.ch\/wp-content\/uploads\/2022\/03\/Pfeil-zurueck-mini-1.jpg\" alt=\"\" class=\"wp-image-6871\" width=\"108\" height=\"70\"\/><\/a><\/figure>\n","protected":false},"excerpt":{"rendered":"<p>Walliser gr\u00fcndeten auf der Alpens\u00fcdseite viele Siedlungen. Schauen wir uns eine davon an: Ch\u00e4rb\u00e4ch. Im Formazza Tal bestehen neun* w\u00e4hrend des ganzen Jahres bewohnte D\u00f6rfer&hellip;<\/p>\n","protected":false},"author":1,"featured_media":0,"parent":0,"menu_order":0,"comment_status":"closed","ping_status":"closed","template":"","meta":{"footnotes":""},"class_list":["post-6723","page","type-page","status-publish","hentry"],"_links":{"self":[{"href":"https:\/\/walsermundart.ch\/index.php?rest_route=\/wp\/v2\/pages\/6723","targetHints":{"allow":["GET"]}}],"collection":[{"href":"https:\/\/walsermundart.ch\/index.php?rest_route=\/wp\/v2\/pages"}],"about":[{"href":"https:\/\/walsermundart.ch\/index.php?rest_route=\/wp\/v2\/types\/page"}],"author":[{"embeddable":true,"href":"https:\/\/walsermundart.ch\/index.php?rest_route=\/wp\/v2\/users\/1"}],"replies":[{"embeddable":true,"href":"https:\/\/walsermundart.ch\/index.php?rest_route=%2Fwp%2Fv2%2Fcomments&post=6723"}],"version-history":[{"count":14,"href":"https:\/\/walsermundart.ch\/index.php?rest_route=\/wp\/v2\/pages\/6723\/revisions"}],"predecessor-version":[{"id":8153,"href":"https:\/\/walsermundart.ch\/index.php?rest_route=\/wp\/v2\/pages\/6723\/revisions\/8153"}],"wp:attachment":[{"href":"https:\/\/walsermundart.ch\/index.php?rest_route=%2Fwp%2Fv2%2Fmedia&parent=6723"}],"curies":[{"name":"wp","href":"https:\/\/api.w.org\/{rel}","templated":true}]}}