{"id":6739,"date":"2022-03-11T07:38:16","date_gmt":"2022-03-11T07:38:16","guid":{"rendered":"https:\/\/walsermundart.ch\/?page_id=6739"},"modified":"2022-08-08T14:09:29","modified_gmt":"2022-08-08T14:09:29","slug":"9-37-triesenberg","status":"publish","type":"page","link":"https:\/\/walsermundart.ch\/?page_id=6739","title":{"rendered":"9.27 Triesenberg"},"content":{"rendered":"\n<figure class=\"wp-block-image size-full is-resized\"><a href=\"https:\/\/walsermundart.ch\/?page_id=2483\"><img loading=\"lazy\" decoding=\"async\" src=\"https:\/\/walsermundart.ch\/wp-content\/uploads\/2022\/03\/Pfeil-zurueck-mini-1.jpg\" alt=\"\" class=\"wp-image-6871\" width=\"106\" height=\"68\"\/><\/a><\/figure>\n\n\n\n<p>Das Triesenberger Gemeindegebiet wurde erst durch die gegen Ende des 13. Jahrhunderts vom Pr\u00e4ttigau her eingewanderten Walser dauerhaft besiedelt. Dies ist erstaunlich, da der &#171;B\u00e4\u00e4rg&#187; wie ein Paradies \u00fcber dem Rheintal liegt.<\/p>\n\n\n\n<figure class=\"wp-block-image size-large\"><img loading=\"lazy\" decoding=\"async\" width=\"1024\" height=\"721\" src=\"https:\/\/walsermundart.ch\/wp-content\/uploads\/2022\/03\/Triesenberg-gross-Snipping-1024x721.jpg\" alt=\"\" class=\"wp-image-6795\" srcset=\"https:\/\/walsermundart.ch\/wp-content\/uploads\/2022\/03\/Triesenberg-gross-Snipping-1024x721.jpg 1024w, https:\/\/walsermundart.ch\/wp-content\/uploads\/2022\/03\/Triesenberg-gross-Snipping-300x211.jpg 300w, https:\/\/walsermundart.ch\/wp-content\/uploads\/2022\/03\/Triesenberg-gross-Snipping-768x541.jpg 768w, https:\/\/walsermundart.ch\/wp-content\/uploads\/2022\/03\/Triesenberg-gross-Snipping.jpg 1145w\" sizes=\"auto, (max-width: 1024px) 100vw, 1024px\" \/><\/figure>\n\n\n\n<p>Der Walserdialekt ist noch nicht verloren. So lesen wir auf der Website triesenberg.li<\/p>\n\n\n\n<figure class=\"wp-block-image size-full is-resized\"><img loading=\"lazy\" decoding=\"async\" src=\"https:\/\/walsermundart.ch\/wp-content\/uploads\/2022\/03\/triesenberg-li.jpg\" alt=\"\" class=\"wp-image-6798\" width=\"316\" height=\"60\" srcset=\"https:\/\/walsermundart.ch\/wp-content\/uploads\/2022\/03\/triesenberg-li.jpg 596w, https:\/\/walsermundart.ch\/wp-content\/uploads\/2022\/03\/triesenberg-li-300x57.jpg 300w\" sizes=\"auto, (max-width: 316px) 100vw, 316px\" \/><\/figure>\n\n\n\n<p>Es gibt sogar eine H\u00f6rprobe unter<\/p>\n\n\n\n<p><a rel=\"noreferrer noopener\" href=\"https:\/\/www.triesenberg.li\/unsere-geschichte\/dialekt\/\" target=\"_blank\">https:\/\/www.triesenberg.li\/unsere-geschichte\/dialekt\/<\/a><\/p>\n\n\n\n<p>und viel zu sehen im <a href=\"https:\/\/walsermuseum.li\/\" target=\"_blank\" rel=\"noreferrer noopener\">https:\/\/walsermuseum.li\/<\/a><\/p>\n\n\n\n<figure class=\"wp-block-image size-full\"><img loading=\"lazy\" decoding=\"async\" width=\"855\" height=\"506\" src=\"https:\/\/walsermundart.ch\/wp-content\/uploads\/2022\/03\/Triesenberg-Steg-2-schmaler.jpg\" alt=\"\" class=\"wp-image-6797\" srcset=\"https:\/\/walsermundart.ch\/wp-content\/uploads\/2022\/03\/Triesenberg-Steg-2-schmaler.jpg 855w, https:\/\/walsermundart.ch\/wp-content\/uploads\/2022\/03\/Triesenberg-Steg-2-schmaler-300x178.jpg 300w, https:\/\/walsermundart.ch\/wp-content\/uploads\/2022\/03\/Triesenberg-Steg-2-schmaler-768x455.jpg 768w\" sizes=\"auto, (max-width: 855px) 100vw, 855px\" \/><figcaption>Scht\u00e4g im Saminatal, zwischen Triesenberg und Malbun<\/figcaption><\/figure>\n\n\n\n<p>Die Siedlungsform von Scht\u00e4g zeigt, wie sinnvoll die Anordnung der H\u00e4user und St\u00e4lle rings um die Wiesen ist. Beim Heuen sind alle St\u00e4lle gut erreichbar, w\u00e4hrend das Vieh gleich auf die Weide getrieben werden kann. <\/p>\n\n\n\n<figure class=\"wp-block-image size-full is-resized\"><a href=\"https:\/\/walsermundart.ch\/?page_id=2483\"><img loading=\"lazy\" decoding=\"async\" src=\"https:\/\/walsermundart.ch\/wp-content\/uploads\/2022\/03\/Pfeil-zurueck-mini-1.jpg\" alt=\"\" class=\"wp-image-6871\" width=\"108\" height=\"70\"\/><\/a><\/figure>\n","protected":false},"excerpt":{"rendered":"<p>Das Triesenberger Gemeindegebiet wurde erst durch die gegen Ende des 13. Jahrhunderts vom Pr\u00e4ttigau her eingewanderten Walser dauerhaft besiedelt. Dies ist erstaunlich, da der &#171;B\u00e4\u00e4rg&#187;&hellip;<\/p>\n","protected":false},"author":1,"featured_media":0,"parent":0,"menu_order":0,"comment_status":"closed","ping_status":"closed","template":"","meta":{"footnotes":""},"class_list":["post-6739","page","type-page","status-publish","hentry"],"_links":{"self":[{"href":"https:\/\/walsermundart.ch\/index.php?rest_route=\/wp\/v2\/pages\/6739","targetHints":{"allow":["GET"]}}],"collection":[{"href":"https:\/\/walsermundart.ch\/index.php?rest_route=\/wp\/v2\/pages"}],"about":[{"href":"https:\/\/walsermundart.ch\/index.php?rest_route=\/wp\/v2\/types\/page"}],"author":[{"embeddable":true,"href":"https:\/\/walsermundart.ch\/index.php?rest_route=\/wp\/v2\/users\/1"}],"replies":[{"embeddable":true,"href":"https:\/\/walsermundart.ch\/index.php?rest_route=%2Fwp%2Fv2%2Fcomments&post=6739"}],"version-history":[{"count":13,"href":"https:\/\/walsermundart.ch\/index.php?rest_route=\/wp\/v2\/pages\/6739\/revisions"}],"predecessor-version":[{"id":8155,"href":"https:\/\/walsermundart.ch\/index.php?rest_route=\/wp\/v2\/pages\/6739\/revisions\/8155"}],"wp:attachment":[{"href":"https:\/\/walsermundart.ch\/index.php?rest_route=%2Fwp%2Fv2%2Fmedia&parent=6739"}],"curies":[{"name":"wp","href":"https:\/\/api.w.org\/{rel}","templated":true}]}}