{"id":6744,"date":"2022-03-11T08:04:08","date_gmt":"2022-03-11T08:04:08","guid":{"rendered":"https:\/\/walsermundart.ch\/?page_id=6744"},"modified":"2022-08-08T14:09:59","modified_gmt":"2022-08-08T14:09:59","slug":"9-38-vorarlberg-und-tirol","status":"publish","type":"page","link":"https:\/\/walsermundart.ch\/?page_id=6744","title":{"rendered":"9.28 Vorarlberg und Tirol"},"content":{"rendered":"\n<figure class=\"wp-block-image size-full is-resized\"><a href=\"https:\/\/walsermundart.ch\/?page_id=2483\"><img loading=\"lazy\" decoding=\"async\" src=\"https:\/\/walsermundart.ch\/wp-content\/uploads\/2022\/03\/Pfeil-zurueck-mini-1.jpg\" alt=\"\" class=\"wp-image-6871\" width=\"108\" height=\"70\"\/><\/a><\/figure>\n\n\n\n<p>Dunkelgr\u00fcn: Der Dialekt wird von vielen Leuten noch gesprochen und gepflegt.<\/p>\n\n\n\n<figure class=\"wp-block-image size-full is-resized\"><img loading=\"lazy\" decoding=\"async\" src=\"https:\/\/walsermundart.ch\/wp-content\/uploads\/2022\/03\/Vorarlberg-walserver-at-Snipping.jpg\" alt=\"\" class=\"wp-image-6810\" width=\"435\" height=\"565\" srcset=\"https:\/\/walsermundart.ch\/wp-content\/uploads\/2022\/03\/Vorarlberg-walserver-at-Snipping.jpg 646w, https:\/\/walsermundart.ch\/wp-content\/uploads\/2022\/03\/Vorarlberg-walserver-at-Snipping-231x300.jpg 231w\" sizes=\"auto, (max-width: 435px) 100vw, 435px\" \/><\/figure>\n\n\n\n<p>Selbstverst\u00e4ndlich hat sich der Dialekt im Lauf der Zeit ver\u00e4ndert und ist, je nach Nachbarn, von Ort zu Ort leicht verschieden. Das Angebot der Vorarlberger Walservereinigung ist etwas ganz Besonderes: Die humoristischen S\u00e4tze wurden in den hier genannten Gemeinden aufgenommen, anzuklicken unter<\/p>\n\n\n\n<p><a href=\"https:\/\/www.vorarlberger-walservereinigung.at\/vwvwp\/walser-dialekt\/\" target=\"_blank\" rel=\"noreferrer noopener\">https:\/\/www.vorarlberger-walservereinigung.at\/vwvwp\/walser-dialekt\/<\/a><\/p>\n\n\n\n<figure class=\"wp-block-image size-full is-resized\"><img loading=\"lazy\" decoding=\"async\" src=\"https:\/\/walsermundart.ch\/wp-content\/uploads\/2022\/03\/Vorarlberg-Dialektproben-Snipping.jpg\" alt=\"\" class=\"wp-image-6812\" width=\"443\" height=\"895\" srcset=\"https:\/\/walsermundart.ch\/wp-content\/uploads\/2022\/03\/Vorarlberg-Dialektproben-Snipping.jpg 442w, https:\/\/walsermundart.ch\/wp-content\/uploads\/2022\/03\/Vorarlberg-Dialektproben-Snipping-148x300.jpg 148w\" sizes=\"auto, (max-width: 443px) 100vw, 443px\" \/><\/figure>\n\n\n\n<figure class=\"wp-block-image size-full is-resized\"><img loading=\"lazy\" decoding=\"async\" src=\"https:\/\/walsermundart.ch\/wp-content\/uploads\/2022\/03\/Vorarlberg-Brand.jpg\" alt=\"\" class=\"wp-image-6825\" width=\"492\" height=\"247\" srcset=\"https:\/\/walsermundart.ch\/wp-content\/uploads\/2022\/03\/Vorarlberg-Brand.jpg 794w, https:\/\/walsermundart.ch\/wp-content\/uploads\/2022\/03\/Vorarlberg-Brand-300x151.jpg 300w, https:\/\/walsermundart.ch\/wp-content\/uploads\/2022\/03\/Vorarlberg-Brand-768x386.jpg 768w\" sizes=\"auto, (max-width: 492px) 100vw, 492px\" \/><figcaption>Brand<\/figcaption><\/figure>\n\n\n\n<figure class=\"wp-block-image size-full is-resized\"><img loading=\"lazy\" decoding=\"async\" src=\"https:\/\/walsermundart.ch\/wp-content\/uploads\/2022\/03\/Vorarlberg-Kleinwalsertal-Snipping.jpg\" alt=\"\" class=\"wp-image-6827\" width=\"489\" height=\"342\" srcset=\"https:\/\/walsermundart.ch\/wp-content\/uploads\/2022\/03\/Vorarlberg-Kleinwalsertal-Snipping.jpg 773w, https:\/\/walsermundart.ch\/wp-content\/uploads\/2022\/03\/Vorarlberg-Kleinwalsertal-Snipping-300x210.jpg 300w, https:\/\/walsermundart.ch\/wp-content\/uploads\/2022\/03\/Vorarlberg-Kleinwalsertal-Snipping-768x538.jpg 768w\" sizes=\"auto, (max-width: 489px) 100vw, 489px\" \/><\/figure>\n\n\n\n<figure class=\"wp-block-image size-large is-resized\"><img loading=\"lazy\" decoding=\"async\" src=\"https:\/\/walsermundart.ch\/wp-content\/uploads\/2022\/03\/Vorarlberg-Grosses-W-Wiki-Snipping-1024x478.jpg\" alt=\"\" class=\"wp-image-6828\" width=\"497\" height=\"232\" srcset=\"https:\/\/walsermundart.ch\/wp-content\/uploads\/2022\/03\/Vorarlberg-Grosses-W-Wiki-Snipping-1024x478.jpg 1024w, https:\/\/walsermundart.ch\/wp-content\/uploads\/2022\/03\/Vorarlberg-Grosses-W-Wiki-Snipping-300x140.jpg 300w, https:\/\/walsermundart.ch\/wp-content\/uploads\/2022\/03\/Vorarlberg-Grosses-W-Wiki-Snipping-768x358.jpg 768w, https:\/\/walsermundart.ch\/wp-content\/uploads\/2022\/03\/Vorarlberg-Grosses-W-Wiki-Snipping.jpg 1114w\" sizes=\"auto, (max-width: 497px) 100vw, 497px\" \/><figcaption>Grosses Walsertal <sup>(Wikipedia)<\/sup><\/figcaption><\/figure>\n\n\n\n<figure class=\"wp-block-image size-full is-resized\"><a href=\"https:\/\/walsermundart.ch\/?page_id=2483\"><img loading=\"lazy\" decoding=\"async\" src=\"https:\/\/walsermundart.ch\/wp-content\/uploads\/2022\/03\/Pfeil-zurueck-mini-1.jpg\" alt=\"\" class=\"wp-image-6871\" width=\"106\" height=\"68\"\/><\/a><\/figure>\n","protected":false},"excerpt":{"rendered":"<p>Dunkelgr\u00fcn: Der Dialekt wird von vielen Leuten noch gesprochen und gepflegt. Selbstverst\u00e4ndlich hat sich der Dialekt im Lauf der Zeit ver\u00e4ndert und ist, je nach&hellip;<\/p>\n","protected":false},"author":1,"featured_media":0,"parent":0,"menu_order":0,"comment_status":"closed","ping_status":"closed","template":"","meta":{"footnotes":""},"class_list":["post-6744","page","type-page","status-publish","hentry"],"_links":{"self":[{"href":"https:\/\/walsermundart.ch\/index.php?rest_route=\/wp\/v2\/pages\/6744","targetHints":{"allow":["GET"]}}],"collection":[{"href":"https:\/\/walsermundart.ch\/index.php?rest_route=\/wp\/v2\/pages"}],"about":[{"href":"https:\/\/walsermundart.ch\/index.php?rest_route=\/wp\/v2\/types\/page"}],"author":[{"embeddable":true,"href":"https:\/\/walsermundart.ch\/index.php?rest_route=\/wp\/v2\/users\/1"}],"replies":[{"embeddable":true,"href":"https:\/\/walsermundart.ch\/index.php?rest_route=%2Fwp%2Fv2%2Fcomments&post=6744"}],"version-history":[{"count":9,"href":"https:\/\/walsermundart.ch\/index.php?rest_route=\/wp\/v2\/pages\/6744\/revisions"}],"predecessor-version":[{"id":8156,"href":"https:\/\/walsermundart.ch\/index.php?rest_route=\/wp\/v2\/pages\/6744\/revisions\/8156"}],"wp:attachment":[{"href":"https:\/\/walsermundart.ch\/index.php?rest_route=%2Fwp%2Fv2%2Fmedia&parent=6744"}],"curies":[{"name":"wp","href":"https:\/\/api.w.org\/{rel}","templated":true}]}}