{"id":7128,"date":"2022-03-20T15:51:50","date_gmt":"2022-03-20T15:51:50","guid":{"rendered":"https:\/\/walsermundart.ch\/?page_id=7128"},"modified":"2022-08-08T08:25:33","modified_gmt":"2022-08-08T08:25:33","slug":"6-9-hoerproben","status":"publish","type":"page","link":"https:\/\/walsermundart.ch\/?page_id=7128","title":{"rendered":"6.09 &#8211; H\u00f6rproben"},"content":{"rendered":"\n<figure class=\"wp-block-image size-full is-resized\"><a href=\"https:\/\/walsermundart.ch\/?page_id=399\"><img loading=\"lazy\" decoding=\"async\" src=\"https:\/\/walsermundart.ch\/wp-content\/uploads\/2022\/03\/Pfeil-zurueck-mini-1.jpg\" alt=\"\" class=\"wp-image-6871\" width=\"104\" height=\"67\"\/><\/a><\/figure>\n\n\n\n<figure class=\"wp-block-audio\"><audio controls src=\"https:\/\/walsermundart.ch\/wp-content\/uploads\/2022\/03\/Brand-Peist-Schluss.mp3\"><\/audio><\/figure>\n\n\n\n<p>Nina Brunold, <strong>Peist<\/strong>, hatte den Brand noch selbst erlebt. Die Aufnahme stammt von 1926 im Auftrag des Phonogrammarchivs der Uni Z\u00fcrich, erh\u00e4ltlich bei der Walservereinigung Graub\u00fcnden: B\u00fcndner Walser erz\u00e4hlen.<\/p>\n\n\n\n<figure class=\"wp-block-audio\"><audio controls src=\"https:\/\/walsermundart.ch\/wp-content\/uploads\/2022\/03\/Tschirky-Jenaz.mp3\"><\/audio><\/figure>\n\n\n\n<p>Katharina Tschirky-Val\u00e4r, <strong>Jenaz<\/strong>. Phonogrammarchiv der Uni Z\u00fcrich 1976, Francke Verlag, Bern.<\/p>\n\n\n\n<figure class=\"wp-block-audio\"><audio controls src=\"https:\/\/walsermundart.ch\/wp-content\/uploads\/2022\/03\/Fondei-Lawinen-Mettier.mp3\"><\/audio><\/figure>\n\n\n\n<p>Hans Mettier-Heinrich, <strong>Langwies<\/strong>. Kulturhuus Langwies, actionbound von Nando Mettier 2021<\/p>\n\n\n\n<figure class=\"wp-block-audio\"><audio controls src=\"https:\/\/walsermundart.ch\/wp-content\/uploads\/2022\/03\/St-Peter-P-Sprecher.mp3\"><\/audio><\/figure>\n\n\n\n<p>Peter Fleisch-Sprecher, Mundart von <strong>St. Peter<\/strong>. Phonogrammarchiv der Uni Z\u00fcrich 1976, Francke Verlag, Bern.<br><\/p>\n\n\n\n<figure class=\"wp-block-audio\"><audio controls src=\"https:\/\/walsermundart.ch\/wp-content\/uploads\/2022\/03\/Heuen-Erhard-Furna.mp3\"><\/audio><\/figure>\n\n\n\n<p>Hans Erhard-Val\u00e4r, <strong>Furna<\/strong>. Phonogrammarchiv der Uni Z\u00fcrich 1976, Francke Verlag, Bern.<br><\/p>\n\n\n\n<figure class=\"wp-block-audio\"><audio controls src=\"https:\/\/walsermundart.ch\/wp-content\/uploads\/2022\/03\/Zukunft-Aliesch-1.mp3\"><\/audio><\/figure>\n\n\n\n<p>Fluri Aliesch, <strong>Luzein<\/strong>. Pr\u00e4ttigauer Dialekt Geschichten mit CD. \u00c4n Ggugg in di Zu\u00e4kumpft, Kulturkommission des Regionalverbandes Pro Pr\u00e4ttigau<\/p>\n\n\n\n<figure class=\"wp-block-audio\"><audio controls src=\"https:\/\/walsermundart.ch\/wp-content\/uploads\/2022\/04\/Gschenk-Basel-Bardill.mp3\"><\/audio><\/figure>\n\n\n\n<p>Eva Bardill, <strong>Gadenstett<\/strong>. Gschichten\u00e4 vam Luzeiner B\u00e4rg. 2006 Walservereinigung Graub\u00fcnden<\/p>\n\n\n\n<figure class=\"wp-block-audio\"><audio controls src=\"https:\/\/walsermundart.ch\/wp-content\/uploads\/2022\/03\/Geisslergschicht-Hew.mp3\"><\/audio><\/figure>\n\n\n\n<p>Hittel Hew,<strong> Klosters<\/strong>. Gschichten\u00e4 vam Chloschter 2004, samt <strong>CD<\/strong>, dritte Auflage 2018, Walservereinigung Graub\u00fcnden <\/p>\n","protected":false},"excerpt":{"rendered":"<p>Nina Brunold, Peist, hatte den Brand noch selbst erlebt. Die Aufnahme stammt von 1926 im Auftrag des Phonogrammarchivs der Uni Z\u00fcrich, erh\u00e4ltlich bei der Walservereinigung&hellip;<\/p>\n","protected":false},"author":1,"featured_media":0,"parent":0,"menu_order":0,"comment_status":"closed","ping_status":"closed","template":"","meta":{"footnotes":""},"class_list":["post-7128","page","type-page","status-publish","hentry"],"_links":{"self":[{"href":"https:\/\/walsermundart.ch\/index.php?rest_route=\/wp\/v2\/pages\/7128","targetHints":{"allow":["GET"]}}],"collection":[{"href":"https:\/\/walsermundart.ch\/index.php?rest_route=\/wp\/v2\/pages"}],"about":[{"href":"https:\/\/walsermundart.ch\/index.php?rest_route=\/wp\/v2\/types\/page"}],"author":[{"embeddable":true,"href":"https:\/\/walsermundart.ch\/index.php?rest_route=\/wp\/v2\/users\/1"}],"replies":[{"embeddable":true,"href":"https:\/\/walsermundart.ch\/index.php?rest_route=%2Fwp%2Fv2%2Fcomments&post=7128"}],"version-history":[{"count":12,"href":"https:\/\/walsermundart.ch\/index.php?rest_route=\/wp\/v2\/pages\/7128\/revisions"}],"predecessor-version":[{"id":8084,"href":"https:\/\/walsermundart.ch\/index.php?rest_route=\/wp\/v2\/pages\/7128\/revisions\/8084"}],"wp:attachment":[{"href":"https:\/\/walsermundart.ch\/index.php?rest_route=%2Fwp%2Fv2%2Fmedia&parent=7128"}],"curies":[{"name":"wp","href":"https:\/\/api.w.org\/{rel}","templated":true}]}}