{"id":7432,"date":"2022-04-12T19:39:41","date_gmt":"2022-04-12T19:39:41","guid":{"rendered":"https:\/\/walsermundart.ch\/?page_id=7432"},"modified":"2022-08-08T08:20:11","modified_gmt":"2022-08-08T08:20:11","slug":"6-00-peist-dorf","status":"publish","type":"page","link":"https:\/\/walsermundart.ch\/?page_id=7432","title":{"rendered":"6.00 &#8211; Bewohner um 1950"},"content":{"rendered":"\n<figure class=\"wp-block-image size-full is-resized\"><a href=\"https:\/\/walsermundart.ch\/?page_id=399\"><img loading=\"lazy\" decoding=\"async\" src=\"https:\/\/walsermundart.ch\/wp-content\/uploads\/2022\/03\/Pfeil-zurueck-mini-1.jpg\" alt=\"\" class=\"wp-image-6871\" width=\"132\" height=\"85\"\/><\/a><\/figure>\n\n\n\n<p>Die H\u00e4user ohne Nummern und die grossen St\u00e4lle wurden erst nach 1950 gebaut.<\/p>\n\n\n\n<p><strong>Westlicher Dorfteil<\/strong><\/p>\n\n\n\n<figure class=\"wp-block-image size-full\"><img loading=\"lazy\" decoding=\"async\" width=\"1006\" height=\"454\" src=\"https:\/\/walsermundart.ch\/wp-content\/uploads\/2022\/05\/Peist-West-Okt21-Nummern-Web-2.jpg\" alt=\"\" class=\"wp-image-7879\" srcset=\"https:\/\/walsermundart.ch\/wp-content\/uploads\/2022\/05\/Peist-West-Okt21-Nummern-Web-2.jpg 1006w, https:\/\/walsermundart.ch\/wp-content\/uploads\/2022\/05\/Peist-West-Okt21-Nummern-Web-2-300x135.jpg 300w, https:\/\/walsermundart.ch\/wp-content\/uploads\/2022\/05\/Peist-West-Okt21-Nummern-Web-2-768x347.jpg 768w\" sizes=\"auto, (max-width: 1006px) 100vw, 1006px\" \/><\/figure>\n\n\n\n<figure class=\"wp-block-image size-full\"><img loading=\"lazy\" decoding=\"async\" width=\"554\" height=\"672\" src=\"https:\/\/walsermundart.ch\/wp-content\/uploads\/2022\/05\/Peist-Einwohner-1950-a.jpg\" alt=\"\" class=\"wp-image-7841\" srcset=\"https:\/\/walsermundart.ch\/wp-content\/uploads\/2022\/05\/Peist-Einwohner-1950-a.jpg 554w, https:\/\/walsermundart.ch\/wp-content\/uploads\/2022\/05\/Peist-Einwohner-1950-a-247x300.jpg 247w\" sizes=\"auto, (max-width: 554px) 100vw, 554px\" \/><\/figure>\n\n\n\n<figure class=\"wp-block-image size-full\"><img loading=\"lazy\" decoding=\"async\" width=\"556\" height=\"531\" src=\"https:\/\/walsermundart.ch\/wp-content\/uploads\/2022\/05\/Peist-Einwohner-1950-b5.jpg\" alt=\"\" class=\"wp-image-7884\" srcset=\"https:\/\/walsermundart.ch\/wp-content\/uploads\/2022\/05\/Peist-Einwohner-1950-b5.jpg 556w, https:\/\/walsermundart.ch\/wp-content\/uploads\/2022\/05\/Peist-Einwohner-1950-b5-300x287.jpg 300w\" sizes=\"auto, (max-width: 556px) 100vw, 556px\" \/><\/figure>\n\n\n\n<div style=\"height:29px\" aria-hidden=\"true\" class=\"wp-block-spacer\"><\/div>\n\n\n\n<p><strong>\u00d6stlicher Dorfteil<\/strong><\/p>\n\n\n\n<figure class=\"wp-block-image size-full is-resized\"><img loading=\"lazy\" decoding=\"async\" src=\"https:\/\/walsermundart.ch\/wp-content\/uploads\/2022\/04\/Peist-75-Ost-Nummern-Web2.jpg\" alt=\"\" class=\"wp-image-7464\" width=\"833\" height=\"417\" srcset=\"https:\/\/walsermundart.ch\/wp-content\/uploads\/2022\/04\/Peist-75-Ost-Nummern-Web2.jpg 850w, https:\/\/walsermundart.ch\/wp-content\/uploads\/2022\/04\/Peist-75-Ost-Nummern-Web2-300x150.jpg 300w, https:\/\/walsermundart.ch\/wp-content\/uploads\/2022\/04\/Peist-75-Ost-Nummern-Web2-768x384.jpg 768w\" sizes=\"auto, (max-width: 833px) 100vw, 833px\" \/><\/figure>\n\n\n\n<figure class=\"wp-block-image size-full\"><img loading=\"lazy\" decoding=\"async\" width=\"550\" height=\"710\" src=\"https:\/\/walsermundart.ch\/wp-content\/uploads\/2022\/05\/Peist-Einwohner-1950-c.jpg\" alt=\"\" class=\"wp-image-7846\" srcset=\"https:\/\/walsermundart.ch\/wp-content\/uploads\/2022\/05\/Peist-Einwohner-1950-c.jpg 550w, https:\/\/walsermundart.ch\/wp-content\/uploads\/2022\/05\/Peist-Einwohner-1950-c-232x300.jpg 232w\" sizes=\"auto, (max-width: 550px) 100vw, 550px\" \/><\/figure>\n\n\n\n<figure class=\"wp-block-image size-full\"><img loading=\"lazy\" decoding=\"async\" width=\"531\" height=\"737\" src=\"https:\/\/walsermundart.ch\/wp-content\/uploads\/2022\/05\/Peist-Einwohner-1950-d3.jpg\" alt=\"\" class=\"wp-image-7876\" srcset=\"https:\/\/walsermundart.ch\/wp-content\/uploads\/2022\/05\/Peist-Einwohner-1950-d3.jpg 531w, https:\/\/walsermundart.ch\/wp-content\/uploads\/2022\/05\/Peist-Einwohner-1950-d3-216x300.jpg 216w\" sizes=\"auto, (max-width: 531px) 100vw, 531px\" \/><\/figure>\n\n\n\n<figure class=\"wp-block-image size-full\"><img loading=\"lazy\" decoding=\"async\" width=\"541\" height=\"462\" src=\"https:\/\/walsermundart.ch\/wp-content\/uploads\/2022\/05\/Peist-Einwohner-1950-e.jpg\" alt=\"\" class=\"wp-image-7848\" srcset=\"https:\/\/walsermundart.ch\/wp-content\/uploads\/2022\/05\/Peist-Einwohner-1950-e.jpg 541w, https:\/\/walsermundart.ch\/wp-content\/uploads\/2022\/05\/Peist-Einwohner-1950-e-300x256.jpg 300w\" sizes=\"auto, (max-width: 541px) 100vw, 541px\" \/><\/figure>\n\n\n\n<figure class=\"wp-block-image size-full is-resized\"><a href=\"https:\/\/walsermundart.ch\/?page_id=399\"><img loading=\"lazy\" decoding=\"async\" src=\"https:\/\/walsermundart.ch\/wp-content\/uploads\/2022\/03\/Pfeil-zurueck-mini-1.jpg\" alt=\"\" class=\"wp-image-6871\" width=\"132\" height=\"85\"\/><\/a><\/figure>\n","protected":false},"excerpt":{"rendered":"<p>Die H\u00e4user ohne Nummern und die grossen St\u00e4lle wurden erst nach 1950 gebaut. Westlicher Dorfteil \u00d6stlicher Dorfteil<\/p>\n","protected":false},"author":1,"featured_media":0,"parent":0,"menu_order":0,"comment_status":"closed","ping_status":"closed","template":"","meta":{"footnotes":""},"class_list":["post-7432","page","type-page","status-publish","hentry"],"_links":{"self":[{"href":"https:\/\/walsermundart.ch\/index.php?rest_route=\/wp\/v2\/pages\/7432","targetHints":{"allow":["GET"]}}],"collection":[{"href":"https:\/\/walsermundart.ch\/index.php?rest_route=\/wp\/v2\/pages"}],"about":[{"href":"https:\/\/walsermundart.ch\/index.php?rest_route=\/wp\/v2\/types\/page"}],"author":[{"embeddable":true,"href":"https:\/\/walsermundart.ch\/index.php?rest_route=\/wp\/v2\/users\/1"}],"replies":[{"embeddable":true,"href":"https:\/\/walsermundart.ch\/index.php?rest_route=%2Fwp%2Fv2%2Fcomments&post=7432"}],"version-history":[{"count":21,"href":"https:\/\/walsermundart.ch\/index.php?rest_route=\/wp\/v2\/pages\/7432\/revisions"}],"predecessor-version":[{"id":8075,"href":"https:\/\/walsermundart.ch\/index.php?rest_route=\/wp\/v2\/pages\/7432\/revisions\/8075"}],"wp:attachment":[{"href":"https:\/\/walsermundart.ch\/index.php?rest_route=%2Fwp%2Fv2%2Fmedia&parent=7432"}],"curies":[{"name":"wp","href":"https:\/\/api.w.org\/{rel}","templated":true}]}}