{"id":762,"date":"2021-02-09T07:55:03","date_gmt":"2021-02-09T07:55:03","guid":{"rendered":"https:\/\/hed.ch\/?page_id=762"},"modified":"2024-02-23T19:19:26","modified_gmt":"2024-02-23T19:19:26","slug":"verse-1","status":"publish","type":"page","link":"https:\/\/walsermundart.ch\/?page_id=762","title":{"rendered":"8.0 &#8211; Gsund siin"},"content":{"rendered":"\n<figure class=\"wp-block-image size-full is-resized\"><a href=\"https:\/\/walsermundart.ch\/?page_id=156\"><img loading=\"lazy\" decoding=\"async\" width=\"268\" height=\"173\" src=\"https:\/\/walsermundart.ch\/wp-content\/uploads\/2022\/03\/Pfeil-zurueck-mini-1.jpg\" alt=\"\" class=\"wp-image-6871\" style=\"width:141px;height:auto\"\/><\/a><\/figure>\n\n\n\n<figure class=\"wp-block-image size-large is-resized\"><img loading=\"lazy\" decoding=\"async\" width=\"1024\" height=\"731\" src=\"https:\/\/walsermundart.ch\/wp-content\/uploads\/2021\/01\/Peist-Barguns-Reuter-65-red-Wolken-1024x731.jpg\" alt=\"\" class=\"wp-image-173\" style=\"width:487px;height:auto\" srcset=\"https:\/\/walsermundart.ch\/wp-content\/uploads\/2021\/01\/Peist-Barguns-Reuter-65-red-Wolken-1024x731.jpg 1024w, https:\/\/walsermundart.ch\/wp-content\/uploads\/2021\/01\/Peist-Barguns-Reuter-65-red-Wolken-300x214.jpg 300w, https:\/\/walsermundart.ch\/wp-content\/uploads\/2021\/01\/Peist-Barguns-Reuter-65-red-Wolken-768x549.jpg 768w, https:\/\/walsermundart.ch\/wp-content\/uploads\/2021\/01\/Peist-Barguns-Reuter-65-red-Wolken-1536x1097.jpg 1536w, https:\/\/walsermundart.ch\/wp-content\/uploads\/2021\/01\/Peist-Barguns-Reuter-65-red-Wolken-2048x1463.jpg 2048w\" sizes=\"auto, (max-width: 1024px) 100vw, 1024px\" \/><\/figure>\n\n\n\n<p>Ein Klick auf die kleinen Pfeile ergibt den Ton.<\/p>\n\n\n\n<p><strong>\u00dcns Naani gschp\u00fcrd ds W\u00e4ttr<\/strong><\/p>\n\n\n\n<figure class=\"wp-block-audio\"><audio controls src=\"https:\/\/walsermundart.ch\/wp-content\/uploads\/2022\/04\/001-Nani.mp3\"><\/audio><\/figure>\n\n\n\n<p>\u00dcns Naani s\u00e4id, \u00e4s chomi l\u00e4id,<br>will d Ch\u00fcpf\u00e4flu\u00e4 \u00e4 Chapp\u00e4 tr\u00e4id.<br>Di Glidr t\u00fc\u00e4nd au alli weh,<br>schi m\u00e4ind, \u00e4s g\u00e4bi gw\u00fcss noch Schnee.<\/p>\n\n\n\n<p><strong>\u00dcns Naani ischt \u00e4 w\u00e9r\u00e4gi<\/strong><\/p>\n\n\n\n<figure class=\"wp-block-audio\"><audio controls src=\"https:\/\/walsermundart.ch\/wp-content\/uploads\/2022\/04\/002-Nani.mp3\"><\/audio><\/figure>\n\n\n\n<div class=\"wp-block-group\"><div class=\"wp-block-group__inner-container is-layout-flow wp-block-group-is-layout-flow\">\n<div class=\"wp-block-group\"><div class=\"wp-block-group__inner-container is-layout-flow wp-block-group-is-layout-flow\">\n<div class=\"wp-block-group\"><div class=\"wp-block-group__inner-container is-layout-flow wp-block-group-is-layout-flow\">\n<div class=\"wp-block-group\"><div class=\"wp-block-group__inner-container is-layout-flow wp-block-group-is-layout-flow\">\n<div class=\"wp-block-group\"><div class=\"wp-block-group__inner-container is-layout-flow wp-block-group-is-layout-flow\">\n<div class=\"wp-block-group\"><div class=\"wp-block-group__inner-container is-layout-flow wp-block-group-is-layout-flow\">\n<div class=\"wp-block-group\"><div class=\"wp-block-group__inner-container is-layout-flow wp-block-group-is-layout-flow\">\n<div class=\"wp-block-group\"><div class=\"wp-block-group__inner-container is-layout-flow wp-block-group-is-layout-flow\">\n<div class=\"wp-block-columns are-vertically-aligned-center is-layout-flex wp-container-core-columns-is-layout-9d6595d7 wp-block-columns-is-layout-flex\">\n<div class=\"wp-block-column is-layout-flow wp-block-column-is-layout-flow\" style=\"flex-basis:100%\">\n<div class=\"wp-block-group\"><div class=\"wp-block-group__inner-container is-layout-flow wp-block-group-is-layout-flow\">\n<div class=\"wp-block-group\"><div class=\"wp-block-group__inner-container is-layout-flow wp-block-group-is-layout-flow\">\n<div class=\"wp-block-group\"><div class=\"wp-block-group__inner-container is-layout-flow wp-block-group-is-layout-flow\">\n<p class=\"has-black-color has-text-color\">H\u00fcbsch langsam und ord\u00e4li ummrgaan,<br>d\u00e4mm s\u00e4g\u00e4nd di Kurgescht schpazi\u00e4r\u00e4.<br>Schi faad jetz au gar n\u00fcd mee and\u00e4rscht aan,<br>Gaan g\u00e4id noch mid salb\u00e4 und schmi\u00e4r\u00e4.<\/p>\n\n\n\n<p><strong>Raichrischtli z Cafr\u00e4iss\u00e4<\/strong><\/p>\n\n\n\n<figure class=\"wp-block-audio\"><audio controls src=\"https:\/\/walsermundart.ch\/wp-content\/uploads\/2022\/04\/003-Rain.mp3\"><\/audio><\/figure>\n\n\n\n<p>Ja, Raischrischtli dussn\u00e4 hed nid \u00e4s rings L\u00e4b\u00e4,<br>\u00e4r mu\u00e4s was \u00e4r hed an \u00e4s Boord zuachi chl\u00e4b\u00e4.<br>\u00c4r hed dr Rain ggerbt und ischt zfrid\u00e4 drmid,<br>wenn s f\u00fcr schiini \u00c4ign\u00e4 gnu\u00e4g Iichomm\u00e4 gid.<\/p>\n<\/div><\/div>\n\n\n\n<p><strong>Chl\u00e4in und al\u00e4in d\u00e4h\u00e4im\u00e4d<\/strong><\/p>\n\n\n\n<figure class=\"wp-block-audio\"><audio controls src=\"https:\/\/walsermundart.ch\/wp-content\/uploads\/2022\/04\/004-Alaein.mp3\"><\/audio><\/figure>\n\n\n\n<p>\u00c4rw\u00e0gsni h\u00e4ind \u00e4n Huuff\u00e4 z tu\u00e4n und Soorg\u00e4.<br>Dass d Chind au Soorg\u00e4 h\u00e4ind, bliibt z m\u00e4ischt vrboorg\u00e4.<br>&#171;Wenn sch entli cheem\u00e4nd, d Mamm\u00e4 und dr \u00c4tti,<br>und ii nid albig d\u00e4\u00e4w\u00e4g z angscht\u00e4 h\u00e4tti.&#187;<\/p>\n<\/div><\/div>\n<\/div><\/div>\n\n\n\n<p><strong>\u00dcns Naani muul\u00e4d<\/strong><\/p>\n\n\n\n<figure class=\"wp-block-audio\"><audio controls src=\"https:\/\/walsermundart.ch\/wp-content\/uploads\/2022\/04\/005-Vogldraeckae.mp3\"><\/audio><\/figure>\n\n\n\n<p>N\u00e4i, Wassr triichscht nid us \u00e4m Bach,<br>driin hed s ggw\u00fcss allrhand G\u00e4ti\u00e4r<br>und Vogldr\u00e4ck\u00e4 ab am Tachch.<br>\u00c4rchrank\u00e4 chascht, s\u00e4b s\u00e4g i di\u00e4r!<\/p>\n\n\n\n<p><strong>Ds Bu\u00e4bi t\u00e4uff im Bett<\/strong><\/p>\n\n\n\n<figure class=\"wp-block-audio\"><audio controls src=\"https:\/\/walsermundart.ch\/wp-content\/uploads\/2022\/04\/006-Chrank.mp3\"><\/audio><\/figure>\n\n\n\n<p>Am Morg\u00e4d vor uufschtaan schon bchlagt \u00e4r schiis Wee.<br>D Mamm\u00e4 hed Murm\u00e4nd\u00e4f\u00e4isti und Tee.<br>Schi cha m\u00e4 n\u00fc\u00fcd machch\u00e4 zum Dank.<br>D\u00e4r aar\u00e4m Schiissr ischt chrank.<\/p>\n\n\n\n<p><strong>Miini Schweschtr hed Fi\u00e4br<\/strong><\/p>\n\n\n\n<figure class=\"wp-block-audio\"><audio controls src=\"https:\/\/walsermundart.ch\/wp-content\/uploads\/2022\/04\/007-Schweschtr.mp3\"><\/audio><\/figure>\n\n\n\n<p>Bim B\u00e4\u00e4rg\u00e4 hed s ni\u00e4n\u00e4 \u00e4s Teliffoon.<br>Bliib gsund, den dr Doktr chan dert nid choon!<br>Doch d Schweschtr hed Fi\u00e4br und eelend wee,<br>wi\u00e4r h\u00e4ind k\u00e4in Tablett\u00e4, nun \u00e4tt\u00e4s Tee.<br>Da packt sch\u00e4 dr Pap\u00e4 in T\u00fc\u00e4chr iin,<br>im Laufschritt g\u00e4it s uusw\u00e4rts und ab in ds Tal.<br>Ds Penicillin ischt \u00e4rfund\u00e4 gsin,<br>zum Gl\u00fcck h\u00e4indsch \u00e4s ghan im Schpital!<\/p>\n\n\n\n<p><strong>Al\u00e4in<\/strong><\/p>\n\n\n\n<figure class=\"wp-block-audio\"><audio controls src=\"https:\/\/walsermundart.ch\/wp-content\/uploads\/2022\/04\/008-Alaein.mp3\"><\/audio><\/figure>\n\n\n\n<p>I huus\u00e4 al\u00e4in ooni Hund.<br>Was tu\u00e4n, wenn \u00e4n Iinbr\u00e4chchr chund?<br>I hoff\u00e4 \u00e4r gchomi nid iin,<br>sus wett i nid aaw\u00e4s\u00e4nd siin.<\/p>\n\n\n\n<p><strong>Ischt \u00e4 Wolf ummr?<\/strong><\/p>\n\n\n\n<figure class=\"wp-block-audio\"><audio controls src=\"https:\/\/walsermundart.ch\/wp-content\/uploads\/2022\/04\/009-Wolf.mp3\"><\/audio><\/figure>\n\n\n\n<p>\u00c4s hed in dr Nacht ganz ord\u00e4li gschniid,<br>und aab bis in d Schu\u00e4l is halt tond\u00e4rli wiit.<br>H\u00fct schick wr di G\u00f6\u00f6f nid al\u00e4in ab in ds Tal.<br>\u00c4s wenn gid s \u00e4s Ungl\u00fcck, s g\u00e4id bis an \u00e4 Mal.<\/p>\n<\/div>\n<\/div>\n<\/div><\/div>\n<\/div><\/div>\n<\/div><\/div>\n<\/div><\/div>\n<\/div><\/div>\n<\/div><\/div>\n<\/div><\/div>\n<\/div><\/div>\n\n\n\n<figure class=\"wp-block-image size-large is-resized\"><img loading=\"lazy\" decoding=\"async\" width=\"768\" height=\"1024\" src=\"https:\/\/walsermundart.ch\/wp-content\/uploads\/2021\/02\/Schatzalpweg-23Jan12-red-768x1024.jpg\" alt=\"\" class=\"wp-image-849\" style=\"width:369px;height:auto\" srcset=\"https:\/\/walsermundart.ch\/wp-content\/uploads\/2021\/02\/Schatzalpweg-23Jan12-red-768x1024.jpg 768w, https:\/\/walsermundart.ch\/wp-content\/uploads\/2021\/02\/Schatzalpweg-23Jan12-red-225x300.jpg 225w, https:\/\/walsermundart.ch\/wp-content\/uploads\/2021\/02\/Schatzalpweg-23Jan12-red-1152x1536.jpg 1152w, https:\/\/walsermundart.ch\/wp-content\/uploads\/2021\/02\/Schatzalpweg-23Jan12-red-1536x2048.jpg 1536w, https:\/\/walsermundart.ch\/wp-content\/uploads\/2021\/02\/Schatzalpweg-23Jan12-red-scaled.jpg 1920w\" sizes=\"auto, (max-width: 768px) 100vw, 768px\" \/><\/figure>\n\n\n\n<p><strong>Red\u00e4 mid dm Wolf n\u00fctzt n\u00fc\u00fcd<\/strong><\/p>\n\n\n\n<figure class=\"wp-block-audio\"><audio controls src=\"https:\/\/walsermundart.ch\/wp-content\/uploads\/2022\/04\/010-Wolf2.mp3\"><\/audio><\/figure>\n\n\n\n<p>\u00c4n H\u00fctt\u00e4 g\u00e4n buu\u00e4 im Wald,<br>das m\u00fc\u00e4ss\u00e4nd di G\u00f6\u00f6f h\u00fct vrg\u00e4ss\u00e4.<br>\u00c4s chund \u00e4im bald h\u00e4iss und bald chald,<br>dr Wolf ch\u00f6nti choon und schi fr\u00e4ss\u00e4.<\/p>\n\n\n\n<p><strong>Dr Neeni<\/strong><\/p>\n\n\n\n<figure class=\"wp-block-audio\"><audio controls src=\"https:\/\/walsermundart.ch\/wp-content\/uploads\/2022\/04\/011-Gguutschi.mp3\"><\/audio><\/figure>\n\n\n\n<p>\u00c4r s\u00f6tti mee g\u00e4 lauff\u00e4,<br>zw\u00e4i Wandrscht\u00e4ck\u00e4 chauff\u00e4.<br>Wen ds Gguutschi nu nid weer!<br>So tu\u00e4d \u00e4r schi gaar schweer.<\/p>\n\n\n\n<p><strong>\u00c4n Gfr\u00f6\u00f6rlig<\/strong><\/p>\n\n\n\n<figure class=\"wp-block-audio\"><audio controls src=\"https:\/\/walsermundart.ch\/wp-content\/uploads\/2022\/04\/012-Ggfroeoerlig.mp3\"><\/audio><\/figure>\n\n\n\n<p>\u00c4n aarm\u00e4 Gfr\u00f6\u00f6rlig ischt miin Maan.<br>\u00c4r schlott\u00e4r\u00e4d, \u00e4s h\u00fclft k\u00e4is Chruut,<br>vam Fu\u00e4ss bis Chopf nun Henn\u00e4huut.<br>\u00c4s Gitzi ch\u00f6nti suug\u00e4 draan.<\/p>\n\n\n\n<p><strong>Dr Cafr\u00e4issr Neni hed gs\u00e4id<\/strong><\/p>\n\n\n\n<figure class=\"wp-block-audio\"><audio controls src=\"https:\/\/walsermundart.ch\/wp-content\/uploads\/2024\/02\/013b-Neni.mp3\"><\/audio><\/figure>\n\n\n\n<p>M\u00e4 s\u00f6tti ni\u00e4 n\u00fc\u00fcd \u00fcbrtriib\u00e4.<br>Das ischt mi\u00e4r im G\u00e4dechtnis plib\u00e4.<br>Dr \u00e4ign\u00e4 Gsundh\u00e4it di\u00e4n\u00e4d s n\u00fc\u00fcd,<br>nid mi\u00e4r, nid di\u00e4r und k\u00e4in\u00e4 L\u00fc\u00fct.<\/p>\n\n\n\n<p><strong>Halb s\u00f6vl \u00e4ss\u00e4<\/strong><\/p>\n\n\n\n<figure class=\"wp-block-audio\"><audio controls src=\"https:\/\/walsermundart.ch\/wp-content\/uploads\/2022\/04\/014-Vitamin.mp3\"><\/audio><\/figure>\n\n\n\n<p>In Ziitig\u00e4, Heftli, a viiln\u00e4 Oord scht\u00e4id, das sii gsund,<br>\u00e4s h\u00e4i Vitamin, gu\u00e4ti \u00d6l und sii nid \u00e4tt\u00e4 Schund.<br>Den list ma grad ds G\u00e4g\u00e4t\u00e4il, das sii nid gsund und den ditz.<br>Am bescht\u00e4, m\u00e4 isst so wi\u00e4 fr\u00fc\u00e4r van all\u00e4m \u00e4n bitz.<br>Was sch dazumal gs\u00e4id haind, hed ggolt\u00e4, gilt h\u00fctt und all Tag:<br>M\u00e4 s\u00f6tti nun halb s\u00f6vl \u00e4ss\u00e4, as das waa ma mag.<br>M\u00e4 hock\u00e4d ja albig und schtriichl\u00e4d bim \u00c4ss\u00e4 dr Mag\u00e4.<br>Wen s d\u00e4\u00e4w\u00e4g so wiit\u00e4rg\u00e4id, g\u00e4id s \u00fcnschn\u00e4 H\u00e4rz an d\u00e4 Chrag\u00e4.<\/p>\n\n\n\n<p><strong>\u00dcns Naani gid \u00e4n Raat<\/strong><\/p>\n\n\n\n<figure class=\"wp-block-audio\"><audio controls src=\"https:\/\/walsermundart.ch\/wp-content\/uploads\/2022\/04\/015-Raat.mp3\"><\/audio><\/figure>\n\n\n\n<p>Ischt ds W\u00e4ttr au h\u00fcbsch, n\u00fcmmscht gliich W\u00e4ttrh\u00e4\u00e4ss mit,<br>bim l\u00e4id\u00e4 chascht albig noch tu\u00e4n wi\u00e4 d de witt.<br>Im Rucksack hed s Tee, \u00e4t\u00e4s Brod, \u00e4n bitz Schp\u00e4ck,<br>sus chuscht, s\u00f6ttischt m\u00fc\u00e4d siin, baald n\u00fcmm\u00e4 vam Fl\u00e4ck.<\/p>\n\n\n\n<p><strong>\u00c4s f\u00f6\u00f6n\u00e4d<\/strong><\/p>\n\n\n\n<figure class=\"wp-block-audio\"><audio controls src=\"https:\/\/walsermundart.ch\/wp-content\/uploads\/2022\/04\/016-Foehn.mp3\"><\/audio><\/figure>\n\n\n\n<p>Dr F\u00f6hn hed d Wassrgelt\u00e4 am F\u00fcdli,<br>s\u00e4b hed \u00fcns Nani albig schon gs\u00e4id.<br>Und we m\u00e4 ds Ggw\u00fclch gsi\u00e4d, is s wol au m\u00fcgli,<br>dass h\u00fctt schon zu\u00e4 tu\u00e4d. Moor\u00e4 is s l\u00e4id!<\/p>\n\n\n\n<figure class=\"wp-block-image size-full is-resized\"><a href=\"https:\/\/walsermundart.ch\/?page_id=156\"><img loading=\"lazy\" decoding=\"async\" width=\"268\" height=\"173\" src=\"https:\/\/walsermundart.ch\/wp-content\/uploads\/2022\/03\/Pfeil-zurueck-mini-1.jpg\" alt=\"\" class=\"wp-image-6871\" style=\"width:135px;height:auto\"\/><\/a><\/figure>\n\n\n\n<div class=\"wp-block-group\"><div class=\"wp-block-group__inner-container is-layout-flow wp-block-group-is-layout-flow\"><\/div><\/div>\n","protected":false},"excerpt":{"rendered":"<p>Ein Klick auf die kleinen Pfeile ergibt den Ton. \u00dcns Naani gschp\u00fcrd ds W\u00e4ttr \u00dcns Naani s\u00e4id, \u00e4s chomi l\u00e4id,will d Ch\u00fcpf\u00e4flu\u00e4 \u00e4 Chapp\u00e4 tr\u00e4id.Di&hellip;<\/p>\n","protected":false},"author":1,"featured_media":0,"parent":0,"menu_order":0,"comment_status":"closed","ping_status":"closed","template":"","meta":{"footnotes":""},"class_list":["post-762","page","type-page","status-publish","hentry"],"_links":{"self":[{"href":"https:\/\/walsermundart.ch\/index.php?rest_route=\/wp\/v2\/pages\/762","targetHints":{"allow":["GET"]}}],"collection":[{"href":"https:\/\/walsermundart.ch\/index.php?rest_route=\/wp\/v2\/pages"}],"about":[{"href":"https:\/\/walsermundart.ch\/index.php?rest_route=\/wp\/v2\/types\/page"}],"author":[{"embeddable":true,"href":"https:\/\/walsermundart.ch\/index.php?rest_route=\/wp\/v2\/users\/1"}],"replies":[{"embeddable":true,"href":"https:\/\/walsermundart.ch\/index.php?rest_route=%2Fwp%2Fv2%2Fcomments&post=762"}],"version-history":[{"count":97,"href":"https:\/\/walsermundart.ch\/index.php?rest_route=\/wp\/v2\/pages\/762\/revisions"}],"predecessor-version":[{"id":8766,"href":"https:\/\/walsermundart.ch\/index.php?rest_route=\/wp\/v2\/pages\/762\/revisions\/8766"}],"wp:attachment":[{"href":"https:\/\/walsermundart.ch\/index.php?rest_route=%2Fwp%2Fv2%2Fmedia&parent=762"}],"curies":[{"name":"wp","href":"https:\/\/api.w.org\/{rel}","templated":true}]}}