{"id":8184,"date":"2022-09-03T18:08:42","date_gmt":"2022-09-03T18:08:42","guid":{"rendered":"https:\/\/walsermundart.ch\/?page_id=8184"},"modified":"2025-08-20T07:01:04","modified_gmt":"2025-08-20T07:01:04","slug":"10-underwaegs","status":"publish","type":"page","link":"https:\/\/walsermundart.ch\/?page_id=8184","title":{"rendered":"10 Underw\u00e4gs"},"content":{"rendered":"\n<p>Text und Ton Elisabeth Mani-Heldstab<\/p>\n\n\n\n<p>Gedankenlyrik aus dem vergriffenen Gedichtband &#171;Underw\u00e4gs&#187;. Danke, Elisabeth, f\u00fcr die Texte und insbesondere auch f\u00fcrs Vertonen. Die Fotos stammen von Andreas Fl\u00fctsch sel.<\/p>\n\n\n\n<figure class=\"wp-block-image size-full is-resized\"><a href=\"https:\/\/walsermundart.ch\/\"><img loading=\"lazy\" decoding=\"async\" src=\"https:\/\/walsermundart.ch\/wp-content\/uploads\/2022\/03\/pfeil-home-Snipp.jpg\" alt=\"\" class=\"wp-image-6993\" width=\"147\" height=\"80\" srcset=\"https:\/\/walsermundart.ch\/wp-content\/uploads\/2022\/03\/pfeil-home-Snipp.jpg 316w, https:\/\/walsermundart.ch\/wp-content\/uploads\/2022\/03\/pfeil-home-Snipp-300x164.jpg 300w\" sizes=\"auto, (max-width: 147px) 100vw, 147px\" \/><\/a><\/figure>\n\n\n\n<p><a href=\"https:\/\/walsermundart.ch\/?page_id=8217\">10.1  <strong>mit dr Ziit<\/strong><\/a><\/p>\n\n\n\n<p><a href=\"https:\/\/walsermundart.ch\/?page_id=8308\">10.2  <strong>naadeicha<\/strong><\/a><\/p>\n\n\n\n<p><a href=\"https:\/\/walsermundart.ch\/?page_id=8326\">10.3  <strong>du bischt<\/strong><\/a><\/p>\n\n\n\n<p><a href=\"https:\/\/walsermundart.ch\/?page_id=8361\">10.4  <strong>Gsichter<\/strong><\/a><\/p>\n\n\n\n<p><a href=\"https:\/\/walsermundart.ch\/?page_id=8347\">10.5  <strong>\u00c4\u00e4rda<\/strong><\/a><\/p>\n\n\n\n<p><a href=\"https:\/\/walsermundart.ch\/?page_id=8351\">10.6  <strong>midenand<\/strong><\/a><\/p>\n","protected":false},"excerpt":{"rendered":"<p>Text und Ton Elisabeth Mani-Heldstab Gedankenlyrik aus dem vergriffenen Gedichtband &#171;Underw\u00e4gs&#187;. Danke, Elisabeth, f\u00fcr die Texte und insbesondere auch f\u00fcrs Vertonen. Die Fotos stammen von&hellip;<\/p>\n","protected":false},"author":1,"featured_media":0,"parent":0,"menu_order":0,"comment_status":"closed","ping_status":"closed","template":"","meta":{"footnotes":""},"class_list":["post-8184","page","type-page","status-publish","hentry"],"_links":{"self":[{"href":"https:\/\/walsermundart.ch\/index.php?rest_route=\/wp\/v2\/pages\/8184","targetHints":{"allow":["GET"]}}],"collection":[{"href":"https:\/\/walsermundart.ch\/index.php?rest_route=\/wp\/v2\/pages"}],"about":[{"href":"https:\/\/walsermundart.ch\/index.php?rest_route=\/wp\/v2\/types\/page"}],"author":[{"embeddable":true,"href":"https:\/\/walsermundart.ch\/index.php?rest_route=\/wp\/v2\/users\/1"}],"replies":[{"embeddable":true,"href":"https:\/\/walsermundart.ch\/index.php?rest_route=%2Fwp%2Fv2%2Fcomments&post=8184"}],"version-history":[{"count":20,"href":"https:\/\/walsermundart.ch\/index.php?rest_route=\/wp\/v2\/pages\/8184\/revisions"}],"predecessor-version":[{"id":8807,"href":"https:\/\/walsermundart.ch\/index.php?rest_route=\/wp\/v2\/pages\/8184\/revisions\/8807"}],"wp:attachment":[{"href":"https:\/\/walsermundart.ch\/index.php?rest_route=%2Fwp%2Fv2%2Fmedia&parent=8184"}],"curies":[{"name":"wp","href":"https:\/\/api.w.org\/{rel}","templated":true}]}}