{"id":8217,"date":"2022-09-11T08:45:35","date_gmt":"2022-09-11T08:45:35","guid":{"rendered":"https:\/\/walsermundart.ch\/?page_id=8217"},"modified":"2024-02-15T16:23:26","modified_gmt":"2024-02-15T16:23:26","slug":"10-1-mit-dr-ziit","status":"publish","type":"page","link":"https:\/\/walsermundart.ch\/?page_id=8217","title":{"rendered":"10.1 Mit dr Ziit"},"content":{"rendered":"\n<figure class=\"wp-block-image size-full is-resized\"><a href=\"https:\/\/walsermundart.ch\/?page_id=8184\"><img loading=\"lazy\" decoding=\"async\" width=\"268\" height=\"173\" src=\"https:\/\/walsermundart.ch\/wp-content\/uploads\/2022\/03\/Pfeil-zurueck-mini-1.jpg\" alt=\"\" class=\"wp-image-6871\" style=\"width:125px;height:80px\"\/><\/a><\/figure>\n\n\n\n<p>Ein Klick auf die kleinen Pfeile ergibt den Ton.<\/p>\n\n\n\n<p><strong>Mit dr Ziit<\/strong><\/p>\n\n\n\n<figure class=\"wp-block-audio\"><audio controls src=\"https:\/\/walsermundart.ch\/wp-content\/uploads\/2022\/09\/em01.mp3\"><\/audio><\/figure>\n\n\n<p>mit dr Ziit <br \/>d\u00fcr Beg\u00e4gniga <br \/>l\u00e4rna i mii chenna<br \/>iin und uuswendig<br \/>underw\u00e4gs <br \/>heinzua<\/p>\n\n\n<p><strong>Ziitrad<\/strong><\/p>\n\n\n\n<figure class=\"wp-block-audio\"><audio controls src=\"https:\/\/walsermundart.ch\/wp-content\/uploads\/2022\/09\/em02.mp3\"><\/audio><\/figure>\n\n\n<p style=\"text-align: left;\">biziita erlediga<br \/>was zur Ziit in diar brinnt<\/p>\n<p style=\"text-align: left;\">vellicht <br \/>hescht pl\u00f6tzli kein Ziit me derzua<\/p>\n<p style=\"text-align: left;\">wenn ds Ziitrad um ischt<br \/>het niamed me \u00dcberziit z guat<\/p>\n\n\n<p><strong>Vorsetz<\/strong><\/p>\n\n\n\n<figure class=\"wp-block-audio\"><audio controls src=\"https:\/\/walsermundart.ch\/wp-content\/uploads\/2022\/09\/em03.mp3\"><\/audio><\/figure>\n\n\n<p>n\u00fcm i miar albig am Aafang<br \/>ganzi Uufsetz voll<br \/>und de chommend di erschta Absetz<br \/>und scho liggend sch ama Huufa<\/p>\n\n\n<p><strong>Aafang<\/strong><\/p>\n\n\n\n<figure class=\"wp-block-audio\"><audio controls src=\"https:\/\/walsermundart.ch\/wp-content\/uploads\/2022\/09\/em04.mp3\"><\/audio><\/figure>\n\n\n<p>aagfanga <br \/>h\u00e4tt i scho mengs<br \/>wenn dr Aafang nit so m\u00fcasam wer<\/p>\n<p>aafaa<br \/>ischt wia \u00e4 Schritt in di Br\u00e4nta<br \/>niemed weiss<br \/>ob s uuf oder nitschi geit<\/p>\n<p>aagfanga<br \/>h\u00e4tt i scho mengs<br \/>wenn i ds Ziil ch\u00f6nnti gsee<\/p>\n<p>aber<br \/>ooni Aafang<br \/>mach i mi nit \u00e4mal uf da W\u00e4g<\/p>\n\n\n<figure class=\"wp-block-image size-large is-resized\"><img loading=\"lazy\" decoding=\"async\" width=\"641\" height=\"1024\" src=\"https:\/\/walsermundart.ch\/wp-content\/uploads\/2022\/09\/Nebel-min-641x1024.jpg\" alt=\"\" class=\"wp-image-8395\" style=\"width:379px;height:605px\" srcset=\"https:\/\/walsermundart.ch\/wp-content\/uploads\/2022\/09\/Nebel-min-641x1024.jpg 641w, https:\/\/walsermundart.ch\/wp-content\/uploads\/2022\/09\/Nebel-min-188x300.jpg 188w, https:\/\/walsermundart.ch\/wp-content\/uploads\/2022\/09\/Nebel-min-768x1227.jpg 768w, https:\/\/walsermundart.ch\/wp-content\/uploads\/2022\/09\/Nebel-min-961x1536.jpg 961w, https:\/\/walsermundart.ch\/wp-content\/uploads\/2022\/09\/Nebel-min-1282x2048.jpg 1282w, https:\/\/walsermundart.ch\/wp-content\/uploads\/2022\/09\/Nebel-min.jpg 1446w\" sizes=\"auto, (max-width: 641px) 100vw, 641px\" \/><\/figure>\n\n\n\n<p><strong>September<\/strong><\/p>\n\n\n\n<figure class=\"wp-block-audio\"><audio controls src=\"https:\/\/walsermundart.ch\/wp-content\/uploads\/2022\/09\/em05.mp3\"><\/audio><\/figure>\n\n\n<p>\u00e4s geit ganz gschwind <br \/>di Taga chommend ch\u00fcrzer und<br \/>ds Sunnaliacht \u00e4n bits faal<br \/>im Garta chunnt s stiller und<br \/>di gebr\u00e4tleta Servala schmeckend schaal<\/p>\n<p>langsam geit \u00e4n T\u00fcra zua<br \/>und wider i s verbii<br \/>ds liichtangleita herrli warma Summer siin<\/p>\n<p>\u00e4s herbschtelet au i miar<br \/>wenn s um und um <br \/>so langsam stirbt<\/p>\n<p>was muass ii l\u00e4rna looslaa<br \/>dass i miar wider Platz <br \/>f\u00fcr \u00e4 Fr\u00fcalig git<\/p>\n\n\n<p><strong>Advent<\/strong><\/p>\n\n\n\n<figure class=\"wp-block-audio\"><audio controls src=\"https:\/\/walsermundart.ch\/wp-content\/uploads\/2022\/09\/em06.mp3\"><\/audio><\/figure>\n\n\n<p>wenn jetz wider Liachter brennend<br \/>chunnt s denn au hell i miar<\/p>\n<p>wenn jetz wider Glogga l\u00fc\u00fctend<br \/>chlingend Saita au in diar<\/p>\n<p>glenggend alli Cherza<br \/>f\u00fcr dia D\u00fc\u00fcchli in dr W\u00e4ld<\/p>\n<p>und \u00fcbert\u00f6\u00f6nend d Wianachtsglogga<br \/>ds Chlimpara va \u00fcnschem viila G\u00e4ld<\/p>\n<p>vellicht bruuchti s ja nu <br \/>\u00e4n einzigi Cherza<br \/>und ei Mom\u00e4nt Rua<\/p>\n<p>t\u00fca mer nit dr erscht Schritt <br \/>in \u00e4 n\u00fc\u00fci Richtig<br \/>halt nu in \u00fcnschna<br \/>eigna Schua<\/p>\n\n\n<p><strong>Langsi<\/strong><\/p>\n\n\n\n<figure class=\"wp-block-audio\"><audio controls src=\"https:\/\/walsermundart.ch\/wp-content\/uploads\/2022\/09\/em08.mp3\"><\/audio><\/figure>\n\n\n<p>lang sii \u00e4r<br \/>\u00fcberall<br \/>nu nit bin \u00fcnsch<\/p>\n<p>und derbii erblanga mer n\u00e4 so<\/p>\n<p>lang sii \u00e4r <br \/>da de n\u00fcma<br \/>will n\u00e4 scho dr Summer \u00fcberholt<\/p>\n<p>dr Langsi<\/p>\n\n\n<p><strong>Zuakunft<\/strong><\/p>\n\n\n\n<figure class=\"wp-block-audio\"><audio controls src=\"https:\/\/walsermundart.ch\/wp-content\/uploads\/2022\/09\/em09.mp3\"><\/audio><\/figure>\n\n\n<p>warum<br \/>zeigend jetz alli<br \/>mit \u00e4m Finger<\/p>\n<p>warum <br \/>machend jetz alli uf Angscht<\/p>\n<p>was miar <br \/>alls h\u00e4ttend s\u00f6lla ch\u00f6nna m\u00fcassa<\/p>\n<p>jetz h\u00e4mmer dr Dr\u00e4ck<\/p>\n<p>alli hocka mer dina<\/p>\n<p>aber w\u00e4\u00e4r seit <br \/>miar m\u00fcassend <br \/>vor Angscht driin erstarra<\/p>\n\n\n<figure class=\"wp-block-image size-full is-resized\"><a href=\"https:\/\/walsermundart.ch\/?page_id=8184\"><img loading=\"lazy\" decoding=\"async\" width=\"268\" height=\"173\" src=\"https:\/\/walsermundart.ch\/wp-content\/uploads\/2022\/03\/Pfeil-zurueck-mini-1.jpg\" alt=\"\" class=\"wp-image-6871\" style=\"width:126px;height:81px\"\/><\/a><\/figure>\n","protected":false},"excerpt":{"rendered":"<p>Ein Klick auf die kleinen Pfeile ergibt den Ton. Mit dr Ziit mit dr Ziit d\u00fcr Beg\u00e4gniga l\u00e4rna i mii chennaiin und uuswendigunderw\u00e4gs heinzua Ziitrad&hellip;<\/p>\n","protected":false},"author":1,"featured_media":0,"parent":0,"menu_order":0,"comment_status":"closed","ping_status":"closed","template":"","meta":{"footnotes":""},"class_list":["post-8217","page","type-page","status-publish","hentry"],"_links":{"self":[{"href":"https:\/\/walsermundart.ch\/index.php?rest_route=\/wp\/v2\/pages\/8217","targetHints":{"allow":["GET"]}}],"collection":[{"href":"https:\/\/walsermundart.ch\/index.php?rest_route=\/wp\/v2\/pages"}],"about":[{"href":"https:\/\/walsermundart.ch\/index.php?rest_route=\/wp\/v2\/types\/page"}],"author":[{"embeddable":true,"href":"https:\/\/walsermundart.ch\/index.php?rest_route=\/wp\/v2\/users\/1"}],"replies":[{"embeddable":true,"href":"https:\/\/walsermundart.ch\/index.php?rest_route=%2Fwp%2Fv2%2Fcomments&post=8217"}],"version-history":[{"count":24,"href":"https:\/\/walsermundart.ch\/index.php?rest_route=\/wp\/v2\/pages\/8217\/revisions"}],"predecessor-version":[{"id":8808,"href":"https:\/\/walsermundart.ch\/index.php?rest_route=\/wp\/v2\/pages\/8217\/revisions\/8808"}],"wp:attachment":[{"href":"https:\/\/walsermundart.ch\/index.php?rest_route=%2Fwp%2Fv2%2Fmedia&parent=8217"}],"curies":[{"name":"wp","href":"https:\/\/api.w.org\/{rel}","templated":true}]}}