{"id":8308,"date":"2022-09-11T15:09:50","date_gmt":"2022-09-11T15:09:50","guid":{"rendered":"https:\/\/walsermundart.ch\/?page_id=8308"},"modified":"2024-02-15T18:27:25","modified_gmt":"2024-02-15T18:27:25","slug":"10-2-naadeicha","status":"publish","type":"page","link":"https:\/\/walsermundart.ch\/?page_id=8308","title":{"rendered":"10.2 naadeicha"},"content":{"rendered":"\n<figure class=\"wp-block-image size-full is-resized\"><a href=\"https:\/\/walsermundart.ch\/?page_id=8184\"><img loading=\"lazy\" decoding=\"async\" width=\"268\" height=\"173\" src=\"https:\/\/walsermundart.ch\/wp-content\/uploads\/2022\/03\/Pfeil-zurueck-mini-1.jpg\" alt=\"\" class=\"wp-image-6871\" style=\"width:130px;height:84px\"\/><\/a><\/figure>\n\n\n\n<p><strong>gang<\/strong><\/p>\n\n\n\n<figure class=\"wp-block-audio\"><audio controls src=\"https:\/\/walsermundart.ch\/wp-content\/uploads\/2022\/09\/em10.mp3\"><\/audio><\/figure>\n\n\n<p>wenn d gaa wit<br \/>muascht gaa<br \/>nit zruggheba laa<br \/>n\u00fcma la n\u00f6\u00f6ta<\/p>\n<p>eifach zun diar staa<br \/>und looslaa <br \/>zum gaa<\/p>\n\n\n<p><strong>Beg\u00e4gniga<\/strong><\/p>\n\n\n\n<figure class=\"wp-block-audio\"><audio controls src=\"https:\/\/walsermundart.ch\/wp-content\/uploads\/2022\/09\/em11.mp3\"><\/audio><\/figure>\n\n\n<p>Schi tr\u00e4ffend albig <br \/>zmitst ins H\u00e4\u00e4rz<br \/>schi machend betroffa oder froo <br \/>Schatta und Liacht <br \/>in all irja Farba<\/p>\n<p>Beg\u00e4gniga tr\u00e4ffend di d\u00f6rt<br \/>wa du diar s\u00e4lber beg\u00e4gna sottischt <br \/>zmitst in diim Schatta und Liacht <br \/>zmitst in diim H\u00e4\u00e4rz<\/p>\n\n\n<figure class=\"wp-block-image size-large is-resized\"><img loading=\"lazy\" decoding=\"async\" width=\"1024\" height=\"835\" src=\"https:\/\/walsermundart.ch\/wp-content\/uploads\/2022\/09\/Schafe-heller-min-1024x835.jpg\" alt=\"\" class=\"wp-image-8400\" style=\"width:509px;height:414px\" srcset=\"https:\/\/walsermundart.ch\/wp-content\/uploads\/2022\/09\/Schafe-heller-min-1024x835.jpg 1024w, https:\/\/walsermundart.ch\/wp-content\/uploads\/2022\/09\/Schafe-heller-min-300x245.jpg 300w, https:\/\/walsermundart.ch\/wp-content\/uploads\/2022\/09\/Schafe-heller-min-768x626.jpg 768w, https:\/\/walsermundart.ch\/wp-content\/uploads\/2022\/09\/Schafe-heller-min.jpg 1519w\" sizes=\"auto, (max-width: 1024px) 100vw, 1024px\" \/><\/figure>\n\n\n\n<p><strong>Multikulturell<\/strong><\/p>\n\n\n\n<figure class=\"wp-block-audio\"><audio controls src=\"https:\/\/walsermundart.ch\/wp-content\/uploads\/2022\/09\/em12.mp3\"><\/audio><\/figure>\n\n\n<p>guat t\u00f6nt s scho<br \/>wema cha s\u00e4ga<br \/>miar sind alli gliich <br \/>du und ii<\/p>\n<p>miar heind au nu Huut \u00fcber da Chnocha<br \/>di eint ischt vellicht dicker<br \/>oder hed \u00e4n bits mee Faarb<\/p>\n<p>miar heind ja alli \u00e4s H\u00e4\u00e4rz im Liib<br \/>ds einta \u00e4n bits gr\u00f6sser<br \/>oder mindeschtens so weich<\/p>\n<p>guat t\u00f6nt s scho<br \/>wema cha s\u00e4ga<br \/>miar sind alli gliich<br \/>du und ii<\/p>\n<p>miar heind ja alli \u00e4 Verstand<br \/>dr eint luagt \u00e4n bits wiiter<br \/>oder hoffentli bis i schii Seel<\/p>\n<p>aber grad d\u00f6rt<br \/>t\u00f6nt s de halt anderscht<br \/>diini und miini Huut g\u00e4ltend nit gliich<br \/>diis H\u00e4\u00e4rz red g\u00e4ged mii Verstand<\/p>\n<p>und drum <br \/>w\u00e4rde mer nia di gliicha siin<br \/>du und ii<\/p>\n\n\n<p><strong>tuan \u00e4ttes<\/strong><\/p>\n\n\n\n<figure class=\"wp-block-audio\"><audio controls src=\"https:\/\/walsermundart.ch\/wp-content\/uploads\/2022\/09\/em13.mp3\"><\/audio><\/figure>\n\n\n<p>\u00e4s geebi s\u00f6vel <br \/>wa ii wetti<br \/>und de chann i s nit<\/p>\n<p>\u00e4s geebi s\u00f6vel<br \/>wa ii sotti<br \/>und de mag i s nit<\/p>\n<p>\u00e4s geebi wenig<br \/>wa ii m\u00fcassti<br \/>und de tuan i s nit<\/p>\n<p>h\u00e4\u00e4rstaa muass ii au f\u00fcr d s\u00e4b<br \/>wa ii nit tuan<\/p>\n\n\n<p><strong>Zeich\u00e4<\/strong><\/p>\n\n\n\n<figure class=\"wp-block-audio\"><audio controls src=\"https:\/\/walsermundart.ch\/wp-content\/uploads\/2022\/09\/em14.mp3\"><\/audio><\/figure>\n\n\n<p>wenn <br \/>i di h\u00fct gsian<br \/>truurig sii <br \/>sa weiss i nit<br \/>i s<br \/>\u00e4 stumma Ruaf<br \/>na H\u00fclf <br \/>oder<br \/>\u00e4s chlaars Zeich\u00e4<br \/>f\u00fcr Dischtanz<\/p>\n<p>h\u00e4tt i s de<br \/>fr\u00fcajer gw\u00fcsst <br \/>oder <br \/>sottischt du s<br \/>halt l\u00e4rna s\u00e4ga<\/p>\n<p>wenn i mee<br \/>van diar wussti<br \/>m\u00fcach i vellicht <br \/>weniger l\u00e4tz<\/p>\n\n\n<figure class=\"wp-block-image size-large is-resized\"><img loading=\"lazy\" decoding=\"async\" width=\"1024\" height=\"763\" src=\"https:\/\/walsermundart.ch\/wp-content\/uploads\/2022\/09\/Vogel-min-1024x763.jpg\" alt=\"\" class=\"wp-image-8399\" style=\"width:454px;height:337px\" srcset=\"https:\/\/walsermundart.ch\/wp-content\/uploads\/2022\/09\/Vogel-min-1024x763.jpg 1024w, https:\/\/walsermundart.ch\/wp-content\/uploads\/2022\/09\/Vogel-min-300x224.jpg 300w, https:\/\/walsermundart.ch\/wp-content\/uploads\/2022\/09\/Vogel-min-768x572.jpg 768w, https:\/\/walsermundart.ch\/wp-content\/uploads\/2022\/09\/Vogel-min.jpg 1389w\" sizes=\"auto, (max-width: 1024px) 100vw, 1024px\" \/><\/figure>\n\n\n\n<p><strong>Gl\u00fcck<\/strong><\/p>\n\n\n\n<figure class=\"wp-block-audio\"><audio controls src=\"https:\/\/walsermundart.ch\/wp-content\/uploads\/2022\/09\/em15.mp3\"><\/audio><\/figure>\n\n\n<p>\u00e4n Blick<br \/>im Schwick<br \/>zmitst ins H\u00e4\u00e4rz<br \/>\u00e4n Augablick barl\u00f6\u00f6tigs Gl\u00fcck<\/p>\n\n\n<p><strong>truua<\/strong><\/p>\n\n\n\n<figure class=\"wp-block-audio\"><audio controls src=\"https:\/\/walsermundart.ch\/wp-content\/uploads\/2022\/09\/em16.mp3\"><\/audio><\/figure>\n\n\n<p>truua<br \/>chann dr nit<br \/>aber<br \/>vertruua<\/p>\n\n\n<p><strong>Verletziga<\/strong><\/p>\n\n\n\n<figure class=\"wp-block-audio\"><audio controls src=\"https:\/\/walsermundart.ch\/wp-content\/uploads\/2022\/09\/em17.mp3\"><\/audio><\/figure>\n\n\n<p>warum <br \/>bin ii verletzt<br \/>wenn<br \/>du miar<br \/>\u00e4n T\u00fcr van diar<br \/>vor dr Nasa zuaschlascht<\/p>\n<p>han ii nit au <br \/>dera R\u00fc\u00fcm<br \/>wa i dii<br \/>nit iilaa cha<\/p>\n\n\n<p><strong>wenn<\/strong><\/p>\n\n\n\n<figure class=\"wp-block-audio\"><audio controls src=\"https:\/\/walsermundart.ch\/wp-content\/uploads\/2022\/09\/em18.mp3\"><\/audio><\/figure>\n\n\n<p>wenn i ch\u00f6nnti <br \/>wia i wetti <br \/>cheem i jetz zun diar<\/p>\n<p>wenn i teeti <br \/>was i wetti <br \/>losst i uf ds H\u00e4\u00e4rz i miar<\/p>\n<p>will i tuan <br \/>was i sotti <br \/>bliib i allei mit miar<\/p>\n<p>will i nit chann<br \/>wia i wetti<br \/>tuan i liaber n\u00fc\u00fct<\/p>\n<p>langsam <br \/>chunnt ma feig \u00e4so<\/p>\n\n\n<p><strong>G\u00e4gasetz<\/strong><\/p>\n\n\n\n<figure class=\"wp-block-audio\"><audio controls src=\"https:\/\/walsermundart.ch\/wp-content\/uploads\/2022\/09\/em19.mp3\"><\/audio><\/figure>\n\n\n<p>eigentli<br \/>simmer wia Wasser und F\u00fc\u00fcr<br \/>Tag und Nacht<br \/>Sunna und R\u00e4ga<\/p>\n<p>eigentli<br \/>wemmer ja kei Funka verspr\u00fcja<br \/>kei Stund verliara <br \/>und kei Sunnastich bercho<\/p>\n<p>eigentli<br \/>wusstemer ja<br \/>dass ds F\u00fc\u00fcr ooni Wasser alls verbrennt<br \/>und das n\u00fct as Sunna nu W\u00fcaschti geebi<\/p>\n<p>und doch<br \/>staamer so ung\u00e4ra im R\u00e4ga<br \/>und f\u00fcrchtend n\u00fc\u00fcd mee as d Nacht<\/p>\n<p>eigentli eigenartig<\/p>\n\n\n<figure class=\"wp-block-image size-full is-resized\"><a href=\"https:\/\/walsermundart.ch\/?page_id=8184\"><img loading=\"lazy\" decoding=\"async\" width=\"268\" height=\"173\" src=\"https:\/\/walsermundart.ch\/wp-content\/uploads\/2022\/03\/Pfeil-zurueck-mini-1.jpg\" alt=\"\" class=\"wp-image-6871\" style=\"width:127px;height:82px\"\/><\/a><\/figure>\n","protected":false},"excerpt":{"rendered":"<p>gang wenn d gaa witmuascht gaanit zruggheba laan\u00fcma la n\u00f6\u00f6ta eifach zun diar staaund looslaa zum gaa Beg\u00e4gniga Schi tr\u00e4ffend albig zmitst ins H\u00e4\u00e4rzschi machend&hellip;<\/p>\n","protected":false},"author":1,"featured_media":0,"parent":0,"menu_order":0,"comment_status":"closed","ping_status":"closed","template":"","meta":{"footnotes":""},"class_list":["post-8308","page","type-page","status-publish","hentry"],"_links":{"self":[{"href":"https:\/\/walsermundart.ch\/index.php?rest_route=\/wp\/v2\/pages\/8308","targetHints":{"allow":["GET"]}}],"collection":[{"href":"https:\/\/walsermundart.ch\/index.php?rest_route=\/wp\/v2\/pages"}],"about":[{"href":"https:\/\/walsermundart.ch\/index.php?rest_route=\/wp\/v2\/types\/page"}],"author":[{"embeddable":true,"href":"https:\/\/walsermundart.ch\/index.php?rest_route=\/wp\/v2\/users\/1"}],"replies":[{"embeddable":true,"href":"https:\/\/walsermundart.ch\/index.php?rest_route=%2Fwp%2Fv2%2Fcomments&post=8308"}],"version-history":[{"count":12,"href":"https:\/\/walsermundart.ch\/index.php?rest_route=\/wp\/v2\/pages\/8308\/revisions"}],"predecessor-version":[{"id":8625,"href":"https:\/\/walsermundart.ch\/index.php?rest_route=\/wp\/v2\/pages\/8308\/revisions\/8625"}],"wp:attachment":[{"href":"https:\/\/walsermundart.ch\/index.php?rest_route=%2Fwp%2Fv2%2Fmedia&parent=8308"}],"curies":[{"name":"wp","href":"https:\/\/api.w.org\/{rel}","templated":true}]}}