{"id":8326,"date":"2022-09-11T16:20:23","date_gmt":"2022-09-11T16:20:23","guid":{"rendered":"https:\/\/walsermundart.ch\/?page_id=8326"},"modified":"2024-02-15T18:41:27","modified_gmt":"2024-02-15T18:41:27","slug":"10-3-gsichter","status":"publish","type":"page","link":"https:\/\/walsermundart.ch\/?page_id=8326","title":{"rendered":"10.3 du bischt"},"content":{"rendered":"\n<figure class=\"wp-block-image size-full is-resized\"><a href=\"https:\/\/walsermundart.ch\/?page_id=8184\"><img loading=\"lazy\" decoding=\"async\" width=\"268\" height=\"173\" src=\"https:\/\/walsermundart.ch\/wp-content\/uploads\/2022\/03\/Pfeil-zurueck-mini-1.jpg\" alt=\"\" class=\"wp-image-6871\" style=\"width:126px;height:81px\"\/><\/a><\/figure>\n\n\n\n<p><strong>du bischt<\/strong><\/p>\n\n\n\n<figure class=\"wp-block-audio\"><audio controls src=\"https:\/\/walsermundart.ch\/wp-content\/uploads\/2022\/09\/em20.mp3\"><\/audio><\/figure>\n\n\n\n<p>du bischt<br>\u00e4n Gedanka<br>\u00e4n Idee<br>na m\u00e4 ganz bstimmta Plan<br>voll Hoffnig und W\u00fcnsch<br>voll Ja und Nei<br>voll Liacht und Schatta<\/p>\n\n\n\n<p>du bischt<br>was du bischt<br>worda us d\u00e4m wa gsin ischt<br>und du w\u00fcrscht das<br>wa du us diar no machscht<\/p>\n\n\n\n<p>diini Gedanka<br>diini Ideea<br>und Schiina Plaan<\/p>\n\n\n\n<p><strong>Muura<\/strong><\/p>\n\n\n\n<figure class=\"wp-block-audio\"><audio controls src=\"https:\/\/walsermundart.ch\/wp-content\/uploads\/2022\/09\/em21.mp3\"><\/audio><\/figure>\n\n\n<p>pl\u00f6tzli <br \/>sind sch wider da<br \/>dia alta Muura <br \/>wa \u00fcnschi Blicka und W\u00e4ga <br \/>versperrend<br \/>und miar sind Gfangni va \u00fcnsch s\u00e4lber<\/p>\n<p>pl\u00f6tzli<br \/>simmer wider gezwunga <br \/>staan z bliba<br \/>still z w\u00e4rda<br \/>und<br \/>nisch z bsinna <br \/>wia ma Muura buut<\/p>\n\n\n<p><strong>l\u00e4rn\u00e4<\/strong><\/p>\n\n\n\n<figure class=\"wp-block-audio\"><audio controls src=\"https:\/\/walsermundart.ch\/wp-content\/uploads\/2022\/09\/em22.mp3\"><\/audio><\/figure>\n\n\n<p>\u00e4si\u00e4<br \/>l\u00e4rnischt<br \/>ir\u00e4 einziga L\u00e4benssekunda mee<br \/>as ima ganza Jaar Schual<\/p>\n\n\n<p><strong>Toleranz<\/strong><\/p>\n\n\n\n<figure class=\"wp-block-audio\"><audio controls src=\"https:\/\/walsermundart.ch\/wp-content\/uploads\/2022\/09\/em24.mp3\"><\/audio><\/figure>\n\n\n<p>Toleranz erwarta<br \/>und<br \/>tolerant siin<\/p>\n<p>das sind <br \/>zwei Paar Schua<\/p>\n<p>ds erschta<br \/>ischt eifach<br \/>ds zweita<br \/>bruucht Chraft<\/p>\n<p>\u00e4s ischt \u00e4ba<br \/>nit gliich <br \/>ob i ima Gumpji<br \/>cha schwimma<br \/>oder <br \/>zrugg uuf muass<br \/>d\u00fcr \u00e4 steiniga Bach<\/p>\n\n\n<p><strong>Verantwortig<\/strong><\/p>\n\n\n\n<figure class=\"wp-block-audio\"><audio controls src=\"https:\/\/walsermundart.ch\/wp-content\/uploads\/2022\/09\/em25.mp3\"><\/audio><\/figure>\n\n\n<p>albig<br \/>abg\u00e4<br \/>anderna \u00fcberlaa<\/p>\n<p>dass ma s\u00e4lber<br \/>nia verantwortli muass siin<\/p>\n<p>und derbii verg\u00e4ssa<br \/>dass ma dermit<br \/>\u00e4 Stuck <br \/>va schim s\u00e4b <br \/>abgit<\/p>\n\n\n<figure class=\"wp-block-image size-large is-resized\"><img loading=\"lazy\" decoding=\"async\" width=\"1024\" height=\"828\" src=\"https:\/\/walsermundart.ch\/wp-content\/uploads\/2022\/09\/Regenbogen-heller-min-1024x828.jpg\" alt=\"\" class=\"wp-image-8404\" style=\"width:504px;height:407px\" srcset=\"https:\/\/walsermundart.ch\/wp-content\/uploads\/2022\/09\/Regenbogen-heller-min-1024x828.jpg 1024w, https:\/\/walsermundart.ch\/wp-content\/uploads\/2022\/09\/Regenbogen-heller-min-300x243.jpg 300w, https:\/\/walsermundart.ch\/wp-content\/uploads\/2022\/09\/Regenbogen-heller-min-768x621.jpg 768w, https:\/\/walsermundart.ch\/wp-content\/uploads\/2022\/09\/Regenbogen-heller-min-1536x1242.jpg 1536w, https:\/\/walsermundart.ch\/wp-content\/uploads\/2022\/09\/Regenbogen-heller-min.jpg 1542w\" sizes=\"auto, (max-width: 1024px) 100vw, 1024px\" \/><\/figure>\n\n\n\n<p><strong>R\u00e4gaboga<\/strong><\/p>\n\n\n\n<figure class=\"wp-block-audio\"><audio controls src=\"https:\/\/walsermundart.ch\/wp-content\/uploads\/2022\/09\/em26.mp3\"><\/audio><\/figure>\n\n\n<p>wa schi<br \/>dr R\u00e4ga und d Sunna beg\u00e4gnend<br \/>chuscht du geboora<\/p>\n<p>wia mengi dera Wunder<br \/>ch\u00f6nntend entstaa<br \/>wenn miar \u00fcnsch<br \/>in \u00fcnschna G\u00e4gasetz<br \/>d Hend ch\u00f6nntend g\u00e4<\/p>\n\n\n<p><strong>regiara<\/strong><\/p>\n\n\n\n<figure class=\"wp-block-audio\"><audio controls src=\"https:\/\/walsermundart.ch\/wp-content\/uploads\/2022\/09\/em27.mp3\"><\/audio><\/figure>\n\n\n<p>regiara<br \/>het s\u00f6vel z tua mit<\/p>\n<p>studiara<br \/>organisiara<br \/>inwestiara<br \/>kalkuliara<br \/>uusprobiara<\/p>\n<p>aber au<\/p>\n<p>Stachla reschgiara und<br \/>Niderlaga kassiara ooni<br \/>grad schiini N\u00e4\u00e4rva z verliara<\/p>\n<p>und bi ma Siig<br \/>ja nit \u00fcbermeessig stolz triumpfiara<\/p>\n<p>regiara<br \/>het s\u00f6vel z tua mit<\/p>\n<p>Macht demonschtriara<br \/>und sotti doch eigentli<br \/>nu zmitst us am H\u00e4\u00e4rz uus erbl\u00fcja<\/p>\n\n\n<p><strong>WEF<\/strong><\/p>\n\n\n\n<figure class=\"wp-block-audio\"><audio controls src=\"https:\/\/walsermundart.ch\/wp-content\/uploads\/2022\/09\/em28.mp3\"><\/audio><\/figure>\n\n\n<p>i Watta verpackt<br \/>abgschirmt <br \/>vom Alltag<\/p>\n<p>tischg\u00e4riarend<br \/>\u00e4n paar Fraua und M\u00e4nner<br \/>\u00fcber \u00fcnsches W\u00e4ltgetr\u00f6\u00f6l<\/p>\n<p>am runda Tisch<br \/>im Privat-Jet<br \/>ir Luxussuita<\/p>\n<p>WEF<\/p>\n\n\n<p><strong>Wolcha<\/strong><\/p>\n\n\n\n<figure class=\"wp-block-audio\"><audio controls src=\"https:\/\/walsermundart.ch\/wp-content\/uploads\/2022\/09\/em30.mp3\"><\/audio><\/figure>\n\n\n<p>albig<br \/>ischt dr Himmel<br \/>\u00fcber diar nit blau<\/p>\n<p>\u00e4s git Ziita im L\u00e4ba<br \/>da ischt \u00e4r d\u00fcschter und grau<\/p>\n<p>de luag nit nu z Boda<br \/>und t\u00fcck di nit z fescht<\/p>\n<p>luag uuf<\/p>\n<p>bis d hinder d\u00e4 dickschta Wolcha<br \/>wider \u00e4s St\u00fcckli Himmel gsiascht<\/p>\n\n\n<p><strong>\u00e4s muass siin<\/strong><\/p>\n\n\n\n<figure class=\"wp-block-audio\"><audio controls src=\"https:\/\/walsermundart.ch\/wp-content\/uploads\/2022\/09\/em31.mp3\"><\/audio><\/figure>\n\n\n<p>wenn<br \/>\u00e4ttes sii muass <br \/>de muass \u00e4s siin<br \/>f\u00fcr was das guat ischt<br \/>s\u00e4b gsiascht<br \/>am Aafang s\u00e4lta iin<\/p>\n<p>chascht di no lang derg\u00e4ged werra<br \/>eimal muascht di gliich erstella<br \/>und aan\u00e4\u00e4 l\u00e4rna<br \/>dass anderscht chunnt<\/p>\n<p>wenn <br \/>\u00e4ttes sii muass<br \/>de muass \u00e4s siin<\/p>\n<p>und<br \/>mit der n\u00fc\u00fca Blickrichtig<br \/>gsias denn doch no iin<br \/>dass anderscht<br \/>gar nit h\u00e4tti ch\u00f6nna siin<\/p>\n\n\n<p><strong>Liacht<\/strong><\/p>\n\n\n\n<figure class=\"wp-block-audio\"><audio controls src=\"https:\/\/walsermundart.ch\/wp-content\/uploads\/2022\/09\/em32.mp3\"><\/audio><\/figure>\n\n\n<p>\u00e4s ischt <br \/>diis Liacht <br \/>Sunna<br \/>wa miini D\u00fc\u00fcchli erhellt<\/p>\n<p>\u00e4s ischt <br \/>diini Wermi<br \/>Sunna<br \/>wa i miini Chelti chunnt<\/p>\n<p>\u00e4s ischt<br \/>a miar s\u00e4lber<br \/>Liacht und Wermi<br \/>z sii und z g\u00e4<\/p>\n\n\n<p><strong>looslaa<\/strong><\/p>\n\n\n\n<figure class=\"wp-block-audio\"><audio controls src=\"https:\/\/walsermundart.ch\/wp-content\/uploads\/2022\/09\/em33.mp3\"><\/audio><\/figure>\n\n\n<p>looslaa<br \/>mi us dr Vergangaheit<br \/>druus schlicha<br \/>liisli <br \/>ooni \u00e4ttes z verschlaa<\/p>\n<p>dasch cha staanbliiba<br \/>so wia sch gsin ischt<br \/>mit irja h\u00fcbscha <br \/>und leida Taga<\/p>\n<p>looslaa<br \/>dass schi mii looslaat<\/p>\n\n\n<p><strong>Feeler<\/strong><\/p>\n\n\n\n<figure class=\"wp-block-audio\"><audio controls src=\"https:\/\/walsermundart.ch\/wp-content\/uploads\/2022\/09\/em34.mp3\"><\/audio><\/figure>\n\n\n<p>\u00fcber <br \/>mii Feeler Mengel <br \/>und Schwechena<br \/>han i gl\u00e4rnet l\u00e4chla und staan<br \/>schi gch\u00f6\u00f6rend derzua<\/p>\n<p>aber <br \/>\u00fcber miis Ch\u00f6nna und N\u00fctza<br \/>miini Sterchi z erzella <br \/>mi dr\u00fcber z freua<br \/>feelt mer dr Muat<\/p>\n\n\n<p><strong>w\u00e4\u00e4r<\/strong><\/p>\n\n\n\n<figure class=\"wp-block-audio\"><audio controls src=\"https:\/\/walsermundart.ch\/wp-content\/uploads\/2022\/09\/em35.mp3\"><\/audio><\/figure>\n\n\n<p>w\u00e4\u00e4r bin ii eigentli <br \/>bin ii das waa ii tuan <br \/>oder das waa ii chann<\/p>\n<p>bin ii dia wa du gsiascht<br \/>oder<br \/>dia wa mii im Spiagel begr\u00fcazt<\/p>\n<p>eigentli is ja gliich<\/p>\n<p>h\u00fcbsch wee s nu<br \/>i ch\u00f6nnti miar eifach guat Tag s\u00e4ga<br \/>miar zual\u00e4chla und \u00e4sia uf d Agsla chlopfa<\/p>\n<p>mii nit albig so \u00e4\u00e4rischt n\u00e4<br \/>und au \u00e4mal luut lacha \u00fcber mii<\/p>\n<p>h\u00fcbsch wee s<\/p>\n\n\n<figure class=\"wp-block-image size-full is-resized\"><a href=\"https:\/\/walsermundart.ch\/?page_id=8184\"><img loading=\"lazy\" decoding=\"async\" width=\"268\" height=\"173\" src=\"https:\/\/walsermundart.ch\/wp-content\/uploads\/2022\/03\/Pfeil-zurueck-mini-1.jpg\" alt=\"\" class=\"wp-image-6871\" style=\"width:126px;height:81px\"\/><\/a><\/figure>\n","protected":false},"excerpt":{"rendered":"<p>du bischt du bischt\u00e4n Gedanka\u00e4n Ideena m\u00e4 ganz bstimmta Planvoll Hoffnig und W\u00fcnschvoll Ja und Neivoll Liacht und Schatta du bischtwas du bischtworda us d\u00e4m&hellip;<\/p>\n","protected":false},"author":1,"featured_media":0,"parent":0,"menu_order":0,"comment_status":"closed","ping_status":"closed","template":"","meta":{"footnotes":""},"class_list":["post-8326","page","type-page","status-publish","hentry"],"_links":{"self":[{"href":"https:\/\/walsermundart.ch\/index.php?rest_route=\/wp\/v2\/pages\/8326","targetHints":{"allow":["GET"]}}],"collection":[{"href":"https:\/\/walsermundart.ch\/index.php?rest_route=\/wp\/v2\/pages"}],"about":[{"href":"https:\/\/walsermundart.ch\/index.php?rest_route=\/wp\/v2\/types\/page"}],"author":[{"embeddable":true,"href":"https:\/\/walsermundart.ch\/index.php?rest_route=\/wp\/v2\/users\/1"}],"replies":[{"embeddable":true,"href":"https:\/\/walsermundart.ch\/index.php?rest_route=%2Fwp%2Fv2%2Fcomments&post=8326"}],"version-history":[{"count":13,"href":"https:\/\/walsermundart.ch\/index.php?rest_route=\/wp\/v2\/pages\/8326\/revisions"}],"predecessor-version":[{"id":8627,"href":"https:\/\/walsermundart.ch\/index.php?rest_route=\/wp\/v2\/pages\/8326\/revisions\/8627"}],"wp:attachment":[{"href":"https:\/\/walsermundart.ch\/index.php?rest_route=%2Fwp%2Fv2%2Fmedia&parent=8326"}],"curies":[{"name":"wp","href":"https:\/\/api.w.org\/{rel}","templated":true}]}}