{"id":8361,"date":"2022-09-11T17:05:25","date_gmt":"2022-09-11T17:05:25","guid":{"rendered":"https:\/\/walsermundart.ch\/?page_id=8361"},"modified":"2024-02-15T18:53:42","modified_gmt":"2024-02-15T18:53:42","slug":"10-4-gsichter-2","status":"publish","type":"page","link":"https:\/\/walsermundart.ch\/?page_id=8361","title":{"rendered":"10.4 Gsichter"},"content":{"rendered":"\n<figure class=\"wp-block-image size-full is-resized\"><a href=\"https:\/\/walsermundart.ch\/?page_id=8184\"><img loading=\"lazy\" decoding=\"async\" width=\"268\" height=\"173\" src=\"https:\/\/walsermundart.ch\/wp-content\/uploads\/2022\/03\/Pfeil-zurueck-mini-1.jpg\" alt=\"\" class=\"wp-image-6871\" style=\"width:140px;height:90px\"\/><\/a><\/figure>\n\n\n\n<p><strong>Gsichter<\/strong><\/p>\n\n\n\n<figure class=\"wp-block-audio\"><audio controls src=\"https:\/\/walsermundart.ch\/wp-content\/uploads\/2022\/09\/em36.mp3\"><\/audio><\/figure>\n\n\n<p>\u00e4s jedes Gsicht<br \/>mit schiir eigena Gschichti<br \/>hinder jeder Fassada<br \/>liit verborga \u00e4 Seel<\/p>\n<p>wenn d sch\u00e4 wit verstecka<br \/>sa fallt diar das nit schweer<\/p>\n<p>w\u00e4\u00e4r het scho dr Wiil<br \/>schi z erstella<br \/>und luaga wia s uusgsiat i miar<\/p>\n<p>w\u00e4r will scho g\u00e4ra erchenna<br \/>das hinder \u00e4m Glanz<br \/>alls abgl\u00f6scht ischt in diar<\/p>\n<p>wenn du aber wit<br \/>dass ma dii cha verstaa<br \/>de muascht zerscht s\u00e4lber<br \/>hinder diini Fassada ga<br \/>und muatig und eerli<br \/>zun diir Gschichti staa<\/p>\n\n\n<p><strong>Muater<\/strong><\/p>\n\n\n\n<figure class=\"wp-block-audio\"><audio controls src=\"https:\/\/walsermundart.ch\/wp-content\/uploads\/2022\/09\/em37.mp3\"><\/audio><\/figure>\n\n\n<p>\u00e4 Muater <br \/>het kein Terminkalender<\/p>\n<p>irja Ziit <br \/>ischt nia limitiart<br \/>schi ischt eifach<br \/>mee und minder<br \/>albig und f\u00fcr alls <br \/>pr\u00e4deschtiniart<\/p>\n\n\n<p><strong>g\u00e4\u00e4<\/strong><\/p>\n\n\n\n<figure class=\"wp-block-audio\"><audio controls src=\"https:\/\/walsermundart.ch\/wp-content\/uploads\/2022\/09\/em38.mp3\"><\/audio><\/figure>\n\n\n<p>i vergiba miar n\u00fct<br \/>wenn i<br \/>diar \u00e4ttes giba va miar<\/p>\n<p>i vergiba miar n\u00fct<br \/>wenn i <br \/>diar eifach vergiba<\/p>\n<p>i vergiba miar h\u00f6chschtens<br \/>d M\u00fcgligcheit<br \/>diini Fr\u00fcndschaft z berchoo<\/p>\n\n\n<p><strong>verloora<\/strong><\/p>\n\n\n\n<figure class=\"wp-block-audio\"><audio controls src=\"https:\/\/walsermundart.ch\/wp-content\/uploads\/2022\/09\/em39.mp3\"><\/audio><\/figure>\n\n\n<p>verloora gganga<br \/>in d\u00e4 eigna viar Wend <br \/>erstickt<br \/>im aalta Dr\u00e4ck <br \/>kein B\u00e4sma und kein Bl\u00e4tz<br \/>bringt n\u00e4 aw\u00e4gg<\/p>\n<p>h\u00f6chschsti Ziit<br \/>das d uf d Suachi geischt<br \/>naa diar<\/p>\n\n\n<p><strong>di Ander<\/strong><\/p>\n\n\n\n<figure class=\"wp-block-audio\"><audio controls src=\"https:\/\/walsermundart.ch\/wp-content\/uploads\/2022\/09\/em40.mp3\"><\/audio><\/figure>\n\n\n<p>i will<br \/>au \u00e4mal di ander siin<br \/>as dia <br \/>wa albig nu l\u00e4chlet <br \/>di fr\u00fcndli liablich und gschickt<\/p>\n<p>dia zum F\u00fcrzeiga ischt<br \/>ghoblet und fiin gschliffni gnueg <br \/>da han i kein Angscht<br \/>dasch \u00e4swa aanegga tuat<\/p>\n<p>I muass<br \/>au \u00e4mal di ander siin<br \/>dia wa r\u00e4\u00e4get und truuret<br \/>wa muulet z\u00f6\u00f6relet und stampft<\/p>\n<p>dia zum F\u00fcrzeiga ischt<br \/>ghoblet und fiin gschliffni gnuag <br \/>da han i kein Angscht <br \/>dasch \u00e4swa aanegga tuat<\/p>\n<p>duu <br \/>wa t\u00fc\u00fcf dinna versorget bischt<br \/>miis ung\u00fcabts verletzlichs <br \/>Stuck Seel<br \/>dii m\u00f6cht i zualaa<br \/>duu bischt \u00e4n Teil va miar <br \/>eggig eerlich <br \/>und<br \/>kein bits heel<\/p>\n\n\n<figure class=\"wp-block-image size-large is-resized\"><img loading=\"lazy\" decoding=\"async\" width=\"645\" height=\"1024\" src=\"https:\/\/walsermundart.ch\/wp-content\/uploads\/2022\/09\/Frau-heller-min-645x1024.jpg\" alt=\"\" class=\"wp-image-8406\" style=\"width:403px;height:639px\" srcset=\"https:\/\/walsermundart.ch\/wp-content\/uploads\/2022\/09\/Frau-heller-min-645x1024.jpg 645w, https:\/\/walsermundart.ch\/wp-content\/uploads\/2022\/09\/Frau-heller-min-189x300.jpg 189w, https:\/\/walsermundart.ch\/wp-content\/uploads\/2022\/09\/Frau-heller-min-768x1220.jpg 768w, https:\/\/walsermundart.ch\/wp-content\/uploads\/2022\/09\/Frau-heller-min.jpg 964w\" sizes=\"auto, (max-width: 645px) 100vw, 645px\" \/><\/figure>\n\n\n\n<p><strong>R\u00fcmpf<\/strong><\/p>\n\n\n\n<figure class=\"wp-block-audio\"><audio controls src=\"https:\/\/walsermundart.ch\/wp-content\/uploads\/2022\/09\/em41.mp3\"><\/audio><\/figure>\n\n\n<p>miini R\u00fcmpf<br \/>und diini<br \/>heind nit di gliich Gschichti<\/p>\n<p>drum<br \/>git s au keis Rezept f\u00fcr \u00e4 Salbi<br \/>wa alli wider glettet<\/p>\n<p>zum Gl\u00fcck<\/p>\n<p>nu Maschg\u00e4l\u00e4<br \/>tragend kei R\u00fcmpf<\/p>\n\n\n<p><strong>dr Massstab<\/strong><\/p>\n\n\n\n<figure class=\"wp-block-audio\"><audio controls src=\"https:\/\/walsermundart.ch\/wp-content\/uploads\/2022\/09\/em42.mp3\"><\/audio><\/figure>\n\n\n<p>i laa mi ung\u00e4ra eifach m\u00e4ssa<br \/>an all d\u00e4m Glitzer und Glanz<br \/>dia h\u00fcbschischt und t\u00fcrschta H\u00e4\u00e4ssi<br \/>sind nu miini Schala<br \/>im t\u00e4glicha Tanz<\/p>\n<p>i laa mi ung\u00e4ra eifach iireija<br \/>nu so uf euja erscht Blick<br \/>miini Fassada tarf eu nit glengga<br \/>schi ischt miis usicherschta Stuck<\/p>\n<p>i laa mi ung\u00e4ra eifach ber\u00e4chna<br \/>na Siida Kaschmiir und Nerz<br \/>keis Marka oder Priisschild<br \/>zeigt eu dr W\u00e4g i miis H\u00e4\u00e4rz<\/p>\n\n\n<p><strong>Dischtanz<\/strong><\/p>\n\n\n\n<figure class=\"wp-block-audio\"><audio controls src=\"https:\/\/walsermundart.ch\/wp-content\/uploads\/2022\/09\/em43.mp3\"><\/audio><\/figure>\n\n\n<p>eigentli<br \/>feelscht mer <br \/>aber<br \/>s\u00e4ga tarf i s nit<\/p>\n<p>Wil i gsp\u00fcra <br \/>dass du<br \/>fort bischt<br \/>heb i mi da zrugg<\/p>\n<p>fortgaa und <br \/>wider heicho<br \/>muass a jeda s\u00e4lber wella<br \/>us schiim Entschluss<\/p>\n<p>zruggheba<br \/>wee kleinlich <br \/>looslaa<br \/>m\u00fcachi starch<\/p>\n<p>eigentli<br \/>feelscht mer <br \/>und <br \/>hoffa tarf i ja no<\/p>\n\n\n<p><strong>w\u00e4gselhaft<\/strong><\/p>\n\n\n\n<figure class=\"wp-block-audio\"><audio controls src=\"https:\/\/walsermundart.ch\/wp-content\/uploads\/2022\/09\/em44.mp3\"><\/audio><\/figure>\n\n\n<p>alls<br \/>cha ma w\u00e4gsla<br \/>d Huusig<br \/>d Stell <br \/>ds Auto<\/p>\n<p>d Aasichta <br \/>dr Partner<br \/>d Haarfarb<br \/>ds H\u00e4\u00e4s<\/p>\n<p>alls<br \/>um und um<\/p>\n<p>nu<br \/>mit \u00fcnsch s\u00e4lber<br \/>m\u00fcassa mer all Tag<br \/>z Gang choo<\/p>\n<p>unuusw\u00e4gsli<\/p>\n\n\n<p><strong>\u00e4n Trom<\/strong><\/p>\n\n\n\n<figure class=\"wp-block-audio\"><audio controls src=\"https:\/\/walsermundart.ch\/wp-content\/uploads\/2022\/09\/em45.mp3\"><\/audio><\/figure>\n\n\n<p>willkomma i miar<br \/>du gscheichta bedingigsloosa Trom<\/p>\n<p>us miim Wunsch di z heba<br \/>git s us diar \u00e4 Wision<\/p>\n<p>dii Form chunnt albig chlaarer<br \/>und diis Bild berchunnt Faarb<\/p>\n<p>wenn i will<br \/>bring i s sogar fertig<\/p>\n<p>dass us diar \u00e4 W\u00fcrklichkeit git<\/p>\n<p>alls us ma Trom<\/p>\n\n\n<p><strong>W\u00fcrza Z\u00fc\u00fcn Fl\u00fcgel<\/strong><\/p>\n\n\n\n<figure class=\"wp-block-audio\"><audio controls src=\"https:\/\/walsermundart.ch\/wp-content\/uploads\/2022\/09\/em46.mp3\"><\/audio><\/figure>\n\n\n<p>mii W\u00fcrza <br \/>sind ds Hebi f\u00fcr miis Siin<\/p>\n<p>euji Z\u00fc\u00fcn<br \/>zeigend miar dr Raama <br \/>ganz fiin<\/p>\n<p>aber mii Seel <br \/>bruucht \u00e4sia Fl\u00fcgel<br \/>zum allem entflian<\/p>\n\n\n<figure class=\"wp-block-image size-full is-resized\"><a href=\"https:\/\/walsermundart.ch\/?page_id=8184\"><img loading=\"lazy\" decoding=\"async\" width=\"268\" height=\"173\" src=\"https:\/\/walsermundart.ch\/wp-content\/uploads\/2022\/03\/Pfeil-zurueck-mini-1.jpg\" alt=\"\" class=\"wp-image-6871\" style=\"width:140px;height:90px\"\/><\/a><\/figure>\n","protected":false},"excerpt":{"rendered":"<p>Gsichter \u00e4s jedes Gsichtmit schiir eigena Gschichtihinder jeder Fassadaliit verborga \u00e4 Seel wenn d sch\u00e4 wit versteckasa fallt diar das nit schweer w\u00e4\u00e4r het scho&hellip;<\/p>\n","protected":false},"author":1,"featured_media":0,"parent":0,"menu_order":0,"comment_status":"closed","ping_status":"closed","template":"","meta":{"footnotes":""},"class_list":["post-8361","page","type-page","status-publish","hentry"],"_links":{"self":[{"href":"https:\/\/walsermundart.ch\/index.php?rest_route=\/wp\/v2\/pages\/8361","targetHints":{"allow":["GET"]}}],"collection":[{"href":"https:\/\/walsermundart.ch\/index.php?rest_route=\/wp\/v2\/pages"}],"about":[{"href":"https:\/\/walsermundart.ch\/index.php?rest_route=\/wp\/v2\/types\/page"}],"author":[{"embeddable":true,"href":"https:\/\/walsermundart.ch\/index.php?rest_route=\/wp\/v2\/users\/1"}],"replies":[{"embeddable":true,"href":"https:\/\/walsermundart.ch\/index.php?rest_route=%2Fwp%2Fv2%2Fcomments&post=8361"}],"version-history":[{"count":9,"href":"https:\/\/walsermundart.ch\/index.php?rest_route=\/wp\/v2\/pages\/8361\/revisions"}],"predecessor-version":[{"id":8629,"href":"https:\/\/walsermundart.ch\/index.php?rest_route=\/wp\/v2\/pages\/8361\/revisions\/8629"}],"wp:attachment":[{"href":"https:\/\/walsermundart.ch\/index.php?rest_route=%2Fwp%2Fv2%2Fmedia&parent=8361"}],"curies":[{"name":"wp","href":"https:\/\/api.w.org\/{rel}","templated":true}]}}