{"id":867,"date":"2021-02-10T20:22:08","date_gmt":"2021-02-10T20:22:08","guid":{"rendered":"https:\/\/hed.ch\/?page_id=867"},"modified":"2024-02-16T09:43:14","modified_gmt":"2024-02-16T09:43:14","slug":"vaersli-b-alt-chon","status":"publish","type":"page","link":"https:\/\/walsermundart.ch\/?page_id=867","title":{"rendered":"8.1 &#8211; Alt chon"},"content":{"rendered":"\n<figure class=\"wp-block-image size-full is-resized\"><a href=\"https:\/\/walsermundart.ch\/?page_id=156\"><img loading=\"lazy\" decoding=\"async\" width=\"268\" height=\"173\" src=\"https:\/\/walsermundart.ch\/wp-content\/uploads\/2022\/03\/Pfeil-zurueck-mini-1.jpg\" alt=\"\" class=\"wp-image-6871\" style=\"width:112px;height:72px\"\/><\/a><\/figure>\n\n\n\n<figure class=\"wp-block-image size-large is-resized\"><img loading=\"lazy\" decoding=\"async\" width=\"1024\" height=\"693\" src=\"https:\/\/walsermundart.ch\/wp-content\/uploads\/2021\/02\/Luzein-Aetti-Schuhe-77-red-1024x693.jpg\" alt=\"\" class=\"wp-image-886\" style=\"width:496px;height:335px\" srcset=\"https:\/\/walsermundart.ch\/wp-content\/uploads\/2021\/02\/Luzein-Aetti-Schuhe-77-red-1024x693.jpg 1024w, https:\/\/walsermundart.ch\/wp-content\/uploads\/2021\/02\/Luzein-Aetti-Schuhe-77-red-300x203.jpg 300w, https:\/\/walsermundart.ch\/wp-content\/uploads\/2021\/02\/Luzein-Aetti-Schuhe-77-red-768x520.jpg 768w, https:\/\/walsermundart.ch\/wp-content\/uploads\/2021\/02\/Luzein-Aetti-Schuhe-77-red-1536x1040.jpg 1536w, https:\/\/walsermundart.ch\/wp-content\/uploads\/2021\/02\/Luzein-Aetti-Schuhe-77-red-2048x1386.jpg 2048w\" sizes=\"auto, (max-width: 1024px) 100vw, 1024px\" \/><\/figure>\n\n\n\n<p><strong><strong>Dr Neni gschp\u00fcrd <\/strong><\/strong><\/p>\n\n\n\n<figure class=\"wp-block-audio\"><audio controls src=\"https:\/\/walsermundart.ch\/wp-content\/uploads\/2022\/04\/020-Schuae.mp3\"><\/audio><\/figure>\n\n\n\n<p>Dr Neni schl\u00e4rgg\u00e4d, Wintr, Summr<br>in schiin\u00e4 Militeerschu\u00e4 ummr.<br>Schu\u00e4bendli hed s k\u00e4i r\u00e4chti dran,<br>will \u00e4\u00e4r schi n\u00fcmm\u00e4 p\u00fcck\u00e4 chan.<\/p>\n\n\n\n<p><strong><strong>nidschi<\/strong><\/strong><\/p>\n\n\n\n<figure class=\"wp-block-audio\"><audio controls src=\"https:\/\/walsermundart.ch\/wp-content\/uploads\/2023\/03\/020b-nidschi.mp3\"><\/audio><\/figure>\n\n\n\n<p>M\u00e4 merkt, wi\u00e4 s mit dm Aaltr nidschi g\u00e4id,<br>dass mid dr Gsundheit nid zum Bescht\u00e4 scht\u00e4id.<br>Mid obschi gaan, feelt \u00e4im gar gschw\u00fcnd dr Schnuuf,<br>drum gaan i jetz\u00e4 li\u00e4br aab as uuf.<\/p>\n\n\n\n<p><strong><strong>Di Ziit g\u00e4id<\/strong><\/strong><\/p>\n\n\n\n<figure class=\"wp-block-audio\"><audio controls src=\"https:\/\/walsermundart.ch\/wp-content\/uploads\/2022\/04\/021-Ziit.mp3\"><\/audio><\/figure>\n\n\n\n<p>Albig gschw\u00fcndr g\u00e4id di Ziit,<br>Aalti m\u00f6g\u00e4nd n\u00fcmm\u00e4 mit.<br>Churz und ch\u00fcrzr chund dr Schritt,<br>bis s k\u00e4in \u00e4inzig\u00e4 mee gid.<\/p>\n\n\n\n<p><strong>Dr aalt Puur<\/strong><\/p>\n\n\n\n<figure class=\"wp-block-audio\"><audio controls src=\"https:\/\/walsermundart.ch\/wp-content\/uploads\/2022\/04\/022-Puur.mp3\"><\/audio><\/figure>\n\n\n\n<p>I bin \u00e4n aalt\u00e4 Maan<br>und chan fascht n\u00fcmm\u00e4 gaan,<br>nid r\u00e4chch\u00e4 und nid mee\u00e4,<br>mi hof\u00e4li mee dree\u00e4.<\/p>\n\n\n\n<p><strong><strong>Zandri\u00e4ggi<\/strong><\/strong><\/p>\n\n\n\n<figure class=\"wp-block-audio\"><audio controls src=\"https:\/\/walsermundart.ch\/wp-content\/uploads\/2022\/04\/023-Simmi.mp3\"><\/audio><\/figure>\n\n\n\n<p>Dm Simmi lott\u00e4r\u00e4nd di Zend,<br>dass alli schon va wiitm gseend.<br>\u00c4r hed drvan nun noch \u00e4s paar.<br>Den as\u00e4 jung, vor viiln\u00e4 Jaar,<br>hed m\u00e4 di Ziit halt andrscht gnutz\u00e4d<br>und gw\u00fcss gar ni\u00e4 di Zend g\u00e4butz\u00e4d.<\/p>\n\n\n\n<figure class=\"wp-block-image size-full\"><img loading=\"lazy\" decoding=\"async\" width=\"463\" height=\"526\" src=\"https:\/\/walsermundart.ch\/wp-content\/uploads\/2022\/04\/Fient-Studafridli-Snipping.jpg\" alt=\"\" class=\"wp-image-7350\" srcset=\"https:\/\/walsermundart.ch\/wp-content\/uploads\/2022\/04\/Fient-Studafridli-Snipping.jpg 463w, https:\/\/walsermundart.ch\/wp-content\/uploads\/2022\/04\/Fient-Studafridli-Snipping-264x300.jpg 264w\" sizes=\"auto, (max-width: 463px) 100vw, 463px\" \/><\/figure>\n\n\n\n<p><strong><strong><strong>\u00c4s aalts P\u00e4\u00e4rli<\/strong><\/strong><\/strong><\/p>\n\n\n\n<figure class=\"wp-block-audio\"><audio controls src=\"https:\/\/walsermundart.ch\/wp-content\/uploads\/2022\/04\/024-Hand.mp3\"><\/audio><\/figure>\n\n\n\n<p>Wi\u00e4r l\u00e4b\u00e4nd schon sit Jaar\u00e4 mid\u00e4nand<br>und gaand uf W\u00e4g\u00e4 n\u00fcmm\u00e4 Hand in Hand.<br>Wi\u00e4r h\u00e4ind nisch lengscht\u00e4 an\u00e4nandr\u00e4 ggwend,<br>\u00e4soo, das m\u00e4 schi g\u00e4g\u00e4siitig chend.<br>Wi\u00e4r m\u00fc\u00e4ss\u00e4nd nisch nu w\u00e4g\u00e4 n\u00fc\u00fcd nid schtriit\u00e4<br>und heb\u00e4nd Soorg zun \u00fcnschn\u00e4 alt\u00e4 Ziit\u00e4.<\/p>\n\n\n\n<p><strong><strong><strong>Nid vrwent<\/strong><\/strong><\/strong><\/p>\n\n\n\n<figure class=\"wp-block-audio\"><audio controls src=\"https:\/\/walsermundart.ch\/wp-content\/uploads\/2022\/04\/025-Schparae.mp3\"><\/audio><\/figure>\n\n\n\n<p>Mii Frau und ii sind nid van h\u00fctt<br>und nid vrwent wi\u00e4 meng\u00e4 Gr\u00fctt.<br>Wi\u00e4r \u00e4ss\u00e4nd, was im T\u00e4llr ischt<br>und w\u00e4rff\u00e4nd s nid uus uf d\u00e4 Mischt.<br>Wi\u00e4r leend nid ds Li\u00e4cht f\u00fcr n\u00fc\u00fcd lan brenn\u00e4,<br>wi\u00e4r gaand g\u00e4 ligg\u00e4 mid d\u00e4 Henn\u00e4.<br>Compiuutr odr der\u00e4 Z\u00fc\u00fcg,<br>das bruucht nun Schtrom und s\u00e4id \u00fcnsch n\u00fc\u00fcd.<\/p>\n\n\n\n<p><strong><strong><strong>B\u00e4si, wi\u00e4 hess?<\/strong><\/strong><\/strong><\/p>\n\n\n\n<figure class=\"wp-block-audio\"><audio controls src=\"https:\/\/walsermundart.ch\/wp-content\/uploads\/2022\/04\/026-Daletscht.mp3\"><\/audio><\/figure>\n\n\n\n<p>Dal\u00e9tscht: Wi\u00e4 hess, wi\u00e4 g\u00e4it s dr wol?<br>Ja d\u00e4ich, i chan fascht n\u00fcmm\u00e4 gaan.<br>Den gu\u00e4ti Bess\u00e4rig, l\u00e4b wool!<br>Schon hed r alls vrg\u00e4ss\u00e4 ghan.<br>Und h\u00fctt: Wi\u00e4 hess au, g\u00e4it s dr gu\u00e4t?<br>Ja, wi\u00e4 dal\u00e9tscht, i han root s Blu\u00e4d.<br>Mid h\u00e4ingaan d\u00e4icht \u00e4r: Un\u00e4rh\u00f6\u00f6rd,<br>asoo \u00e4n Antwoord hed mr gh\u00f6\u00f6rd!<\/p>\n\n\n\n<figure class=\"wp-block-image size-full is-resized\"><a href=\"https:\/\/walsermundart.ch\/?page_id=156\"><img loading=\"lazy\" decoding=\"async\" width=\"268\" height=\"173\" src=\"https:\/\/walsermundart.ch\/wp-content\/uploads\/2022\/03\/Pfeil-zurueck-mini-1.jpg\" alt=\"\" class=\"wp-image-6871\" style=\"width:112px;height:72px\"\/><\/a><\/figure>\n","protected":false},"excerpt":{"rendered":"<p>Dr Neni gschp\u00fcrd Dr Neni schl\u00e4rgg\u00e4d, Wintr, Summrin schiin\u00e4 Militeerschu\u00e4 ummr.Schu\u00e4bendli hed s k\u00e4i r\u00e4chti dran,will \u00e4\u00e4r schi n\u00fcmm\u00e4 p\u00fcck\u00e4 chan. nidschi M\u00e4 merkt, wi\u00e4&hellip;<\/p>\n","protected":false},"author":1,"featured_media":0,"parent":0,"menu_order":0,"comment_status":"closed","ping_status":"closed","template":"","meta":{"footnotes":""},"class_list":["post-867","page","type-page","status-publish","hentry"],"_links":{"self":[{"href":"https:\/\/walsermundart.ch\/index.php?rest_route=\/wp\/v2\/pages\/867","targetHints":{"allow":["GET"]}}],"collection":[{"href":"https:\/\/walsermundart.ch\/index.php?rest_route=\/wp\/v2\/pages"}],"about":[{"href":"https:\/\/walsermundart.ch\/index.php?rest_route=\/wp\/v2\/types\/page"}],"author":[{"embeddable":true,"href":"https:\/\/walsermundart.ch\/index.php?rest_route=\/wp\/v2\/users\/1"}],"replies":[{"embeddable":true,"href":"https:\/\/walsermundart.ch\/index.php?rest_route=%2Fwp%2Fv2%2Fcomments&post=867"}],"version-history":[{"count":62,"href":"https:\/\/walsermundart.ch\/index.php?rest_route=\/wp\/v2\/pages\/867\/revisions"}],"predecessor-version":[{"id":8635,"href":"https:\/\/walsermundart.ch\/index.php?rest_route=\/wp\/v2\/pages\/867\/revisions\/8635"}],"wp:attachment":[{"href":"https:\/\/walsermundart.ch\/index.php?rest_route=%2Fwp%2Fv2%2Fmedia&parent=867"}],"curies":[{"name":"wp","href":"https:\/\/api.w.org\/{rel}","templated":true}]}}