{"id":913,"date":"2021-02-10T20:24:51","date_gmt":"2021-02-10T20:24:51","guid":{"rendered":"https:\/\/hed.ch\/?page_id=913"},"modified":"2026-04-22T15:10:23","modified_gmt":"2026-04-22T15:10:23","slug":"vaersli-c-soo-aendaeraed-di-ziit","status":"publish","type":"page","link":"https:\/\/walsermundart.ch\/?page_id=913","title":{"rendered":"8.2 &#8211; Soo \u00e4nd\u00e4r\u00e4d di Ziit"},"content":{"rendered":"\n<figure class=\"wp-block-image size-large is-resized\"><img loading=\"lazy\" decoding=\"async\" width=\"1024\" height=\"677\" src=\"https:\/\/walsermundart.ch\/wp-content\/uploads\/2021\/02\/Haus-von-Nordwesten-ret-reduz-1024x677.jpg\" alt=\"\" class=\"wp-image-916\" style=\"width:413px;height:273px\" srcset=\"https:\/\/walsermundart.ch\/wp-content\/uploads\/2021\/02\/Haus-von-Nordwesten-ret-reduz-1024x677.jpg 1024w, https:\/\/walsermundart.ch\/wp-content\/uploads\/2021\/02\/Haus-von-Nordwesten-ret-reduz-300x198.jpg 300w, https:\/\/walsermundart.ch\/wp-content\/uploads\/2021\/02\/Haus-von-Nordwesten-ret-reduz-768x508.jpg 768w, https:\/\/walsermundart.ch\/wp-content\/uploads\/2021\/02\/Haus-von-Nordwesten-ret-reduz-1536x1015.jpg 1536w, https:\/\/walsermundart.ch\/wp-content\/uploads\/2021\/02\/Haus-von-Nordwesten-ret-reduz-2048x1354.jpg 2048w\" sizes=\"auto, (max-width: 1024px) 100vw, 1024px\" \/><\/figure>\n\n\n\n<figure class=\"wp-block-image size-full is-resized\"><a href=\"https:\/\/walsermundart.ch\/?page_id=156\"><img loading=\"lazy\" decoding=\"async\" width=\"268\" height=\"173\" src=\"https:\/\/walsermundart.ch\/wp-content\/uploads\/2022\/03\/Pfeil-zurueck-mini-1.jpg\" alt=\"\" class=\"wp-image-6871\" style=\"width:108px;height:70px\"\/><\/a><\/figure>\n\n\n\n<p><strong>\u00dcns Nani hed s noch \u00e4rl\u00e4bt<\/strong><\/p>\n\n\n\n<figure class=\"wp-block-audio\"><audio controls src=\"https:\/\/walsermundart.ch\/wp-content\/uploads\/2022\/04\/030-Klosett.mp3\"><\/audio><\/figure>\n\n\n\n<p>Uf ds H\u00fc\u00fcsli gaan bi Schturm und Schnee<br>chennt h\u00fcttigstagsch fascht ni\u00e4m\u00e4d mee.<br>Wenn s gguggsch\u00e4d us \u00e4m waarm\u00e4 Bett<br>uf d Laub\u00e4 uus uf ds Plumpsklosett!<\/p>\n\n\n\n<p><strong>Mid dr L\u00e4it\u00e4r\u00e4?<\/strong><\/p>\n\n\n\n<figure class=\"wp-block-audio\"><audio controls src=\"https:\/\/walsermundart.ch\/wp-content\/uploads\/2026\/04\/031b-Hueueschi.mp3\"><\/audio><\/figure>\n\n\n\n<p>\u00c4r mu\u00e4s uf ds schtill\u00e4 \u00d6rtli gaan<br>uf d Laub\u00e4 uus uf ds H\u00fc\u00fcsli.<br>Da ch\u00f6nt\u00e4 m\u00e4 s den gar nid han,<br>\u00e4r schtiigti uuf uf ds H\u00fc\u00fcschi.<\/p>\n\n\n\n<figure class=\"wp-block-image size-full is-resized\"><img loading=\"lazy\" decoding=\"async\" width=\"198\" height=\"341\" src=\"https:\/\/walsermundart.ch\/wp-content\/uploads\/2026\/04\/Leiter-1.jpg\" alt=\"\" class=\"wp-image-8906\" style=\"width:109px;height:auto\" srcset=\"https:\/\/walsermundart.ch\/wp-content\/uploads\/2026\/04\/Leiter-1.jpg 198w, https:\/\/walsermundart.ch\/wp-content\/uploads\/2026\/04\/Leiter-1-174x300.jpg 174w\" sizes=\"auto, (max-width: 198px) 100vw, 198px\" \/><\/figure>\n\n\n\n<p><strong><strong><strong>Undr dr Laub\u00e4<\/strong><\/strong><\/strong><\/p>\n\n\n\n<figure class=\"wp-block-audio\"><audio controls src=\"https:\/\/walsermundart.ch\/wp-content\/uploads\/2022\/04\/032-Abtritt.mp3\"><\/audio><\/figure>\n\n\n\n<p>Ganz fr\u00fc\u00e4r ischt m\u00e4 nid uf ds H\u00fc\u00fcsli uus,<br>\u00c4s hed \u00e4n Aab-Tritt ghan direkt am Huus.<br>&#171;I mu\u00e4s gschw\u00fcnd in dr Chuchchi alls l\u00e4 schtaan,<br>und wi\u00e4 \u00e4n Pfir\u00e4 uf d\u00e4 Abtritt gaan!&#187;<\/p>\n\n\n\n<p><strong><strong><strong>Nun dr Schtub\u00e4of\u00e4<\/strong><\/strong><\/strong><\/p>\n\n\n\n<figure class=\"wp-block-audio\"><audio controls src=\"https:\/\/walsermundart.ch\/wp-content\/uploads\/2022\/04\/033-Ofae.mp3\"><\/audio><\/figure>\n\n\n\n<p>Schi Wermi gglengt nid wiit d\u00fcr ds Huus,<br>bischt du s nid ggwon\u00e4d, is s \u00e4n Gruus.<br>Chaalt is s drumm dobn\u00e4 in d\u00e4 Zimmr,<br>und nun f\u00fcrdussn\u00e4 weer s noch schlimmr.<br>Doch Chri\u00e4sim\u00e4nnli bruucht k\u00e4is Chind,<br>wil di\u00e4 gar gschw\u00fcnd \u00e4rwaarm\u00e4d sind.<\/p>\n\n\n\n<p><strong><strong>W\u00e4ttrz\u00e4ich\u00e4<\/strong><\/strong><\/p>\n\n\n\n<figure class=\"wp-block-audio\"><audio controls src=\"https:\/\/walsermundart.ch\/wp-content\/uploads\/2022\/04\/034-Waettr.mp3\"><\/audio><\/figure>\n\n\n\n<p>\u00dcns Naani \u00e4rzellt, ir\u00e4 \u00c4tti h\u00e4i gs\u00e4id,<br>wenn d Henn\u00e4 schpaat s\u00e4dl\u00e4nd, denn chomi s ggw\u00fcss l\u00e4id.<br>So h\u00e4ind den au d L\u00fc\u00fct fascht bis gnacht\u00e4d hed gschaff\u00e4d<br>und den am Taag druuf erscht \u00e4s Pfiiffli g\u00e4paff\u00e4d.<br><\/p>\n\n\n\n<figure class=\"wp-block-image size-large is-resized\"><img loading=\"lazy\" decoding=\"async\" width=\"579\" height=\"846\" src=\"https:\/\/walsermundart.ch\/wp-content\/uploads\/2021\/02\/Pfeife-Albert-Anker-Name.jpg\" alt=\"\" class=\"wp-image-977\" style=\"width:168px;height:245px\" srcset=\"https:\/\/walsermundart.ch\/wp-content\/uploads\/2021\/02\/Pfeife-Albert-Anker-Name.jpg 579w, https:\/\/walsermundart.ch\/wp-content\/uploads\/2021\/02\/Pfeife-Albert-Anker-Name-205x300.jpg 205w\" sizes=\"auto, (max-width: 579px) 100vw, 579px\" \/><\/figure>\n\n\n\n<p><strong>Sunntig uf \u00c4ilisch<\/strong><\/p>\n\n\n\n<figure class=\"wp-block-audio\"><audio controls src=\"https:\/\/walsermundart.ch\/wp-content\/uploads\/2022\/04\/035-Ailisch.mp3\"><\/audio><\/figure>\n\n\n\n<p>Min Bru\u00e4dr und ii gaand zum Chrigl uus,<br>\u00e4\u00e4r ischt jetz bim B\u00e4\u00e4rg\u00e4 uf \u00c4ilisch z Huus.<br>Und z\u00e4mm\u00e4 g\u00e4id s wiit d\u00fcr d\u00e4 Ggunggl uuf,<br>wi\u00e4r chom\u00e4nd bis zobrscht fascht us m Schnuuf.<br>Wi\u00e4r gseend in \u00e4s Taal \u00e4soo gr\u00fc\u00e4n und br\u00e4it.<br>Dert hinn\u00e4 sii ds Br\u00e4ttig\u00e4, heind sch \u00fcnsch gs\u00e4id.<br>Di\u00e4 W\u00e4ld ischt \u00fcnsch n\u00fc\u00fc und ganz unbekannt.<br>Wi\u00e4 l\u00e4b\u00e4n sch, wi\u00e4 red\u00e4n sch im fr\u00f6nd\u00e4 Land?<br>Miin Bru\u00e4dr und ii h\u00e4ind s naa lengr Ziit<br>ganz gu\u00e4t ggl\u00e4rn\u00e4t chenn\u00e4, \u00e4s ischt nid wiit.<br>Wi\u00e4r sind dert\u00e4 iin gfaar\u00e4 gw\u00fcss mengs Mal,<br>denn jed\u00e4 hed d Frau gfund\u00e4 in d\u00e4m Tal.<\/p>\n\n\n\n<p><strong>Rooti Aam\u00e4iss\u00e4 in d\u00e4 Schu\u00e4<\/strong><\/p>\n\n\n\n<figure class=\"wp-block-audio\"><audio controls src=\"https:\/\/walsermundart.ch\/wp-content\/uploads\/2024\/02\/035c-Ameisen.mp3\"><\/audio><\/figure>\n\n\n\n<p>Das chan k\u00e4in Bu\u00e4b \u00e4rfr\u00e4u\u00e4,<br>mid churz\u00e4 Hos\u00e4 z h\u00e4u\u00e4.<br>Und d M\u00e4iti\u00e4 mid d\u00e4 R\u00f6ck,<br>in Schua und churz\u00e4 S\u00f6ck!<br>Di D\u00f6\u00f6r\u00e4 schpitzig, troch\u00e4,<br>h\u00e4ind \u00fcnsch di B\u00e4in vrschtoch\u00e4.<br>Di aalt\u00e4 H\u00e4u\u00e4rschua<br>sind ob\u00e4 nid ganz zu\u00e4.<br>Drum ghii\u00e4nd Ti\u00e4rli driin<br>und Dr\u00e4ck d\u00e4r\u00fcbr iin.<br>Di Ti\u00e4rli biiss\u00e4nd dunn\u00e4,<br>von ob\u00e4 h\u00e4\u00e4r brinnt d Sunn\u00e4.<\/p>\n\n\n\n<p><strong>Natur<\/strong><\/p>\n\n\n\n<figure class=\"wp-block-audio\"><audio controls src=\"https:\/\/walsermundart.ch\/wp-content\/uploads\/2022\/04\/036-Natur.mp3\"><\/audio><\/figure>\n\n\n\n<p>Vor Ziit\u00e4 h\u00e4ind sch noch Soorg ghan zur Natur,<br>schi h\u00e4ind \u00e4n Am\u00e4issb\u00fc\u00e4l nid \u00e4ifach gwerd.<br>Doch h\u00fctt tr\u00fcckt mid Maschin\u00e4 jed\u00e4 Puur<br>di \u00e4ign\u00e4 Wis\u00e4 flach und hert.<br><\/p>\n\n\n\n<p><strong><strong>Blu\u00e4m\u00e4 odr G\u00e4\u00e4ld?<\/strong><\/strong><\/p>\n\n\n\n<figure class=\"wp-block-audio\"><audio controls src=\"https:\/\/walsermundart.ch\/wp-content\/uploads\/2022\/04\/037-Bluaemae.mp3\"><\/audio><\/figure>\n\n\n\n<p>Lu\u00e4g, \u00c4tti, lu\u00e4g di\u00e4 h\u00fcbsch\u00e4 Blu\u00e4m\u00e4!<br>Und wiitr s\u00e4id di T\u00f6chtr zu\u00e4m\u00e4:<br>Dr Schm\u00e4ttrling, wa d Sunn\u00e4 gn\u00fc\u00fcsst,<br>das W\u00e4ssrli, waa muntr fl\u00fc\u00fcsst!<br>Doch wichtig ischt imm \u00e0limaal<br>\u00e4n gross\u00e4 H\u00e4uschtock uf \u00e4m Schtall.<br><\/p>\n\n\n\n<p><strong><strong>Albig mee<\/strong><\/strong><\/p>\n\n\n\n<figure class=\"wp-block-audio\"><audio controls src=\"https:\/\/walsermundart.ch\/wp-content\/uploads\/2022\/04\/038-Guellae.mp3\"><\/audio><\/figure>\n\n\n\n<p>Kuum ischt dr Schnee zrgang\u00e4, chund schon ggmeed.<br>K\u00e4i Leerch\u00e4 cha mee br\u00fc\u00e4t\u00e4, d Fr\u00f6sch sind tot.<br>Bald chom\u00e4nd Ggfeerti, waa di G\u00fcll\u00e4 uussr schreed<br>und nun di Ggraag\u00e4 l\u00e4b\u00e4nd nid in Not.<\/p>\n\n\n\n<p><strong><strong><strong>\u00dcns Nani machch\u00e4d schi Soorg\u00e4<\/strong><\/strong><\/strong><\/p>\n\n\n\n<figure class=\"wp-block-audio\"><audio controls src=\"https:\/\/walsermundart.ch\/wp-content\/uploads\/2022\/04\/039-Soorg.mp3\"><\/audio><\/figure>\n\n\n\n<p>\u00c4s chlag\u00e4nd alli, h\u00fc\u00fcr sii s h\u00e4iss und trochch\u00e4,<br>m\u00e4 ch\u00f6nti an dr Sunn\u00e4 \u00c4i\u00e4r chochch\u00e4.<br>Wen das va Jaar zu Jaar so wiitr g\u00e4id,<br>h\u00e4ind wi\u00e4r n\u00fc\u00fcd z \u00c4ss\u00e4 und di Ti\u00e4r k\u00e4i W\u00e4id.<br><\/p>\n\n\n\n<p><strong><strong>\u00dcns Nani bliibt daa<\/strong><\/strong><\/p>\n\n\n\n<figure class=\"wp-block-audio\"><audio controls src=\"https:\/\/walsermundart.ch\/wp-content\/uploads\/2022\/04\/040-Meer.mp3\"><\/audio><\/figure>\n\n\n\n<p>\u00dcns Naani: An ds Meer faar\u00e4 chund nid i Frag!<br>Was tettisch den dert\u00e4 dr ganz gschlag\u00e4 Tag?<br>Im Sand ummr ligg\u00e4 im Gwimml va L\u00fc\u00fct,<br>was s\u00f6l das G\u00e4tr\u00f6\u00f6l, der\u00e4 Z\u00fc\u00fcg s\u00e4id mi\u00e4r n\u00fc\u00fcd.<\/p>\n\n\n\n<p><strong><strong>Rob\u00e4<\/strong><\/strong><\/p>\n\n\n\n<figure class=\"wp-block-audio\"><audio controls src=\"https:\/\/walsermundart.ch\/wp-content\/uploads\/2022\/04\/041-Robae.mp3\"><\/audio><\/figure>\n\n\n\n<p>Nid luschtig sind di\u00e4 Ziit\u00e4 gsin:<br>Schi sind mit Henn\u00e4 und zw\u00e4i Schwiin<br>in ds Mai\u00e4s\u00e4ss, mit Chind und Hab,<br>so uuf und aab und uuf und aab.<br><\/p>\n\n\n\n<p><strong><strong>Dorfbr\u00fcnn\u00e4<\/strong><\/strong><\/p>\n\n\n\n<figure class=\"wp-block-audio\"><audio controls src=\"https:\/\/walsermundart.ch\/wp-content\/uploads\/2022\/04\/042-Bruennae.mp3\"><\/audio><\/figure>\n\n\n\n<p>Z uss\u00e4rscht, z obrscht, in dr Mitti hed s \u00e4n Brunn\u00e4 ghan<br>und um ds Wassr hed m\u00e4 m\u00fc\u00e4ss\u00e4 an \u00e4n Brunn\u00e4 gaan.<br>Grossi \u00c4imr in dr Chuchchi hed m\u00e4 ch\u00f6nn\u00e4 nutz\u00e4,<br>so zum Triich\u00e4, Chochch\u00e4, ds Gschirr abw\u00e4schsch\u00e4 und zum Butz\u00e4.<br><\/p>\n\n\n\n<p><strong><strong><strong>\u00c4 n\u00fc\u00fci Ziit<\/strong><\/strong><\/strong><\/p>\n\n\n\n<figure class=\"wp-block-audio\"><audio controls src=\"https:\/\/walsermundart.ch\/wp-content\/uploads\/2022\/04\/043-Chochhaerd.mp3\"><\/audio><\/figure>\n\n\n\n<p>Alls mu\u00e4s w\u00e4idli f\u00fcrschi gaan.<br>W\u00e4\u00e4r will lang am Chochh\u00e4rd schtaan?<br>Ni\u00e4m\u00e4d bruucht mee Schpeen und Schiit.<br>\u00c4 Schaaltr dreea bruucht k\u00e4in Ziit.<\/p>\n\n\n\n<figure class=\"wp-block-image size-large is-resized\"><img loading=\"lazy\" decoding=\"async\" width=\"388\" height=\"406\" src=\"https:\/\/walsermundart.ch\/wp-content\/uploads\/2021\/02\/Kochherd-alt-SF-2020-11-12-Name.jpg\" alt=\"\" class=\"wp-image-996\" style=\"width:344px;height:361px\" srcset=\"https:\/\/walsermundart.ch\/wp-content\/uploads\/2021\/02\/Kochherd-alt-SF-2020-11-12-Name.jpg 388w, https:\/\/walsermundart.ch\/wp-content\/uploads\/2021\/02\/Kochherd-alt-SF-2020-11-12-Name-287x300.jpg 287w\" sizes=\"auto, (max-width: 388px) 100vw, 388px\" \/><\/figure>\n\n\n\n<p><strong><strong><strong>Das s\u00e4id dr Neni<\/strong><\/strong><\/strong><\/p>\n\n\n\n<figure class=\"wp-block-audio\"><audio controls src=\"https:\/\/walsermundart.ch\/wp-content\/uploads\/2022\/04\/044-Zack.mp3\"><\/audio><\/figure>\n\n\n\n<p>Am Sibni, da hed m\u00e4 schon gmolch\u00e4 gchan<br>und baald \u00e4maal ch\u00f6nn\u00e4 zum Zmorg\u00e4d gaan.<br>Und jetz cha m\u00e4 dree\u00e4 und den macht s Zack,<br>und schon schprudl\u00e4d d Milch us \u00e4m Tetra Pak.<\/p>\n\n\n\n<figure class=\"wp-block-image size-large is-resized\"><img loading=\"lazy\" decoding=\"async\" width=\"760\" height=\"894\" src=\"https:\/\/walsermundart.ch\/wp-content\/uploads\/2021\/02\/wbusch-2-rotated.jpg\" alt=\"\" class=\"wp-image-999\" style=\"width:288px;height:339px\" srcset=\"https:\/\/walsermundart.ch\/wp-content\/uploads\/2021\/02\/wbusch-2-rotated.jpg 760w, https:\/\/walsermundart.ch\/wp-content\/uploads\/2021\/02\/wbusch-2-255x300.jpg 255w\" sizes=\"auto, (max-width: 760px) 100vw, 760px\" \/><\/figure>\n\n\n\n<p><strong><strong><strong>Z Fu\u00e4ss uus g\u00e4 Chur<\/strong><\/strong><\/strong><\/p>\n\n\n\n<figure class=\"wp-block-audio\"><audio controls src=\"https:\/\/walsermundart.ch\/wp-content\/uploads\/2022\/04\/045-Chur.mp3\"><\/audio><\/figure>\n\n\n\n<p>Schi hed z Chur Woll\u00e4 bsorg\u00e4d,<br>drum h\u00e4ind sch \u00e4r\u00e4 \u00e4n Ggaffi gg\u00e4\u00e4n.<br>Schi danki, d\u00e4\u00e4r t\u00f6rf sch gw\u00fcss nid n\u00e4\u00e4n,<br>schi chomi grad vom Zmorg\u00e4d.<\/p>\n\n\n\n<p><strong>D\u00e4\u00e4r van Hinderpagig<\/strong><\/p>\n\n\n\n<figure class=\"wp-block-audio\"><audio controls src=\"https:\/\/walsermundart.ch\/wp-content\/uploads\/2026\/04\/045b-Hinderpagig-1.mp3\"><\/audio><\/figure>\n\n\n\n<p>M\u00e4 ischt gaar s\u00e4lt\u00e4 uus g\u00e4 Chur,<br>so an d\u00e4 Schti\u00e4r\u00e4marcht dr Puur.<br>Und d Frau ischt den d\u00e4h\u00e4im\u00e4d plib\u00e4,<br>hed ds Vee uf d Aam\u00e4dw\u00e4id g\u00e4trib\u00e4.<br>\u00c4n Bu\u00e4b hed s\u00f6ll\u00e4 uus in d Schtadt,<br>uf ds Mamm\u00e4sch und uf ds Pap\u00e4sch Raat.<br>Im Schualhuus an dr Quad\u00e4r\u00e4<br>hed s Buabi ggl\u00e4rn\u00e4d schwad\u00e4r\u00e4.<br>Das ischt f\u00fcr ds Buabi nid grad fiin.<br>Denn schiini Schpraach ischt anderscht gsin.<br>Was ischt \u00e4 Schtruuch\u00e4? Freeg\u00e4d \u00e4in\u00e4.<br>\u00c4r hed nid ggw\u00fcsst, was ii da m\u00e4in\u00e4.<br>Drum truur i der\u00e4 Ziit nid naa<br>Und bin schon lang, lang n\u00fcmm\u00e4 daa.<\/p>\n\n\n\n<p><strong><strong><strong>D Chalbr h\u00e4ind Numm\u00e4r\u00e4<\/strong><\/strong><\/strong><\/p>\n\n\n\n<figure class=\"wp-block-audio\"><audio controls src=\"https:\/\/walsermundart.ch\/wp-content\/uploads\/2022\/04\/046-Chalbr.mp3\"><\/audio><\/figure>\n\n\n\n<p>Dr Metzgr wil zwenzg Chalbr chauff\u00e4,<br>\u00e4s loont schi nid di\u00e4 Ti\u00e4r noch z tauff\u00e4.<br>Di Puurnig ischt \u00e4n Induschtrii,<br>di aalt\u00e4 Ziit\u00e4 sind vrbii.<br>Dr H\u00e4iri hed \u00e4is (1!) Chalb vrchauft<br>und du\u00e4 noch ggm\u00e4ind, das \u00e4tt\u00e4s lauft.<\/p>\n\n\n\n<p><strong><strong><strong>Di Poschthaalt\u00e4ri fergg\u00e4d d AHV<\/strong><\/strong><\/strong><\/p>\n\n\n\n<figure class=\"wp-block-audio\"><audio controls src=\"https:\/\/walsermundart.ch\/wp-content\/uploads\/2022\/04\/047-AHV.mp3\"><\/audio><\/figure>\n\n\n\n<p>Schi l\u00fc\u00fct\u00e4d uf di Poscht z Chur an,<br>dert t\u00fc\u00e4n sch ds G\u00e4\u00e4ld uf d Arosabahn<br>und di\u00e4 f\u00fc\u00e4rt s sichchr in ds Tal innr.<br>Z P\u00e4ischt \u00fcbrn\u00fcmmt s dr Bernhardiner.<br>Jetz chund s vrtr\u00e4id, d L\u00fc\u00fct blang\u00e4nd schon,<br>\u00c4s ischt willkomm\u00e4 wi\u00e4 \u00e4 Loon.<br><\/p>\n\n\n\n<figure class=\"wp-block-image size-large is-resized\"><img loading=\"lazy\" decoding=\"async\" width=\"1024\" height=\"728\" src=\"https:\/\/walsermundart.ch\/wp-content\/uploads\/2021\/02\/bernhardiner-mars-1951-1024x728.jpg\" alt=\"\" class=\"wp-image-1010\" style=\"width:490px;height:348px\" srcset=\"https:\/\/walsermundart.ch\/wp-content\/uploads\/2021\/02\/bernhardiner-mars-1951-1024x728.jpg 1024w, https:\/\/walsermundart.ch\/wp-content\/uploads\/2021\/02\/bernhardiner-mars-1951-300x213.jpg 300w, https:\/\/walsermundart.ch\/wp-content\/uploads\/2021\/02\/bernhardiner-mars-1951-768x546.jpg 768w, https:\/\/walsermundart.ch\/wp-content\/uploads\/2021\/02\/bernhardiner-mars-1951-1536x1092.jpg 1536w, https:\/\/walsermundart.ch\/wp-content\/uploads\/2021\/02\/bernhardiner-mars-1951.jpg 1680w\" sizes=\"auto, (max-width: 1024px) 100vw, 1024px\" \/><\/figure>\n\n\n\n<p><strong><strong><strong>\u00dcns Naani und schiis Enk\u00e4li<\/strong><\/strong><\/strong><\/p>\n\n\n\n<figure class=\"wp-block-audio\"><audio controls src=\"https:\/\/walsermundart.ch\/wp-content\/uploads\/2022\/04\/048-Tschiins.mp3\"><\/audio><\/figure>\n\n\n\n<p>In d\u00e4 Tschiins vam Enk\u00e4li hed s Naani n\u00e4chti schpaat<br>L\u00f6chr gflickt in n\u00fc\u00fc\u00e4 Hos\u00e4 und \u00e4n offni Naat.<br>Naani, h\u00e4ttischt du doch ggru\u00e4b\u00e4d und di\u00e4 L\u00f6chr gglaan,<br>L\u00f6chr sind jetz Mod\u00e4, ii mu\u00e4s mit dr Mod\u00e4 gaan.<br><\/p>\n\n\n\n<p><strong><strong><strong>\u00c4n Ggagg in d\u00e4 Hos\u00e4?<\/strong><\/strong><\/strong><\/p>\n\n\n\n<figure class=\"wp-block-audio\"><audio controls src=\"https:\/\/walsermundart.ch\/wp-content\/uploads\/2022\/04\/049-Ggagg.mp3\"><\/audio><\/figure>\n\n\n\n<p>Was ischt das f\u00fcr \u00e4 Mod\u00e4,<br>d Hos\u00e4 fascht am Bod\u00e4,<br>as weer \u00e4n Ggagg dert driin,<br>zum Gaan is s ggw\u00fcss nid fiin.<\/p>\n\n\n\n<figure class=\"wp-block-image size-large is-resized\"><img loading=\"lazy\" decoding=\"async\" width=\"296\" height=\"351\" src=\"https:\/\/walsermundart.ch\/wp-content\/uploads\/2021\/02\/Hippie-Hose.jpg\" alt=\"\" class=\"wp-image-1014\" style=\"width:203px;height:241px\" srcset=\"https:\/\/walsermundart.ch\/wp-content\/uploads\/2021\/02\/Hippie-Hose.jpg 296w, https:\/\/walsermundart.ch\/wp-content\/uploads\/2021\/02\/Hippie-Hose-253x300.jpg 253w\" sizes=\"auto, (max-width: 296px) 100vw, 296px\" \/><\/figure>\n\n\n\n<p><strong><strong><a><strong>Zum gu\u00e4t\u00e4 Ton \u00e4s Phon<\/strong><\/a><\/strong><\/strong><\/p>\n\n\n\n<figure class=\"wp-block-audio\"><audio controls src=\"https:\/\/walsermundart.ch\/wp-content\/uploads\/2022\/04\/050-Phon.mp3\"><\/audio><\/figure>\n\n\n\n<p>Bis so an\u00e4 f\u00fcfzg hed fascht ni\u00e4m\u00e4d \u00e4s Teliffon ghan,<br>und in dr Vrn\u00f6\u00f6ti, da hed m\u00e4 schiin Aarb\u00e4d la schtaan,<br>was hed m\u00e4 au well\u00e4, ischt w\u00e4idli zun Poschtutti uus.<br>Kuum druf ischt \u00e4s Teliffon ghang\u00e4d bin alln\u00e4 im Huus.<br>Und sit \u00e4tt\u00e4 um di Zw\u00e4ituusig vrbiisst schi ganz fr\u00e4ch<br>im Handgriff van Gross\u00e4 und Chl\u00e4in\u00e4 \u00e4s Phon wi\u00e4 \u00e4n Z\u00e4chch.<\/p>\n\n\n\n<p><strong><strong><a><strong>Schn\u00fc\u00e4rlischrift<\/strong><\/a><\/strong><\/strong><\/p>\n\n\n\n<figure class=\"wp-block-audio\"><audio controls src=\"https:\/\/walsermundart.ch\/wp-content\/uploads\/2022\/04\/051-Schrift.mp3\"><\/audio><\/figure>\n\n\n\n<p>Jetz lu\u00e4g, di\u00e4 Poscht ischt diini!<br>S\u00e4id d Mamm\u00e4 zun dr T\u00f6chtr Nini.<br>Juhui, da hed s noch G\u00e4\u00e4ld drbii,<br>und au \u00e4 leng\u00e4 Bri\u00e4f f\u00fcr mii!<br>Baald hed sch den ggnau\u00e4r gglu\u00e4g\u00e4d ghan,<br>und gmerkt, das s schii s nid l\u00e4s\u00e4 chan.<br>Di Gott\u00e4 hed alls z\u00e4mm\u00e4gh\u00e4icht<br>und nid an di n\u00fc\u00fc Schual g\u00e4d\u00e4icht.<br>M\u00e4 l\u00e4\u00e4rn\u00e4d n\u00fcmm\u00e4 Schn\u00fc\u00e4rlischrift<br>und brucht au hof\u00e4li mee Schtift.<br>Alls schriibt m\u00e4 mid dr Taschtatur,<br>so d Sch\u00fc\u00e4l\u00e4r, d Chauf-frau und dr Puur.<br>V\u00e4raalt\u00e4ds mu\u00e4s m\u00e4 jetz v\u00e4rruum\u00e4,<br>zum Undrschriib\u00e4 hescht dr Tuum\u00e4.<\/p>\n\n\n\n<figure class=\"wp-block-image size-large\"><img loading=\"lazy\" decoding=\"async\" width=\"669\" height=\"1024\" src=\"https:\/\/walsermundart.ch\/wp-content\/uploads\/2021\/05\/giacometti-Brief-1925-red-669x1024.jpg\" alt=\"\" class=\"wp-image-4871\" srcset=\"https:\/\/walsermundart.ch\/wp-content\/uploads\/2021\/05\/giacometti-Brief-1925-red-669x1024.jpg 669w, https:\/\/walsermundart.ch\/wp-content\/uploads\/2021\/05\/giacometti-Brief-1925-red-196x300.jpg 196w, https:\/\/walsermundart.ch\/wp-content\/uploads\/2021\/05\/giacometti-Brief-1925-red-768x1175.jpg 768w, https:\/\/walsermundart.ch\/wp-content\/uploads\/2021\/05\/giacometti-Brief-1925-red-1004x1536.jpg 1004w, https:\/\/walsermundart.ch\/wp-content\/uploads\/2021\/05\/giacometti-Brief-1925-red.jpg 1293w\" sizes=\"auto, (max-width: 669px) 100vw, 669px\" \/><\/figure>\n\n\n\n<p>Aus: Die evangelische Talschaftskirche zu St. Peter im Schanfigg von Albert Frigg 1989, Herausgeber: der Verfasser<\/p>\n\n\n\n<figure class=\"wp-block-image size-full is-resized\"><a href=\"https:\/\/walsermundart.ch\/?page_id=156\"><img loading=\"lazy\" decoding=\"async\" width=\"268\" height=\"173\" src=\"https:\/\/walsermundart.ch\/wp-content\/uploads\/2022\/03\/Pfeil-zurueck-mini-1.jpg\" alt=\"\" class=\"wp-image-6871\" style=\"width:108px;height:70px\"\/><\/a><\/figure>\n\n\n\n<p><\/p>\n","protected":false},"excerpt":{"rendered":"<p>\u00dcns Nani hed s noch \u00e4rl\u00e4bt Uf ds H\u00fc\u00fcsli gaan bi Schturm und Schneechennt h\u00fcttigstagsch fascht ni\u00e4m\u00e4d mee.Wenn s gguggsch\u00e4d us \u00e4m waarm\u00e4 Bettuf d&hellip;<\/p>\n","protected":false},"author":1,"featured_media":0,"parent":0,"menu_order":0,"comment_status":"closed","ping_status":"closed","template":"","meta":{"footnotes":""},"class_list":["post-913","page","type-page","status-publish","hentry"],"_links":{"self":[{"href":"https:\/\/walsermundart.ch\/index.php?rest_route=\/wp\/v2\/pages\/913","targetHints":{"allow":["GET"]}}],"collection":[{"href":"https:\/\/walsermundart.ch\/index.php?rest_route=\/wp\/v2\/pages"}],"about":[{"href":"https:\/\/walsermundart.ch\/index.php?rest_route=\/wp\/v2\/types\/page"}],"author":[{"embeddable":true,"href":"https:\/\/walsermundart.ch\/index.php?rest_route=\/wp\/v2\/users\/1"}],"replies":[{"embeddable":true,"href":"https:\/\/walsermundart.ch\/index.php?rest_route=%2Fwp%2Fv2%2Fcomments&post=913"}],"version-history":[{"count":82,"href":"https:\/\/walsermundart.ch\/index.php?rest_route=\/wp\/v2\/pages\/913\/revisions"}],"predecessor-version":[{"id":8907,"href":"https:\/\/walsermundart.ch\/index.php?rest_route=\/wp\/v2\/pages\/913\/revisions\/8907"}],"wp:attachment":[{"href":"https:\/\/walsermundart.ch\/index.php?rest_route=%2Fwp%2Fv2%2Fmedia&parent=913"}],"curies":[{"name":"wp","href":"https:\/\/api.w.org\/{rel}","templated":true}]}}